{"id":150,"date":"2023-04-03T18:24:11","date_gmt":"2023-04-03T21:24:11","guid":{"rendered":"https:\/\/conslaplata.esteri.it\/servizi-consolari-e-visti\/"},"modified":"2026-02-09T09:26:14","modified_gmt":"2026-02-09T12:26:14","slug":"servizi-consolari-e-visti","status":"publish","type":"page","link":"https:\/\/conslaplata.esteri.it\/es\/servizi-consolari-e-visti\/","title":{"rendered":"Servicios consulares y de Visados"},"content":{"rendered":"<p>Bienvenidos a la secci\u00f3n dedicada a los servicios consulares.<\/p>\n<p>Para facilitar la navegaci\u00f3n, hemos dividido los servicios disponibles en dos secciones: servicios para el\u00a0<a href=\"https:\/\/conslaplata.esteri.it\/es\/servizi-consolari-e-visti\/servizi-per-il-cittadino-italiano\/\">ciudadano italiano<\/a>\u00a0y servicios para el\u00a0<a href=\"https:\/\/conslaplata.esteri.it\/es\/servizi-consolari-e-visti\/servizi-per-il-cittadino-straniero\/\"> ciudadano extranjero<\/a>.<\/p>\n<p>Cada opci\u00f3n del men\u00fa contiene informaci\u00f3n \u00fatil para solicitar servicios espec\u00edficos.<\/p>\n","protected":false},"excerpt":{"rendered":"Bienvenidos a la secci\u00f3n dedicada a los servicios consulares. Para facilitar la navegaci\u00f3n, hemos dividido los servicios disponibles en dos secciones: servicios para el\u00a0ciudadano italiano\u00a0y servicios para el\u00a0 ciudadano extranjero. Cada opci\u00f3n del men\u00fa contiene informaci\u00f3n \u00fatil para solicitar servicios espec\u00edficos.","protected":false},"author":1,"featured_media":0,"parent":0,"menu_order":6,"comment_status":"closed","ping_status":"closed","template":"","meta":{"footnotes":""},"class_list":["post-150","page","type-page","status-publish","hentry"],"_links":{"self":[{"href":"https:\/\/conslaplata.esteri.it\/es\/wp-json\/wp\/v2\/pages\/150","targetHints":{"allow":["GET"]}}],"collection":[{"href":"https:\/\/conslaplata.esteri.it\/es\/wp-json\/wp\/v2\/pages"}],"about":[{"href":"https:\/\/conslaplata.esteri.it\/es\/wp-json\/wp\/v2\/types\/page"}],"author":[{"embeddable":true,"href":"https:\/\/conslaplata.esteri.it\/es\/wp-json\/wp\/v2\/users\/1"}],"replies":[{"embeddable":true,"href":"https:\/\/conslaplata.esteri.it\/es\/wp-json\/wp\/v2\/comments?post=150"}],"version-history":[{"count":5,"href":"https:\/\/conslaplata.esteri.it\/es\/wp-json\/wp\/v2\/pages\/150\/revisions"}],"predecessor-version":[{"id":6626,"href":"https:\/\/conslaplata.esteri.it\/es\/wp-json\/wp\/v2\/pages\/150\/revisions\/6626"}],"wp:attachment":[{"href":"https:\/\/conslaplata.esteri.it\/es\/wp-json\/wp\/v2\/media?parent=150"}],"curies":[{"name":"wp","href":"https:\/\/api.w.org\/{rel}","templated":true}]}}