{"id":165,"date":"2023-04-03T19:15:16","date_gmt":"2023-04-03T22:15:16","guid":{"rendered":"https:\/\/conslaplata.esteri.it\/chi-siamo\/il-console-generale\/"},"modified":"2026-01-26T11:38:54","modified_gmt":"2026-01-26T14:38:54","slug":"il-console-generale","status":"publish","type":"page","link":"https:\/\/conslaplata.esteri.it\/es\/chi-siamo\/il-console-generale\/","title":{"rendered":"El C\u00f3nsul General"},"content":{"rendered":"<p><img loading=\"lazy\" decoding=\"async\" class=\"alignnone size-medium wp-image-6549 img-fluid\" src=\"https:\/\/conslaplata.esteri.it\/wp-content\/uploads\/2026\/01\/WhatsApp-Image-2026-01-26-at-11.05.35-225x300.jpeg\" alt=\"\" width=\"225\" height=\"300\" srcset=\"https:\/\/conslaplata.esteri.it\/wp-content\/uploads\/2026\/01\/WhatsApp-Image-2026-01-26-at-11.05.35-225x300.jpeg 225w, https:\/\/conslaplata.esteri.it\/wp-content\/uploads\/2026\/01\/WhatsApp-Image-2026-01-26-at-11.05.35-768x1024.jpeg 768w, https:\/\/conslaplata.esteri.it\/wp-content\/uploads\/2026\/01\/WhatsApp-Image-2026-01-26-at-11.05.35.jpeg 960w\" sizes=\"auto, (max-width: 225px) 100vw, 225px\" \/><\/p>\n<p>El Dr. Pierluigi Schettino se gradu\u00f3 en Derecho en 1999 y posteriormente obtuvo la habilitaci\u00f3n para ejercer como forense.<\/p>\n<p>Tras un concurso, en diciembre de 2002 ingres\u00f3 a la carrera diplom\u00e1tica, desempe\u00f1\u00e1ndose primero en la Direcci\u00f3n General para los pa\u00edses del \u00c1frica subsahariana y luego en el Servicio Jur\u00eddico para Controversias Diplom\u00e1ticas y de Tratados.<\/p>\n<p>Desde septiembre de 2004 act\u00faa como Jefe Adjunto de Misi\u00f3n en la Embajada de Italia en Tbilisi.<\/p>\n<p>En octubre de 2008 se traslada a Venezuela a la Embajada de Italia en Caracas como Primer Secretario Comercial.<\/p>\n<p>En mayo de 2010 asumi\u00f3 el cargo de Jefe Adjunto de Misi\u00f3n en la Embajada de Italia en Kiev.<\/p>\n<p>En julio de 2013 regres\u00f3 al Ministerio de Relaciones Exteriores y se desempe\u00f1\u00f3 en la Direcci\u00f3n General de Recursos e Innovaci\u00f3n. Tambi\u00e9n en julio de 2013 fue ascendido al rango de Consejero de Legaci\u00f3n.<\/p>\n<p>En 2018 fue nombrado Caballero de la Orden al M\u00e9rito de la Rep\u00fablica.<\/p>\n<p>En marzo de 2019 empez\u00f3 a trabajar en la Embajada de Italia en Mosc\u00fa como Primer Consejero Comercial. En julio de 2019 fue ascendido al rango de Consejero de Embajada.<\/p>\n<p>En octubre de 2022 regresa a Roma al Servicio de Asuntos Jur\u00eddicos, Contenciosos Diplom\u00e1ticos y Tratados.<\/p>\n<p>El 30 de agosto de 2023 asume el cargo de C\u00f3nsul General en La Plata.<\/p>\n","protected":false},"excerpt":{"rendered":"El Dr. Pierluigi Schettino se gradu\u00f3 en Derecho en 1999 y posteriormente obtuvo la habilitaci\u00f3n para ejercer como forense. Tras un concurso, en diciembre de 2002 ingres\u00f3 a la carrera diplom\u00e1tica, desempe\u00f1\u00e1ndose primero en la Direcci\u00f3n General para los pa\u00edses del \u00c1frica subsahariana y luego en el Servicio Jur\u00eddico para Controversias Diplom\u00e1ticas y de Tratados. [&hellip;]","protected":false},"author":1,"featured_media":0,"parent":149,"menu_order":0,"comment_status":"closed","ping_status":"closed","template":"","meta":{"footnotes":""},"class_list":["post-165","page","type-page","status-publish","hentry"],"_links":{"self":[{"href":"https:\/\/conslaplata.esteri.it\/es\/wp-json\/wp\/v2\/pages\/165","targetHints":{"allow":["GET"]}}],"collection":[{"href":"https:\/\/conslaplata.esteri.it\/es\/wp-json\/wp\/v2\/pages"}],"about":[{"href":"https:\/\/conslaplata.esteri.it\/es\/wp-json\/wp\/v2\/types\/page"}],"author":[{"embeddable":true,"href":"https:\/\/conslaplata.esteri.it\/es\/wp-json\/wp\/v2\/users\/1"}],"replies":[{"embeddable":true,"href":"https:\/\/conslaplata.esteri.it\/es\/wp-json\/wp\/v2\/comments?post=165"}],"version-history":[{"count":7,"href":"https:\/\/conslaplata.esteri.it\/es\/wp-json\/wp\/v2\/pages\/165\/revisions"}],"predecessor-version":[{"id":6562,"href":"https:\/\/conslaplata.esteri.it\/es\/wp-json\/wp\/v2\/pages\/165\/revisions\/6562"}],"up":[{"embeddable":true,"href":"https:\/\/conslaplata.esteri.it\/es\/wp-json\/wp\/v2\/pages\/149"}],"wp:attachment":[{"href":"https:\/\/conslaplata.esteri.it\/es\/wp-json\/wp\/v2\/media?parent=165"}],"curies":[{"name":"wp","href":"https:\/\/api.w.org\/{rel}","templated":true}]}}