{"id":167,"date":"2023-04-03T19:15:47","date_gmt":"2023-04-03T22:15:47","guid":{"rendered":"https:\/\/conslaplata.esteri.it\/chi-siamo\/gli-uffici\/"},"modified":"2025-12-29T12:47:47","modified_gmt":"2025-12-29T15:47:47","slug":"gli-uffici","status":"publish","type":"page","link":"https:\/\/conslaplata.esteri.it\/es\/chi-siamo\/gli-uffici\/","title":{"rendered":"Las oficinas"},"content":{"rendered":"<p><strong>Funcionamiento servicios consulares<\/strong><\/p>\n<p><strong><u>Podr\u00e1n ingresar al Consulado solo aquellas personas que tengan cita previa. Deber\u00e1n presentar un documento de identidad en curso de validez.\u00a0<\/u><\/strong><\/p>\n<p>A detallar:<\/p>\n<p>&#8211; los turnos para\u00a0<strong>ciudadan\u00eda<\/strong>\u00a0se solicitar\u00e1n\u00a0<strong>exclusivamente<\/strong>\u00a0a trav\u00e9s del portal\u00a0<a href=\"https:\/\/prenotami.esteri.it\/\"><strong>Prenot@mi.<\/strong><\/a><\/p>\n<p><strong>&#8211;\u00a0<\/strong>los turnos para\u00a0<strong>pasaportes<\/strong>\u00a0se solicitan\u00a0<strong>exclusivamente<\/strong>\u00a0a trav\u00e9s del portal\u00a0<a href=\"https:\/\/prenotami.esteri.it\/\"><strong>Prenot@mi<\/strong><\/a>. No es posible solicitarlos (o modificarlos) por correo electr\u00f3nico ni personalmente.<br \/>\nEn caso de no poder presentarse a la cita se solicita gentilmente escribir a la oficina de pasaportes (<strong>passaporti.laplata@esteri.it<\/strong>) o contactarse telef\u00f3nicamente al (0221) 4395517 para su cancelaci\u00f3n.<\/p>\n<p>&#8211; para los\u00a0<strong>servicios de registro civil (anagrafe) y estado civil<\/strong>\u00a0emplear exclusivamente la plataforma online\u00a0<a href=\"https:\/\/serviziconsolari.esteri.it\/ScoFE\/index.sco\"><strong>FAST IT<\/strong><\/a>. Desde el 17\/05\/21 las variaciones relativas al estado civil de los ciudadanos residentes en la consular del Consulado General de La Plata pueden realizarse a trav\u00e9s del portal FAST IT.<\/p>\n<p>S\u00f3lo los connacionales mayores de 70 a\u00f1os podr\u00e1n seguir presentando las solicitudes de inscripci\u00f3n al AIRE o de variaci\u00f3n del domicilio por correo, enviado la documentaci\u00f3n al Consulado General de Italia en La Plata \u2013 Calle 48 n. 869 \u2013 1900 La Plata. No se aceptar\u00e1 documentaci\u00f3n enviada por correo electr\u00f3nico, mientras que ser\u00e1 posible enviarla a trav\u00e9s de PEC (posta elettronica certificata). En caso de necesidad podr\u00e1n llamar al <strong>(0221) 439-5533<\/strong><\/p>\n<p>&#8211; para los\u00a0<strong>servicios de la oficina legal\/notarial\u00a0<\/strong>es necesario reservar un turno. Antes de presentarse en el Consulado deber\u00e1n comunicarse por mail a:\u00a0<strong><a href=\"mailto:legale.laplata@esteri.it\">legale.laplata@esteri.it<\/a><\/strong>\u00a0o llamando al\u00a0<strong>(0221) 4395506<\/strong><\/p>\n<p>&#8211; para el\u00a0<strong>servicio de asistencia social\u00a0<\/strong>contactarse escribiendo a:\u00a0<strong><a href=\"mailto:assistenza.laplata@esteri.it\">assistenza.laplata@esteri.it<\/a>\u00a0<\/strong>o llamar al<strong>\u00a0(0221) 4395534<\/strong><\/p>\n<p><strong>TANTO LOS CONTACTOS TELEF\u00d3NICOS COMO LOS DE CORREO ELECTR\u00d3NICO, SE ENCONTRAR\u00c1N ACTIVOS DE LUNES A VIERNES DE 08.30 A 13.30 HRS.<\/strong><\/p>\n<p>Los invitamos a seguir nuestras comunicaciones en la p\u00e1gina web y en todas nuestras redes sociales\u00a0(<a href=\"https:\/\/twitter.com\/italiaenlaplata?lang=es\"><strong>Twitter<\/strong><\/a>,<a href=\"https:\/\/www.facebook.com\/CGItaliaLaPlata\/photos\/a.367087743485744\/1299780530216456\/?type=3\"><strong>Facebook<\/strong><\/a>).<\/p>\n<p>&nbsp;<\/p>\n<p><a href=\"https:\/\/conslaplata.esteri.it\/wp-content\/uploads\/2025\/09\/1.-orari-di-ricevimento-al-pubblico-2025.pdf\" target=\"_blank\" rel=\"noopener\"><strong>Horarios de las Oficinas<\/strong><\/a><u><br \/>\n<\/u><a href=\"https:\/\/conslaplata.esteri.it\/wp-content\/uploads\/2024\/11\/2.-norme-di-accesso-v.-04.11.2024.pdf\" target=\"_blank\" rel=\"noopener\"><strong>Normas de Acceso al Consulado General<\/strong><\/a><\/p>\n<p><strong><a href=\"https:\/\/conslaplata.esteri.it\/wp-content\/uploads\/2025\/09\/03-Calendario-dei-festivi-2025-agg.-26.09.2025.pdf\" target=\"_blank\" rel=\"noopener\">Feriados 2025<\/a><\/strong><\/p>\n<p><a href=\"https:\/\/conslaplata.esteri.it\/wp-content\/uploads\/2025\/12\/03-Calendario-dei-festivi-2026.pdf\" target=\"_blank\" rel=\"noopener\"><strong>Feriados 2026<\/strong><\/a><\/p>\n<p><strong><br \/>\n<\/strong><a href=\"https:\/\/conslaplata.esteri.it\/wp-content\/uploads\/2023\/05\/04-Telefoni-emergenze-COVID-19.pdf\"><strong>Tel\u00e9fonos de Emergencia<\/strong><\/a><\/p>\n","protected":false},"excerpt":{"rendered":"Funcionamiento servicios consulares Podr\u00e1n ingresar al Consulado solo aquellas personas que tengan cita previa. Deber\u00e1n presentar un documento de identidad en curso de validez.\u00a0 A detallar: &#8211; los turnos para\u00a0ciudadan\u00eda\u00a0se solicitar\u00e1n\u00a0exclusivamente\u00a0a trav\u00e9s del portal\u00a0Prenot@mi. &#8211;\u00a0los turnos para\u00a0pasaportes\u00a0se solicitan\u00a0exclusivamente\u00a0a trav\u00e9s del portal\u00a0Prenot@mi. No es posible solicitarlos (o modificarlos) por correo electr\u00f3nico ni personalmente. En caso de [&hellip;]","protected":false},"author":1,"featured_media":0,"parent":149,"menu_order":6,"comment_status":"closed","ping_status":"closed","template":"","meta":{"footnotes":""},"class_list":["post-167","page","type-page","status-publish","hentry"],"_links":{"self":[{"href":"https:\/\/conslaplata.esteri.it\/es\/wp-json\/wp\/v2\/pages\/167","targetHints":{"allow":["GET"]}}],"collection":[{"href":"https:\/\/conslaplata.esteri.it\/es\/wp-json\/wp\/v2\/pages"}],"about":[{"href":"https:\/\/conslaplata.esteri.it\/es\/wp-json\/wp\/v2\/types\/page"}],"author":[{"embeddable":true,"href":"https:\/\/conslaplata.esteri.it\/es\/wp-json\/wp\/v2\/users\/1"}],"replies":[{"embeddable":true,"href":"https:\/\/conslaplata.esteri.it\/es\/wp-json\/wp\/v2\/comments?post=167"}],"version-history":[{"count":8,"href":"https:\/\/conslaplata.esteri.it\/es\/wp-json\/wp\/v2\/pages\/167\/revisions"}],"predecessor-version":[{"id":6304,"href":"https:\/\/conslaplata.esteri.it\/es\/wp-json\/wp\/v2\/pages\/167\/revisions\/6304"}],"up":[{"embeddable":true,"href":"https:\/\/conslaplata.esteri.it\/es\/wp-json\/wp\/v2\/pages\/149"}],"wp:attachment":[{"href":"https:\/\/conslaplata.esteri.it\/es\/wp-json\/wp\/v2\/media?parent=167"}],"curies":[{"name":"wp","href":"https:\/\/api.w.org\/{rel}","templated":true}]}}