{"id":168,"date":"2023-04-03T19:15:59","date_gmt":"2023-04-03T22:15:59","guid":{"rendered":"https:\/\/conslaplata.esteri.it\/chi-siamo\/contatti\/"},"modified":"2024-07-15T16:15:20","modified_gmt":"2024-07-15T19:15:20","slug":"contatti","status":"publish","type":"page","link":"https:\/\/conslaplata.esteri.it\/es\/chi-siamo\/contatti\/","title":{"rendered":"Contactos"},"content":{"rendered":"<p><strong>Secretar\u00eda\u00a0<\/strong><br \/>\ne-mail:\u00a0<a href=\"mailto:segreteria.laplata@esteri.it\"><strong>segreteria.laplata@esteri.it<\/strong><\/a><\/p>\n<p><strong>Oficina de Ciudadan\u00eda<\/strong><br \/>\ne-mail:\u00a0<a href=\"mailto:cittadinanza.laplata@esteri.it\"><strong>cittadinanza.laplata@esteri.it<\/strong><\/a><\/p>\n<p><strong>Oficina de Estado Civil<br \/>\n<\/strong>e-mail:\u00a0<a href=\"mailto:anagrafe.laplata@esteri.it\"><strong>anagrafe.laplata@esteri.it<\/strong><\/a><\/p>\n<p><strong>Oficina de Pasaportes<br \/>\n<\/strong>e-mail:\u00a0<a href=\"mailto:passaporti.laplata@esteri.it\"><strong>passaporti.laplata@esteri.it<\/strong><\/a><\/p>\n<p><strong>Oficina Carta de Identidad Elect\u00f3nica<\/strong><strong><br \/>\n<\/strong>e-mail<strong>: <a href=\"mailto:laplata.cie@esteri.it\">laplata.cie@esteri.it<\/a><\/strong><\/p>\n<p><strong>Oficina de Asistencia Social<br \/>\n<\/strong>e-mail:\u00a0<a href=\"mailto:assistenza.laplata@esteri.it\"><strong>assistenza.laplata@esteri.it<\/strong><\/a><\/p>\n<p><strong>Oficina Legal (Notarial, Pensiones, Estudios)<br \/>\n<\/strong>e-mail:\u00a0<a href=\"mailto:legale.laplata@esteri.it\"><strong>legale.laplata@esteri.it<\/strong><\/a><\/p>\n<p>PEC:\u00a0<a href=\"mailto:con.laplata@cert.esteri.it\"><strong>con.laplata@cert.esteri.it<\/strong><\/a><\/p>\n<p>Solo para la solicitudes de \u00abAttestati di non rinuncia\u00bb por parte de las Comunas italianas:\u00a0<a href=\"mailto:con.laplata.nonrinuncia@cert.esteri.it\"><strong>con.laplata.nonrinuncia@cert.esteri.i<\/strong>t<\/a><\/p>\n<p>&nbsp;<\/p>\n<p><strong>Se solicita gentilmente consultar atentamente las diferentes secciones del sitio web\u00a0antes de enviar correos electr\u00f3nicos\u00a0solicitando informaci\u00f3n. El Consulado General RESPONDER\u00c1 UNICAMENTE\u00a0los mensajes de correo electr\u00f3nico referidos a cuestiones que NO SE ENCUENTREN EN EL SITIO.<\/strong><\/p>\n<p>Se encuentra activo el <strong>n\u00famero de tel\u00e9fono (0221) 439 5510 para solicitar informaci\u00f3n<\/strong> relativa a los servicios de pasaportes, ciudadan\u00eda, estado civil, registro civil, Fast-it. Este medio de contacto, se encuentra activo de lunes a viernes, de 8:30 a 13:30 hrs.<\/p>\n<p>Se recuerda que se brindar\u00e1 informaci\u00f3n <u>exclusivamente<\/u>\u00a0a los usuarios residentes en la\u00a0<strong>Circunscripci\u00f3n consular de La Plata<\/strong>.<\/p>\n<p>Invitamos a todos los usuarios a leer atentamente la informaci\u00f3n presente en el sitio web del <a href=\"https:\/\/conslaplata.esteri.it\/\">Consulado General de Italia en La Plata<\/a><strong>\u00a0<\/strong>y a contactar el servicio de asistencia telef\u00f3nica\u00a0<strong>s\u00f3lo en caso de efectiva necesidad<\/strong>, a fin de evitar tiempos de espera excesivamente prolongados.<\/p>\n","protected":false},"excerpt":{"rendered":"Secretar\u00eda\u00a0 e-mail:\u00a0segreteria.laplata@esteri.it Oficina de Ciudadan\u00eda e-mail:\u00a0cittadinanza.laplata@esteri.it Oficina de Estado Civil e-mail:\u00a0anagrafe.laplata@esteri.it Oficina de Pasaportes e-mail:\u00a0passaporti.laplata@esteri.it Oficina Carta de Identidad Elect\u00f3nica e-mail: laplata.cie@esteri.it Oficina de Asistencia Social e-mail:\u00a0assistenza.laplata@esteri.it Oficina Legal (Notarial, Pensiones, Estudios) e-mail:\u00a0legale.laplata@esteri.it PEC:\u00a0con.laplata@cert.esteri.it Solo para la solicitudes de \u00abAttestati di non rinuncia\u00bb por parte de las Comunas italianas:\u00a0con.laplata.nonrinuncia@cert.esteri.it &nbsp; Se solicita gentilmente consultar atentamente [&hellip;]","protected":false},"author":1,"featured_media":0,"parent":149,"menu_order":8,"comment_status":"closed","ping_status":"closed","template":"","meta":{"footnotes":""},"class_list":["post-168","page","type-page","status-publish","hentry"],"_links":{"self":[{"href":"https:\/\/conslaplata.esteri.it\/es\/wp-json\/wp\/v2\/pages\/168","targetHints":{"allow":["GET"]}}],"collection":[{"href":"https:\/\/conslaplata.esteri.it\/es\/wp-json\/wp\/v2\/pages"}],"about":[{"href":"https:\/\/conslaplata.esteri.it\/es\/wp-json\/wp\/v2\/types\/page"}],"author":[{"embeddable":true,"href":"https:\/\/conslaplata.esteri.it\/es\/wp-json\/wp\/v2\/users\/1"}],"replies":[{"embeddable":true,"href":"https:\/\/conslaplata.esteri.it\/es\/wp-json\/wp\/v2\/comments?post=168"}],"version-history":[{"count":6,"href":"https:\/\/conslaplata.esteri.it\/es\/wp-json\/wp\/v2\/pages\/168\/revisions"}],"predecessor-version":[{"id":3866,"href":"https:\/\/conslaplata.esteri.it\/es\/wp-json\/wp\/v2\/pages\/168\/revisions\/3866"}],"up":[{"embeddable":true,"href":"https:\/\/conslaplata.esteri.it\/es\/wp-json\/wp\/v2\/pages\/149"}],"wp:attachment":[{"href":"https:\/\/conslaplata.esteri.it\/es\/wp-json\/wp\/v2\/media?parent=168"}],"curies":[{"name":"wp","href":"https:\/\/api.w.org\/{rel}","templated":true}]}}