{"id":169,"date":"2023-04-03T19:16:15","date_gmt":"2023-04-03T22:16:15","guid":{"rendered":"https:\/\/conslaplata.esteri.it\/chi-siamo\/numeri-di-emergenza\/"},"modified":"2023-05-18T14:40:51","modified_gmt":"2023-05-18T17:40:51","slug":"numeri-di-emergenza","status":"publish","type":"page","link":"https:\/\/conslaplata.esteri.it\/es\/chi-siamo\/numeri-di-emergenza\/","title":{"rendered":"N\u00fameros de emergencia"},"content":{"rendered":"<p><strong>CONTACTOS DE EMERGENCIA &#8211; SERVICIOS CONSULARES<\/strong><\/p>\n<p><strong>Celular de emergencia (0221) 586 2653 activo exclusivamente<\/strong>\u00a0para CIUDADANOS ITALIANOS Y SOLO PARA SITUACIONES DE COMPROBADA EMERGENCIA: las llamadas por solicitudes consulares normales (pasaportes, visas, etc.) NO ser\u00e1n tomadas en consideraci\u00f3n.<\/p>\n<p>&nbsp;<\/p>\n<p><span style=\"text-decoration: underline;\"><strong>ATENCI\u00d3N<\/strong><\/span><\/p>\n<p>En caso de accidente grave, situaciones de riesgo inmediato para la salud o de peligro para la integridad personal, en las cuales se requiera ayuda urgente de las autoridades sanitarias locales, de polic\u00eda o bomberos, se aconseja llamar directamente a los siguientes <a href=\"https:\/\/conslaplata.esteri.it\/wp-content\/uploads\/2023\/05\/04-Telefoni-emergenze-COVID-19.pdf\">Tel\u00e9fonos de emergencia<\/a><\/p>\n","protected":false},"excerpt":{"rendered":"CONTACTOS DE EMERGENCIA &#8211; SERVICIOS CONSULARES Celular de emergencia (0221) 586 2653 activo exclusivamente\u00a0para CIUDADANOS ITALIANOS Y SOLO PARA SITUACIONES DE COMPROBADA EMERGENCIA: las llamadas por solicitudes consulares normales (pasaportes, visas, etc.) NO ser\u00e1n tomadas en consideraci\u00f3n. &nbsp; ATENCI\u00d3N En caso de accidente grave, situaciones de riesgo inmediato para la salud o de peligro para [&hellip;]","protected":false},"author":1,"featured_media":0,"parent":149,"menu_order":10,"comment_status":"closed","ping_status":"closed","template":"","meta":{"footnotes":""},"class_list":["post-169","page","type-page","status-publish","hentry"],"_links":{"self":[{"href":"https:\/\/conslaplata.esteri.it\/es\/wp-json\/wp\/v2\/pages\/169","targetHints":{"allow":["GET"]}}],"collection":[{"href":"https:\/\/conslaplata.esteri.it\/es\/wp-json\/wp\/v2\/pages"}],"about":[{"href":"https:\/\/conslaplata.esteri.it\/es\/wp-json\/wp\/v2\/types\/page"}],"author":[{"embeddable":true,"href":"https:\/\/conslaplata.esteri.it\/es\/wp-json\/wp\/v2\/users\/1"}],"replies":[{"embeddable":true,"href":"https:\/\/conslaplata.esteri.it\/es\/wp-json\/wp\/v2\/comments?post=169"}],"version-history":[{"count":4,"href":"https:\/\/conslaplata.esteri.it\/es\/wp-json\/wp\/v2\/pages\/169\/revisions"}],"predecessor-version":[{"id":690,"href":"https:\/\/conslaplata.esteri.it\/es\/wp-json\/wp\/v2\/pages\/169\/revisions\/690"}],"up":[{"embeddable":true,"href":"https:\/\/conslaplata.esteri.it\/es\/wp-json\/wp\/v2\/pages\/149"}],"wp:attachment":[{"href":"https:\/\/conslaplata.esteri.it\/es\/wp-json\/wp\/v2\/media?parent=169"}],"curies":[{"name":"wp","href":"https:\/\/api.w.org\/{rel}","templated":true}]}}