{"id":170,"date":"2023-04-03T19:16:29","date_gmt":"2023-04-03T22:16:29","guid":{"rendered":"https:\/\/conslaplata.esteri.it\/chi-siamo\/la-rete-consolare\/"},"modified":"2023-06-20T15:56:47","modified_gmt":"2023-06-20T18:56:47","slug":"la-rete-consolare","status":"publish","type":"page","link":"https:\/\/conslaplata.esteri.it\/es\/chi-siamo\/la-rete-consolare\/","title":{"rendered":"La Red Consular"},"content":{"rendered":"<p><strong>La circunscripci\u00f3n del Consulado General de Italia en La Plata est\u00e1 formada por los siguientes 59 partidos de la Provincia de Buenos Aires:<\/strong>\u00a025 de Mayo, Alberti, Azul, Berazategui, Berisso, Bol\u00edvar, Bragado, Brandsen, Ca\u00f1uelas, Carlos Casares, Carlos Tejedor, Castelli, Chacabuco, Chascom\u00fas, Chivilcoy, Dolores, Ensenada, Florencio Varela, Florentino Ameghino, General Alvear, General Arenales, General Belgrano, General Guido, General La Madrid, General Las Heras, General Lavalle, General Paz, General Pinto, General Viamonte, General Villegas, Hip\u00f3lito Yrigoyen, Jun\u00edn, La Plata, Laprida, Las Flores, Leandro N. Alem, Lincoln, Lezama, Lobos, Magdalena, Mercedes, Monte, Navarro, Nueve de Julio, Olavarr\u00eda, Pehuaj\u00f3, Pellegrini, Pila, Punta Indio, Quilmes, Rivadavia, Roque P\u00e9rez, Saladillo, Salliquel\u00f3, Suipacha, Tapalqu\u00e9, Tordillo, Trenque Lauquen, Tres Lomas.<\/p>\n","protected":false},"excerpt":{"rendered":"La circunscripci\u00f3n del Consulado General de Italia en La Plata est\u00e1 formada por los siguientes 59 partidos de la Provincia de Buenos Aires:\u00a025 de Mayo, Alberti, Azul, Berazategui, Berisso, Bol\u00edvar, Bragado, Brandsen, Ca\u00f1uelas, Carlos Casares, Carlos Tejedor, Castelli, Chacabuco, Chascom\u00fas, Chivilcoy, Dolores, Ensenada, Florencio Varela, Florentino Ameghino, General Alvear, General Arenales, General Belgrano, General Guido, [&hellip;]","protected":false},"author":1,"featured_media":0,"parent":149,"menu_order":12,"comment_status":"closed","ping_status":"closed","template":"","meta":{"footnotes":""},"class_list":["post-170","page","type-page","status-publish","hentry"],"_links":{"self":[{"href":"https:\/\/conslaplata.esteri.it\/es\/wp-json\/wp\/v2\/pages\/170","targetHints":{"allow":["GET"]}}],"collection":[{"href":"https:\/\/conslaplata.esteri.it\/es\/wp-json\/wp\/v2\/pages"}],"about":[{"href":"https:\/\/conslaplata.esteri.it\/es\/wp-json\/wp\/v2\/types\/page"}],"author":[{"embeddable":true,"href":"https:\/\/conslaplata.esteri.it\/es\/wp-json\/wp\/v2\/users\/1"}],"replies":[{"embeddable":true,"href":"https:\/\/conslaplata.esteri.it\/es\/wp-json\/wp\/v2\/comments?post=170"}],"version-history":[{"count":3,"href":"https:\/\/conslaplata.esteri.it\/es\/wp-json\/wp\/v2\/pages\/170\/revisions"}],"predecessor-version":[{"id":1138,"href":"https:\/\/conslaplata.esteri.it\/es\/wp-json\/wp\/v2\/pages\/170\/revisions\/1138"}],"up":[{"embeddable":true,"href":"https:\/\/conslaplata.esteri.it\/es\/wp-json\/wp\/v2\/pages\/149"}],"wp:attachment":[{"href":"https:\/\/conslaplata.esteri.it\/es\/wp-json\/wp\/v2\/media?parent=170"}],"curies":[{"name":"wp","href":"https:\/\/api.w.org\/{rel}","templated":true}]}}