{"id":217,"date":"2023-04-03T19:27:59","date_gmt":"2023-04-03T22:27:59","guid":{"rendered":"https:\/\/conslaplata.esteri.it\/servizi-consolari-e-visti\/servizi-per-il-cittadino-italiano\/passaporti-e-carte-didentita\/"},"modified":"2026-03-31T12:30:51","modified_gmt":"2026-03-31T15:30:51","slug":"passaporti-e-carte-didentita","status":"publish","type":"page","link":"https:\/\/conslaplata.esteri.it\/es\/servizi-consolari-e-visti\/servizi-per-il-cittadino-italiano\/passaporti-e-carte-didentita\/","title":{"rendered":"Pasaportes"},"content":{"rendered":"<p>El Consulado atiende <strong>SOLO<\/strong> con cita previa. <strong>El turno es <span style=\"text-decoration: underline;\">PRESENCIAL<\/span> e intransferible.<\/strong><\/p>\n<p>Para la emisi\u00f3n del pasaporte\u00a0<strong>es necesario solicitar un turno<\/strong>\u00a0a trav\u00e9s de <a href=\"https:\/\/prenotami.esteri.it\/\"><strong>Prenot@mi<\/strong><\/a>. Al realizar la solicitud, ser\u00e1 necesario adjuntar copia del \u00faltimo DNI vigente.<\/p>\n<p><strong>EL TURNO ES PERSONAL Y NO TRANSFERIBLE. NO EST\u00c1 PERMITIDO RESERVAR A TRAVES DE UNA CONEXI\u00d3N CON VPN<\/strong>.<\/p>\n<p><strong>No es posible solicitar un turno (o modificarlo) a trav\u00e9s de correo electr\u00f3nico ni personalmente.<\/strong><\/p>\n<p><strong>En caso de comprobada urgencia por motivos de salud, trabajo o estudio, es posible solicitar la asignaci\u00f3n de un turno urgente enviando un e-mail con la documentaci\u00f3n que compruebe la urgencia en adjunto a <a href=\"mailto:Passaporti.laplata@esteri.it\">passaporti.laplata@esteri.it<\/a><\/strong><\/p>\n<p>Para solicitar la emisi\u00f3n del pasaporte en este Consulado General es indispensable:<\/p>\n<ul>\n<li><strong>ser ciudadano italiano,<\/strong><\/li>\n<li><strong>residir en la\u00a0<\/strong><a href=\"https:\/\/conslaplata.esteri.it\/es\/chi-siamo\/la-rete-consolare\/\"><strong>circunscripci\u00f3n<\/strong><\/a><strong>\u00a0del Consulado General,<\/strong><\/li>\n<li><strong>estar regularmente inscripto en el <\/strong><strong>Anagrafe degli Italiani Residenti all\u2019Estero (<\/strong><a href=\"https:\/\/serviziconsolari.esteri.it\/ScoFE\/services\/category-info.sco?categoryId=3&amp;cid=1026230\"><strong>AIRE<\/strong><\/a><strong>)<\/strong><\/li>\n<li><strong>tener <a href=\"https:\/\/serviziconsolari.esteri.it\/ScoFE\/services\/service-info.sco?serviceId=93\">actualizados<\/a> los propios datos personales <\/strong>(estado civil, presencia de hijos menores, domicilio actualizado, etc.).<\/li>\n<\/ul>\n<p><strong>Para los ciudadanos no residentes en la circunscripci\u00f3n de este Consulado General es posible igualmente, en caso de necesidad, solicitar un turno para presentar la solicitud del pasaporte, enviando una comunicaci\u00f3n por e-mail a: <a href=\"mailto:Passaporti.laplata@esteri.it\">passaporti.laplata@esteri.it<\/a>\u00a0<\/strong><\/p>\n<p><strong><u>Informaci\u00f3n importante<\/u><\/strong><\/p>\n<ul>\n<li>Si informa a los ciudadanos italianos, <strong>progenitores de hijos menores<\/strong>, que a partir del 14 junio 2023 <strong>NO<\/strong> ser\u00e1 necesario presentar <strong>el acta de consentimiento del otro progenitor<\/strong> para solicitar la emisi\u00f3n <strong><span style=\"text-decoration: underline;\">del <\/span><u>propio<\/u><\/strong>\u00a0pasaporte, tal como expresa el art. 20 del D.L. 69\/2023.<\/li>\n<li>A fin de la emisi\u00f3n del pasaporte para <strong>menores<\/strong>, <strong>permanece la obligaci\u00f3n del consentimiento firmado de ambos progenitores<\/strong> o de qui\u00e9n ejerza la patria potestad.<\/li>\n<li><strong><strong>Es indispensable la presencia de los solicitantes, a\u00fan en el caso de los menores.<\/strong><\/strong><\/li>\n<\/ul>\n<p><span style=\"text-decoration: underline;\"><strong>PAGO<br \/>\n<\/strong><\/span><\/p>\n<p><strong>El pago<\/strong> para la emisi\u00f3n o renovaci\u00f3n del pasaporte debe ser realizado a trav\u00e9s de una <strong>trasferencia bancaria.<\/strong><br \/>\nAntes de la fecha del turno, la oficina de pasaportes realizar\u00e1 un control de los datos personales que figuran en la solicitud del turno y en el registro consular<\/p>\n<p>Si, en la fase de control, se verificaran discrepancias (por ejemplo, la necesidad de regularizar la direcci\u00f3n de residencia o el estado civil), el connacional ser\u00e1 invitado a ordenar la situaci\u00f3n antes del turno.<\/p>\n<p>Si del examen de la solicitud no surgiesen inconvenientes, el connacional recibir\u00e1 <span style=\"text-decoration: underline;\">por mail entre los 3 y 5 d\u00edas antes de la fecha del turno<\/span> una comunicaci\u00f3n con la confirmaci\u00f3n del turno (para la fecha solicitada) con el <span style=\"text-decoration: underline;\">instructivo para abonar la tarifa consular para la expedici\u00f3n del pasaporte. El pago deber\u00e1 realizarse a trav\u00e9s de una transferencia bancaria <strong>dentro de las 18:00 hs. del d\u00eda h\u00e1bil anterior la fecha del turno.<\/strong><\/span><\/p>\n<p>&nbsp;<\/p>\n<p><span style=\"text-decoration: underline;\"><strong>CONNACIONALES RESIDENTES EN EL INTERIOR DE LA CIRCUNSCRIPCI\u00d3N<\/strong><\/span><\/p>\n<p>A partir del 1 de junio de 2024, los connacionales residentes a una distancia <strong>igual o superior a los 150 km de La Plata<\/strong> recibir\u00e1n el pasaporte el mismo d\u00eda de la presentaci\u00f3n de la solicitud, sin pagar\u00a0los derechos de urgencia.<\/p>\n<p><span style=\"text-decoration: underline;\"><strong><br \/>\nP\u00e9rdida o robo del pasaporte<\/strong><\/span><\/p>\n<p><strong>Es indispensable enviar dentro de los 60 d\u00edas la denuncia de robo o p\u00e9rdida <\/strong>presentada ante las autoridades competentes al mail: <a href=\"mailto:Passaporti.laplata@esteri.it\">passaporti.laplata@esteri.it<\/a>, aunque no se solicite un pasaporte nuevo.<\/p>\n<p><strong><u><br \/>\nValidez del pasaporte<\/u><\/strong><\/p>\n<ul>\n<li>de 0 hasta 3 a\u00f1os de edad: <strong>3 a\u00f1os<\/strong><\/li>\n<li>de 3 hasta 18 a\u00f1os de edad: <strong>5 a\u00f1os<\/strong><\/li>\n<li>a partir de 18 a\u00f1os de edad: <strong>10 a\u00f1os<\/strong><\/li>\n<\/ul>\n<p><strong><u>Para m\u00e1s informaci\u00f3n consultar<\/u><\/strong><span style=\"text-decoration: underline;\"><strong>:<\/strong><\/span><\/p>\n<p><a href=\"https:\/\/conslaplata.esteri.it\/es\/servizi-consolari-e-visti\/servizi-per-il-cittadino-italiano\/passaporti-e-carte-didentita\/pasaportes-para-mayores\/\"><strong>PASAPORTE PARA MAYORES DE EDAD<\/strong><\/a><br \/>\n<a href=\"https:\/\/conslaplata.esteri.it\/es\/servizi-consolari-e-visti\/servizi-per-il-cittadino-italiano\/passaporti-e-carte-didentita\/pasaportes-para-menores\/\"><strong>PASAPORTE PARA MENORES DE EDAD<\/strong><\/a><\/p>\n<p>&nbsp;<\/p>\n<p><span style=\"text-decoration: underline;\"><strong>TARIFAS CONSULARES\u00a0<\/strong><\/span><\/p>\n<p>El pago debe realizarse en pesos argentinos, por el monto vigente en la fecha del turno de entrega, que se puede consultar en la p\u00e1gina web de este Consulado General, en el siguiente enlace: <a href=\"https:\/\/conslaplata.esteri.it\/wp-content\/uploads\/2026\/03\/Nuova-tabella-PERCEZIONI-II-Trim-2026.pdf\" target=\"_blank\" rel=\"noopener\"><strong>Tarifas Consulares<\/strong><\/a><\/p>\n<p>A solicitud por parte del interesado y solamente en casos de urgencia probada y justificada y previo pago de los correspondientes<strong> \u201cderechos de urgencia\u201d <\/strong>\u00a0previstos por la actual normativa consular, se podr\u00e1 considerar la entrega del pasaporte dentro de las 24 horas.<\/p>\n","protected":false},"excerpt":{"rendered":"El Consulado atiende SOLO con cita previa. El turno es PRESENCIAL e intransferible. Para la emisi\u00f3n del pasaporte\u00a0es necesario solicitar un turno\u00a0a trav\u00e9s de Prenot@mi. Al realizar la solicitud, ser\u00e1 necesario adjuntar copia del \u00faltimo DNI vigente. EL TURNO ES PERSONAL Y NO TRANSFERIBLE. NO EST\u00c1 PERMITIDO RESERVAR A TRAVES DE UNA CONEXI\u00d3N CON VPN. [&hellip;]","protected":false},"author":1,"featured_media":0,"parent":216,"menu_order":3,"comment_status":"closed","ping_status":"closed","template":"","meta":{"footnotes":""},"class_list":["post-217","page","type-page","status-publish","hentry"],"_links":{"self":[{"href":"https:\/\/conslaplata.esteri.it\/es\/wp-json\/wp\/v2\/pages\/217","targetHints":{"allow":["GET"]}}],"collection":[{"href":"https:\/\/conslaplata.esteri.it\/es\/wp-json\/wp\/v2\/pages"}],"about":[{"href":"https:\/\/conslaplata.esteri.it\/es\/wp-json\/wp\/v2\/types\/page"}],"author":[{"embeddable":true,"href":"https:\/\/conslaplata.esteri.it\/es\/wp-json\/wp\/v2\/users\/1"}],"replies":[{"embeddable":true,"href":"https:\/\/conslaplata.esteri.it\/es\/wp-json\/wp\/v2\/comments?post=217"}],"version-history":[{"count":9,"href":"https:\/\/conslaplata.esteri.it\/es\/wp-json\/wp\/v2\/pages\/217\/revisions"}],"predecessor-version":[{"id":6859,"href":"https:\/\/conslaplata.esteri.it\/es\/wp-json\/wp\/v2\/pages\/217\/revisions\/6859"}],"up":[{"embeddable":true,"href":"https:\/\/conslaplata.esteri.it\/es\/wp-json\/wp\/v2\/pages\/216"}],"wp:attachment":[{"href":"https:\/\/conslaplata.esteri.it\/es\/wp-json\/wp\/v2\/media?parent=217"}],"curies":[{"name":"wp","href":"https:\/\/api.w.org\/{rel}","templated":true}]}}