{"id":223,"date":"2023-04-03T19:28:49","date_gmt":"2023-04-03T22:28:49","guid":{"rendered":"https:\/\/conslaplata.esteri.it\/servizi-consolari-e-visti\/servizi-per-il-cittadino-italiano\/anagrafe-degli-italiani-residenti-allestero-aire\/"},"modified":"2025-12-29T11:04:28","modified_gmt":"2025-12-29T14:04:28","slug":"anagrafe-degli-italiani-residenti-allestero-aire","status":"publish","type":"page","link":"https:\/\/conslaplata.esteri.it\/es\/servizi-consolari-e-visti\/servizi-per-il-cittadino-italiano\/anagrafe-degli-italiani-residenti-allestero-aire\/","title":{"rendered":"Registro de italianos residentes en el extranjero (AIRE)"},"content":{"rendered":"<p>La ley 470 del 1988 establece que\u00a0<strong>todos los ciudadanos italianos que fijaron su residencia permanente en el exterior deben inscribirse en el \u201cAnagrafe degli Italiani all\u2019Estero\u201d (AIRE)\u00a0y\u00a0comunicar oportunamente cada variaci\u00f3n de los propios datos personales y de estado civil\u00a0<\/strong>(cambio de residencia, variaciones de la composici\u00f3n del grupo familiar, matrimonio, nacimientos, divorcio, etc.).<\/p>\n<p><strong>Se trata de obligaciones, que no solo derivan de normas de ley, sino que, adem\u00e1s, constituyen la base indispensable para poder utilizar los servicios consulares<\/strong>\u00a0(por ej. solicitar el pasaporte, ejercer el derecho a votar, etc.) y permiten a las Comunas italianas, a trav\u00e9s de las Representaciones diplom\u00e1tico-consulares, mantener actualizados los registros de cada ciudadano.<\/p>\n<p><strong>\u00a0<\/strong><strong>La inscripci\u00f3n en el AIRE es obligatoria para<\/strong>:<\/p>\n<ul>\n<li>los ciudadanos italianos que fijaron su residencia permanente fuera de Italia;<\/li>\n<li>las personas nacidas en el exterior que poseen la ciudadan\u00eda italiana por nacimiento;<\/li>\n<li>las personas que han adquirido la ciudadan\u00eda italiana en el exterior (por matrimonio, naturalizaci\u00f3n, etc.).<\/li>\n<\/ul>\n<p><strong>A partir del 01\/01\/2020<\/strong>, todos los usuarios que residan en la jurisdicci\u00f3n consular de La Plata que quieran inscribirse al AIRE y\/o comunicar el cambio de domicilio,\u00a0<strong>podr\u00e1n hacerlo exclusivamente a trav\u00e9s del portal Fast It\u00a0(Servizi Consolari Online)<\/strong>, luego de haberse registrado en el sistema (<a href=\"https:\/\/serviziconsolari.esteri.it\/ScoFE\/index.sco\"><strong>https:\/\/serviziconsolarionline.esteri.it<\/strong><\/a>). Por lo tanto, a partir del 01\/01\/2020 no se aceptar\u00e1n m\u00e1s solicitudes de inscripci\u00f3n al AIRE ni cambios de domicilio por e-mail, por carta o personalmente. Solo los ciudadanos mayores de 70 a\u00f1os podr\u00e1n presentar la solicitud por carta a la direcci\u00f3n del Consulado General de Italia en La Plata: Calle 48 n. 869 \u2013 1900 La Plata.<\/p>\n<p>Para registrarse en el portal Fast It puede seguir las siguientes instrucciones\u00a0<a href=\"https:\/\/conslaplata.esteri.it\/wp-content\/uploads\/2023\/09\/MANUALE-FAST-IT.pdf\"><strong>cliquear aqu\u00ed<\/strong><\/a><\/p>\n<p>&nbsp;<\/p>\n<h3><strong>Qu\u00e9 sucede si un ciudadano no se registra en el A.I.R.E.<\/strong><\/h3>\n<p><strong>La inscripci\u00f3n en el A.I.R.E. se realiza con la declaraci\u00f3n que el interesado debe presentar ante la oficina consular<\/strong> competente por jurisdicci\u00f3n dentro de los <strong>90 d\u00edas siguientes al traslado de residencia, <\/strong>esto implica la cancelaci\u00f3n simult\u00e1nea del Registro de Poblaci\u00f3n Residente (A.P.R.) del Municipio italiano de origen.<\/p>\n<p><strong>Para los connacionales que siempre han residido fuera de Italia y<\/strong> que se han convertido en ciudadanos italianos tras los procedimientos de reconstrucci\u00f3n de la ciudadan\u00eda realizados en el Consulado General,<strong> no es necesario realizar ninguna declaraci\u00f3n, <\/strong>dado que el registro en el A.I.R.E. ya ha sido solicitado por el Consulado al Municipio.<\/p>\n<p><strong>Deber\u00e1n registrarse todos los connacionales que se han convertido en ciudadanos italianos tras procedimientos de reconstrucci\u00f3n de la ciudadan\u00eda realizados en Italia y que han decidido residir fuera de Italia (en Argentina, por ejemplo).<\/strong><\/p>\n<p>Cualquier ciudadano que, teniendo obligaciones de registro, contravenga las disposiciones de la Ley n. 1228 del 24 de diciembre de 1954, de la Ley n. 470 del 27 de octubre de 1988, y de los reglamentos de ejecuci\u00f3n de dichas leyes, estar\u00e1 sujeto a sanciones pecuniarias administrativas, seg\u00fan lo establecido por la Ley n. 213 del 30 de diciembre de 2023.\u00a0<strong>La autoridad competente para la constataci\u00f3n y aplicaci\u00f3n de la sanci\u00f3n es el Municipio en cuyo registro est\u00e1 inscrito el transgresor<\/strong>.<\/p>\n<p>El procedimiento de constataci\u00f3n y sanci\u00f3n a cargo de los municipios est\u00e1 regulado por la Ley n. 689 del 24 de noviembre de 1981, cuyo art\u00edculo 1 establece que \u00abNadie puede estar sujeto a sanciones administrativas sino es en virtud de una ley que haya entrado en vigor antes de la comisi\u00f3n de la infracci\u00f3n\u00bb.<\/p>\n","protected":false},"excerpt":{"rendered":"La ley 470 del 1988 establece que\u00a0todos los ciudadanos italianos que fijaron su residencia permanente en el exterior deben inscribirse en el \u201cAnagrafe degli Italiani all\u2019Estero\u201d (AIRE)\u00a0y\u00a0comunicar oportunamente cada variaci\u00f3n de los propios datos personales y de estado civil\u00a0(cambio de residencia, variaciones de la composici\u00f3n del grupo familiar, matrimonio, nacimientos, divorcio, etc.). Se trata de [&hellip;]","protected":false},"author":1,"featured_media":0,"parent":216,"menu_order":1,"comment_status":"closed","ping_status":"closed","template":"","meta":{"footnotes":""},"class_list":["post-223","page","type-page","status-publish","hentry"],"_links":{"self":[{"href":"https:\/\/conslaplata.esteri.it\/es\/wp-json\/wp\/v2\/pages\/223","targetHints":{"allow":["GET"]}}],"collection":[{"href":"https:\/\/conslaplata.esteri.it\/es\/wp-json\/wp\/v2\/pages"}],"about":[{"href":"https:\/\/conslaplata.esteri.it\/es\/wp-json\/wp\/v2\/types\/page"}],"author":[{"embeddable":true,"href":"https:\/\/conslaplata.esteri.it\/es\/wp-json\/wp\/v2\/users\/1"}],"replies":[{"embeddable":true,"href":"https:\/\/conslaplata.esteri.it\/es\/wp-json\/wp\/v2\/comments?post=223"}],"version-history":[{"count":7,"href":"https:\/\/conslaplata.esteri.it\/es\/wp-json\/wp\/v2\/pages\/223\/revisions"}],"predecessor-version":[{"id":6216,"href":"https:\/\/conslaplata.esteri.it\/es\/wp-json\/wp\/v2\/pages\/223\/revisions\/6216"}],"up":[{"embeddable":true,"href":"https:\/\/conslaplata.esteri.it\/es\/wp-json\/wp\/v2\/pages\/216"}],"wp:attachment":[{"href":"https:\/\/conslaplata.esteri.it\/es\/wp-json\/wp\/v2\/media?parent=223"}],"curies":[{"name":"wp","href":"https:\/\/api.w.org\/{rel}","templated":true}]}}