{"id":225,"date":"2023-04-03T19:29:13","date_gmt":"2023-04-03T22:29:13","guid":{"rendered":"https:\/\/conslaplata.esteri.it\/servizi-consolari-e-visti\/servizi-per-il-cittadino-italiano\/assistenza-ai-cittadini-allestero\/"},"modified":"2023-09-12T11:57:31","modified_gmt":"2023-09-12T14:57:31","slug":"assistenza-ai-cittadini-allestero","status":"publish","type":"page","link":"https:\/\/conslaplata.esteri.it\/es\/servizi-consolari-e-visti\/servizi-per-il-cittadino-italiano\/assistenza-ai-cittadini-allestero\/","title":{"rendered":"Asistencia a ciudadanos en el extranjero"},"content":{"rendered":"<p>Para comunicarse con la<strong>\u00a0Oficina de Asistencia Social<\/strong>\u00a0se ruega enviar un mail a:\u00a0<strong><a href=\"mailto:assistenza.laplata@esteri.it\">assistenza.laplata@esteri.it<\/a><\/strong><\/p>\n<p><strong>El Consulado<\/strong>\u00a0puede otorgar a los ciudadanos italianos en situaci\u00f3n de extrema necesidad\u00a0<strong>subsidios monetarios. El Consulado no otorga pensiones<\/strong>.<br \/>\nPara la concesi\u00f3n de dichos beneficios son consideradas categor\u00edas prioritarias los emigrados nacidos en Italia mayores de 70 a\u00f1os de edad o los inh\u00e1biles al trabajo. Un equipo de profesionales del \u00e1rea m\u00e9dica y social eval\u00faa la condiciones personales y familiares de cada solicitante. Las\u00a0<a href=\"https:\/\/conslaplata.esteri.it\/wp-content\/uploads\/2023\/05\/richiesta_assistenza.pdf\"><strong>declaraciones juradas<\/strong><\/a>\u00a0de los ciudadanos y los documentos presentados son asimismo verificados mediante controles cruzados. En el caso de declaraciones falsas, el Consulado procede a revocar los beneficios eventualmente concedidos y a denunciar a los responsables ante la Autoridad Judicial.<\/p>\n<p>Para ingresar en la categor\u00eda beneficiaria de asistencia es necesario:<\/p>\n<ul>\n<li>poseer la ciudadan\u00eda italiana;<\/li>\n<li>encontrase en verificado estado de indigencia;<\/li>\n<li>ser residente en la circunscripci\u00f3n consular de este Consulado General;<\/li>\n<li>estar inscripto en el A.I.R.E. y tener toda la documentaci\u00f3n actualizada<\/li>\n<\/ul>\n<p>Para iniciar el tr\u00e1mite de asistencia social, el solicitante debe firmar una\u00a0<a href=\"https:\/\/conslaplata.esteri.it\/wp-content\/uploads\/2023\/05\/richiesta_assistenza.pdf\"><strong>declaraci\u00f3n jurada<\/strong><\/a>\u00a0y presentar la siguiente\u00a0<strong>documentaci\u00f3n<\/strong>:<\/p>\n<ul>\n<li>D.N.I. actualizado;<\/li>\n<li>\u00faltimo pasaporte;<\/li>\n<li>fotocopia de las 3 \u00faltimas boletas de luz;<\/li>\n<li>fotocopia de las 3 \u00faltimas boletas de gas;<\/li>\n<li>fotocopia de las 3 \u00faltimas boletas de tel\u00e9fono fijo y\/o celular;<\/li>\n<li>fotocopia de los 3 \u00faltimos recibos de jubilaci\u00f3n, pensi\u00f3n (local y\/o italiana), recibos de sueldo del solicitante y de todos los familiares convivientes o, en el caso de no tener ning\u00fan ingreso, el certificado negativo del ANSES;<\/li>\n<li>historia cl\u00ednica;<\/li>\n<li>fotocopias de los recibos de otros gastos (alquiler, medicamentos, etc.)<\/li>\n<\/ul>\n<p>En el caso que el solicitante no pueda presentarse podr\u00e1 hacerlo un familiar o una persona por \u00e9l delegada.<\/p>\n","protected":false},"excerpt":{"rendered":"Para comunicarse con la\u00a0Oficina de Asistencia Social\u00a0se ruega enviar un mail a:\u00a0assistenza.laplata@esteri.it El Consulado\u00a0puede otorgar a los ciudadanos italianos en situaci\u00f3n de extrema necesidad\u00a0subsidios monetarios. El Consulado no otorga pensiones. Para la concesi\u00f3n de dichos beneficios son consideradas categor\u00edas prioritarias los emigrados nacidos en Italia mayores de 70 a\u00f1os de edad o los inh\u00e1biles al [&hellip;]","protected":false},"author":1,"featured_media":0,"parent":216,"menu_order":12,"comment_status":"closed","ping_status":"closed","template":"","meta":{"footnotes":""},"class_list":["post-225","page","type-page","status-publish","hentry"],"_links":{"self":[{"href":"https:\/\/conslaplata.esteri.it\/es\/wp-json\/wp\/v2\/pages\/225","targetHints":{"allow":["GET"]}}],"collection":[{"href":"https:\/\/conslaplata.esteri.it\/es\/wp-json\/wp\/v2\/pages"}],"about":[{"href":"https:\/\/conslaplata.esteri.it\/es\/wp-json\/wp\/v2\/types\/page"}],"author":[{"embeddable":true,"href":"https:\/\/conslaplata.esteri.it\/es\/wp-json\/wp\/v2\/users\/1"}],"replies":[{"embeddable":true,"href":"https:\/\/conslaplata.esteri.it\/es\/wp-json\/wp\/v2\/comments?post=225"}],"version-history":[{"count":5,"href":"https:\/\/conslaplata.esteri.it\/es\/wp-json\/wp\/v2\/pages\/225\/revisions"}],"predecessor-version":[{"id":1205,"href":"https:\/\/conslaplata.esteri.it\/es\/wp-json\/wp\/v2\/pages\/225\/revisions\/1205"}],"up":[{"embeddable":true,"href":"https:\/\/conslaplata.esteri.it\/es\/wp-json\/wp\/v2\/pages\/216"}],"wp:attachment":[{"href":"https:\/\/conslaplata.esteri.it\/es\/wp-json\/wp\/v2\/media?parent=225"}],"curies":[{"name":"wp","href":"https:\/\/api.w.org\/{rel}","templated":true}]}}