{"id":227,"date":"2023-04-03T19:29:38","date_gmt":"2023-04-03T22:29:38","guid":{"rendered":"https:\/\/conslaplata.esteri.it\/servizi-consolari-e-visti\/servizi-per-il-cittadino-italiano\/servizi-notarili\/"},"modified":"2023-05-29T09:50:14","modified_gmt":"2023-05-29T12:50:14","slug":"servizi-notarili","status":"publish","type":"page","link":"https:\/\/conslaplata.esteri.it\/es\/servizi-consolari-e-visti\/servizi-per-il-cittadino-italiano\/servizi-notarili\/","title":{"rendered":"Servicios notariales"},"content":{"rendered":"<p><strong>Para conocer los horarios de atenci\u00f3n al p\u00fablico\u00a0ingrese <a href=\"https:\/\/conslaplata.esteri.it\/wp-content\/uploads\/2023\/05\/orari-di-ricevimento-al-pubblico-2023.pdf\">aqu\u00ed<\/a><\/strong><\/p>\n<p>Los servicios de la Oficina NOTARIAL\/ESTUDIOS est\u00e1n dirigidos a los usuarios que resulten residentes, de manera permanente o tempor\u00e1nea, en la\u00a0<a href=\"https:\/\/conslaplata.esteri.it\/it\/chi-siamo\/la-rete-consolare\/\"><strong>jurisdicci\u00f3n Consular de La Plata<\/strong><\/a>\u00a0, los cuales podr\u00e1n solicitar en este Consulado asesoramiento sobre los siguientes temas,\u00a0<strong>si bien no puede brindar asesoramiento legal:<\/strong><\/p>\n<p>1.\u00a0 \u00a0<a href=\"https:\/\/conslaplata.esteri.it\/es\/servizi-consolari-e-visti\/servizi-per-il-cittadino-italiano\/pensioni-e-sicurezza-sociale\/\"><strong>Tr\u00e1mites de pensiones \u2013 jubilaciones<\/strong><\/a><br \/>\n2.\u00a0 \u00a0<a href=\"https:\/\/conslaplata.esteri.it\/es\/servizi-consolari-e-visti\/servizi-per-il-cittadino-italiano\/servizi-notarili\/estudios\/\"><strong>Estudios<\/strong><\/a><br \/>\n3.\u00a0 \u00a0<strong><a href=\"https:\/\/conslaplata.esteri.it\/es\/servizi-consolari-e-visti\/servizi-per-il-cittadino-italiano\/servizi-notarili\/poderes\/\">Poderes<\/a>\u00a0<\/strong><br \/>\n4.\u00a0 \u00a0<a href=\"https:\/\/conslaplata.esteri.it\/es\/servizi-consolari-e-visti\/servizi-per-il-cittadino-italiano\/servizi-notarili\/certificaciones\/\"><strong>Certificaciones<\/strong><\/a><br \/>\n5.\u00a0 \u00a0<a href=\"https:\/\/conslaplata.esteri.it\/es\/servizi-consolari-e-visti\/servizi-per-il-cittadino-italiano\/servizi-notarili\/licencia-de-conducir\/\"><strong>Licencia de Conducir<\/strong><\/a><br \/>\n6.\u00a0 \u00a0<a href=\"https:\/\/conslaplata.esteri.it\/es\/servizi-consolari-e-visti\/servizi-per-il-cittadino-italiano\/servizi-notarili\/transporte-de-cenizas-y-salmas-a-italia\/\"><strong>Transporte de cenizas y salmas a Italia<\/strong><\/a><br \/>\n7.\u00a0 \u00a0<a href=\"https:\/\/conslaplata.esteri.it\/es\/servizi-consolari-e-visti\/servizi-per-il-cittadino-italiano\/servizi-notarili\/transporte-de-articulos-domesticos\/\"><strong>Transporte de art\u00edculos dom\u00e9sticos<\/strong><\/a><br \/>\n8.\u00a0 \u00a0<a href=\"https:\/\/conslaplata.esteri.it\/es\/servizi-consolari-e-visti\/servizi-per-il-cittadino-italiano\/servizi-notarili\/endorsement-certificado-de-convalidacion-para-personal-maritimo\/\"><strong>Endorsement (Certificado de convalidaci\u00f3n para marinos)<\/strong><\/a><br \/>\n9.\u00a0 <a href=\"https:\/\/conslaplata.esteri.it\/es\/servizi-consolari-e-visti\/servizi-per-il-cittadino-italiano\/servizi-notarili\/casellario-giudiziario-para-presentar-a-las-autoridades-locales\/\"><strong>\u201cCasellario Giudiziario\u201d para presentar a las Autoridades locales<\/strong><\/a><strong><br \/>\n<\/strong>10.\u00a0<strong><a href=\"https:\/\/conslaplata.esteri.it\/es\/servizi-consolari-e-visti\/servizi-per-il-cittadino-italiano\/servizi-notarili\/transporte-de-animales-de-compania\/\">Transporte animales de compa\u00f1\u00eda<\/a><br \/>\n<\/strong>11.\u00a0<a href=\"https:\/\/conslaplata.esteri.it\/es\/servizi-consolari-e-visti\/servizi-per-il-cittadino-italiano\/codice-fiscale\/\"><b>C\u00f3digo Fiscal<\/b><\/a><\/p>\n<p>En el caso de los ciudadanos italianos no residentes, la Oficina evaluar\u00e1 cada situaci\u00f3n y la urgencia del servicio solicitado.<\/p>\n<p>Esta oficina podr\u00e1 solicitar nueva u otra documentaci\u00f3n si lo considerara necesario para completar el tr\u00e1mite.<\/p>\n","protected":false},"excerpt":{"rendered":"Para conocer los horarios de atenci\u00f3n al p\u00fablico\u00a0ingrese aqu\u00ed Los servicios de la Oficina NOTARIAL\/ESTUDIOS est\u00e1n dirigidos a los usuarios que resulten residentes, de manera permanente o tempor\u00e1nea, en la\u00a0jurisdicci\u00f3n Consular de La Plata\u00a0, los cuales podr\u00e1n solicitar en este Consulado asesoramiento sobre los siguientes temas,\u00a0si bien no puede brindar asesoramiento legal: 1.\u00a0 \u00a0Tr\u00e1mites de [&hellip;]","protected":false},"author":1,"featured_media":0,"parent":216,"menu_order":7,"comment_status":"closed","ping_status":"closed","template":"","meta":{"footnotes":""},"class_list":["post-227","page","type-page","status-publish","hentry"],"_links":{"self":[{"href":"https:\/\/conslaplata.esteri.it\/es\/wp-json\/wp\/v2\/pages\/227","targetHints":{"allow":["GET"]}}],"collection":[{"href":"https:\/\/conslaplata.esteri.it\/es\/wp-json\/wp\/v2\/pages"}],"about":[{"href":"https:\/\/conslaplata.esteri.it\/es\/wp-json\/wp\/v2\/types\/page"}],"author":[{"embeddable":true,"href":"https:\/\/conslaplata.esteri.it\/es\/wp-json\/wp\/v2\/users\/1"}],"replies":[{"embeddable":true,"href":"https:\/\/conslaplata.esteri.it\/es\/wp-json\/wp\/v2\/comments?post=227"}],"version-history":[{"count":10,"href":"https:\/\/conslaplata.esteri.it\/es\/wp-json\/wp\/v2\/pages\/227\/revisions"}],"predecessor-version":[{"id":883,"href":"https:\/\/conslaplata.esteri.it\/es\/wp-json\/wp\/v2\/pages\/227\/revisions\/883"}],"up":[{"embeddable":true,"href":"https:\/\/conslaplata.esteri.it\/es\/wp-json\/wp\/v2\/pages\/216"}],"wp:attachment":[{"href":"https:\/\/conslaplata.esteri.it\/es\/wp-json\/wp\/v2\/media?parent=227"}],"curies":[{"name":"wp","href":"https:\/\/api.w.org\/{rel}","templated":true}]}}