{"id":234,"date":"2023-04-03T19:29:49","date_gmt":"2023-04-03T22:29:49","guid":{"rendered":"https:\/\/conslaplata.esteri.it\/servizi-consolari-e-visti\/servizi-per-il-cittadino-italiano\/traduzione-e-legalizzazione-dei-documenti\/"},"modified":"2024-08-27T11:52:17","modified_gmt":"2024-08-27T14:52:17","slug":"traduzione-e-legalizzazione-dei-documenti","status":"publish","type":"page","link":"https:\/\/conslaplata.esteri.it\/es\/servizi-consolari-e-visti\/servizi-per-il-cittadino-italiano\/traduzione-e-legalizzazione-dei-documenti\/","title":{"rendered":"Traducci\u00f3n y legalizaci\u00f3n de documentos"},"content":{"rendered":"<p>Para poder tener validez en Italia,\u00a0<strong>las actas de estado civil y los documentos emitidos por autoridades extranjeras deben estar legalizados por las representaciones diplom\u00e1tico-consulares italianas en el extranjero.<\/strong>\u00a0Dichas actas y documentos, excepto los redactados en el modelo pluriling\u00fce previsto por Convenciones internacionales,\u00a0<strong>deben traducirse al italiano.<\/strong><\/p>\n<p><strong><span style=\"text-decoration: underline;\">Para validar las traducciones existen dos posibilidades:<\/span><\/strong><\/p>\n<p>1) En los pa\u00edses donde existe la figura jur\u00eddica del traductor p\u00fablico (como en el caso de Argentina) la conformidad puede ser demostrada por el mismo traductor, bastar\u00e1 la colocaci\u00f3n del sello \u00abper traduzione conforme \u00bb acompa\u00f1ado con la firma autenticada por el Colegio de Traductores P\u00fablicos e Int\u00e9rpretes de pertenencia. En este caso, la Autoridad Consular solo se encargar\u00e1 de la legalizaci\u00f3n de las firmas de los funcionarios del Colegio, presentadas regularmente en nuestras oficinas sin considerar el contenido de la traducci\u00f3n.<\/p>\n<p>2) En los pa\u00edses donde la figura jur\u00eddica del traductor no est\u00e1 prevista por la legislaci\u00f3n local (o en el caso que el connacional no quiera usarla), ser\u00e1 necesario utilizar el certificado de conformidad emitido por la Autoridad Consular. Para obtener el certificado de conformidad de la traducci\u00f3n, el solicitante debe presentar en la oficina consular el documento en idioma original y la traducci\u00f3n. Para traducciones no realizadas por un traductor p\u00fablico o legalizado por el Colegio de Traductores e Int\u00e9rpretes, el Consulado General prestar\u00e1 especial atenci\u00f3n a la traducci\u00f3n del acta original teniendo un plazo m\u00e1ximo de 30 d\u00edas (Decreto del Ministerio de Asuntos extranjera 3 de marzo de 1995 n 171) para expedirse. Si la traducci\u00f3n no se ajusta al documento original, no se podr\u00e1 proporcionar la certificaci\u00f3n y los documentos ser\u00e1n devueltos a la parte interesada, la cual tendr\u00e1 que reservar otra cita. En esta segunda hip\u00f3tesis, se recomienda por lo tanto, enf\u00e1ticamente, que los usuarios presten mucha atenci\u00f3n a la calidad de la traducci\u00f3n.<\/p>\n<p><strong>Apostilla de la Haya<\/strong><\/p>\n<p>Italia y Argentina han adherido a la Convenci\u00f3n Internacional de La Haya del 5 de Octubre de 1961 relativa a la abolici\u00f3n de la legalizaci\u00f3n de las actas extranjeras. En aplicaci\u00f3n de tal convenci\u00f3n la legalizaci\u00f3n de los documentos emitidos por autoridades extranjeras se encuentra sustituida por otra formalidad: la colocaci\u00f3n de la postilla (o apostille). Para obtener la colocaci\u00f3n de la Apostilla en las actas y en los documentos es necesario dirigirse a la <strong><a href=\"https:\/\/www.cancilleria.gob.ar\/\">Autoridad argentina designada<\/a><\/strong>.<br \/>\nLas actas y los documentos as\u00ed perfeccionados ser\u00e1n reconocidos por Italia y por todos\u00a0<strong><a href=\"https:\/\/www.hcch.net\/\">los pa\u00edses miembro de la Convenci\u00f3n<\/a><\/strong><strong>\u00a0<\/strong><\/p>\n<p>Con respecto a las actas y documentos de estado civil (partidas de nacimiento, matrimonio y defunci\u00f3n) expedidos por las competentes autoridades de registro civil argentinas, el Acuerdo del 9 de diciembre de 1987 entre la Rep\u00fablica Italiana y la Rep\u00fablica Argentina establece en cambio la exenci\u00f3n de la legalizaci\u00f3n\/Apostilla, con la condici\u00f3n de que estos documentos est\u00e9n fechados, firmados y sellados por la Autoridad que los expidi\u00f3.<\/p>\n","protected":false},"excerpt":{"rendered":"Para poder tener validez en Italia,\u00a0las actas de estado civil y los documentos emitidos por autoridades extranjeras deben estar legalizados por las representaciones diplom\u00e1tico-consulares italianas en el extranjero.\u00a0Dichas actas y documentos, excepto los redactados en el modelo pluriling\u00fce previsto por Convenciones internacionales,\u00a0deben traducirse al italiano. Para validar las traducciones existen dos posibilidades: 1) En los [&hellip;]","protected":false},"author":1,"featured_media":0,"parent":216,"menu_order":8,"comment_status":"closed","ping_status":"closed","template":"","meta":{"footnotes":""},"class_list":["post-234","page","type-page","status-publish","hentry"],"_links":{"self":[{"href":"https:\/\/conslaplata.esteri.it\/es\/wp-json\/wp\/v2\/pages\/234","targetHints":{"allow":["GET"]}}],"collection":[{"href":"https:\/\/conslaplata.esteri.it\/es\/wp-json\/wp\/v2\/pages"}],"about":[{"href":"https:\/\/conslaplata.esteri.it\/es\/wp-json\/wp\/v2\/types\/page"}],"author":[{"embeddable":true,"href":"https:\/\/conslaplata.esteri.it\/es\/wp-json\/wp\/v2\/users\/1"}],"replies":[{"embeddable":true,"href":"https:\/\/conslaplata.esteri.it\/es\/wp-json\/wp\/v2\/comments?post=234"}],"version-history":[{"count":6,"href":"https:\/\/conslaplata.esteri.it\/es\/wp-json\/wp\/v2\/pages\/234\/revisions"}],"predecessor-version":[{"id":4055,"href":"https:\/\/conslaplata.esteri.it\/es\/wp-json\/wp\/v2\/pages\/234\/revisions\/4055"}],"up":[{"embeddable":true,"href":"https:\/\/conslaplata.esteri.it\/es\/wp-json\/wp\/v2\/pages\/216"}],"wp:attachment":[{"href":"https:\/\/conslaplata.esteri.it\/es\/wp-json\/wp\/v2\/media?parent=234"}],"curies":[{"name":"wp","href":"https:\/\/api.w.org\/{rel}","templated":true}]}}