{"id":236,"date":"2023-04-03T19:30:10","date_gmt":"2023-04-03T22:30:10","guid":{"rendered":"https:\/\/conslaplata.esteri.it\/servizi-consolari-e-visti\/servizi-per-il-cittadino-italiano\/codice-fiscale\/"},"modified":"2026-02-18T14:16:46","modified_gmt":"2026-02-18T17:16:46","slug":"codice-fiscale","status":"publish","type":"page","link":"https:\/\/conslaplata.esteri.it\/es\/servizi-consolari-e-visti\/servizi-per-il-cittadino-italiano\/codice-fiscale\/","title":{"rendered":"C\u00f3digo Fiscal ciudadanos italianos"},"content":{"rendered":"<p><strong>C\u00d3DIGO FISCAL<\/strong><\/p>\n<p>El c\u00f3digo fiscal es el c\u00f3digo alfanum\u00e9rico expedido por la \u201cAgenzia delle Entrate\u201d para identificar al ciudadano (italiano o extranjero) en sus relaciones con las administraciones p\u00fablicas, los particulares y las entidades italianas. Para las personas f\u00edsicas, el c\u00f3digo fiscal se determina en base a los datos personales.<\/p>\n<p>Cualquier tr\u00e1mite administrativo (pago de impuestos, tasas, c\u00e1nones, etc.) o actividad contractual (aceptaci\u00f3n de herencias, contratos con entidades p\u00fablicas o privadas, solicitud de financiaci\u00f3n, patrocinios, alquileres o comodatos de bienes inmuebles, etc.) requiere la indicaci\u00f3n del c\u00f3digo fiscal de la persona que lo realiza.<\/p>\n<ul>\n<li><strong>CIUDADANOS ITALIANOS RESIDENTES EN EL EXTRANJERO REGISTRADOS EN EL AIRE<\/strong><\/li>\n<\/ul>\n<p>Los ciudadanos italianos mayores de edad registrados en el AIRE pueden <strong>solicitar el c\u00f3digo fiscal<\/strong>, tanto para si mismos como para sus hijos menores de edad, a trav\u00e9s del <a href=\"https:\/\/serviziconsolari.esteri.it\/home#_blank\">portal telematico Fast It<\/a>, accediendo al servicio correspondiente y siguiendo las instrucciones. Tambi\u00e9n a trav\u00e9s del <a href=\"https:\/\/serviziconsolari.esteri.it\/home#_blank\">portal Fast It<\/a> ser\u00e1 posible descargar el certificado de constancia del c\u00f3digo fiscal, una vez que se haya finalizado la gesti\u00f3n del tr\u00e1mite.<\/p>\n<p><strong><em>\u00bfC\u00f3mo?<\/em><\/strong><\/p>\n<ol>\n<li>Acced\u00e9 al Portal Fast It;<\/li>\n<li>Hac\u00e9 clic en \u00abAnagrafe Consolare e AIRE\u00bb y luego en \u00abAttribuzione Codice fiscale\u00bb;<\/li>\n<li>Confirm\u00e1 los datos e inici\u00e1 la solicitud;<\/li>\n<li>Una vez que el Consulado haya procesado la solicitud, podr\u00e1s descargar (download) el certificado de asignaci\u00f3n del C\u00f3digo Fiscal.<\/li>\n<\/ol>\n<p><strong><em>Si no logras descargar el certificado de asignaci\u00f3n del C\u00f3digo Fiscal:<\/em><\/strong><\/p>\n<ol>\n<li>Registr\u00e1te en el <a href=\"https:\/\/serviziconsolari.esteri.it\/home#_blank\">portal Fast It<\/a> o inicia sesi\u00f3n si ya tienes una cuenta activa.<\/li>\n<li>Solicita la \u00abAssociazione Online\u00bb haciendo clic en \u00abAnagrafe Consolare e AIRE\u00bb y luego en \u00abVisualizzare la propria scheda anagrafica\u00bb.<\/li>\n<li>Recibir\u00e1s un mensaje en tu buz\u00f3n de correo electr\u00f3nico confirmando que la asociaci\u00f3n se ha realizado correctamente.<\/li>\n<li>Ingres\u00e1 nuevamente al portal y descarg\u00e1 el certificado.<\/li>\n<\/ol>\n<p>Los ciudadanos mayores de edad registrados en el AIRE que ya dispongan de un c\u00f3digo fiscal pueden <strong>descargar directamente el certificado de c\u00f3digo fiscal<\/strong> a trav\u00e9s del <a href=\"https:\/\/serviziconsolari.esteri.it\/home#_blank\">portal telematico Fast It<\/a>, accediendo al servicio correspondiente y siguiendo las instrucciones facilitadas para solicitar el c\u00f3digo fiscal; en este caso, no ser\u00e1 necesaria la intervenci\u00f3n del Consulado para la expedici\u00f3n del certificado.<\/p>\n<p>En caso de <strong>extrav\u00edo o destrucci\u00f3n del certificado en formato papel<\/strong>, se puede solicitar un duplicado mediante el mismo proceso utilizado para su expedici\u00f3n.<\/p>\n<ul>\n<li><strong>CIUDADANOS EXTRANJEROS NO RESIDENTES EN ITALIA<\/strong><\/li>\n<\/ul>\n<p>Para la solicitud del c\u00f3digo fiscal por parte de <strong>ciudadanos extranjeros<\/strong>, consulte la secci\u00f3n correspondiente <a href=\"https:\/\/conslaplata.esteri.it\/es\/servizi-consolari-e-visti\/servizi-per-il-cittadino-straniero\/codigo-fiscal-ciudadanos-extranjeros\/\">haciendo clic aqu\u00ed<\/a><\/p>\n","protected":false},"excerpt":{"rendered":"C\u00d3DIGO FISCAL El c\u00f3digo fiscal es el c\u00f3digo alfanum\u00e9rico expedido por la \u201cAgenzia delle Entrate\u201d para identificar al ciudadano (italiano o extranjero) en sus relaciones con las administraciones p\u00fablicas, los particulares y las entidades italianas. Para las personas f\u00edsicas, el c\u00f3digo fiscal se determina en base a los datos personales. Cualquier tr\u00e1mite administrativo (pago de [&hellip;]","protected":false},"author":1,"featured_media":0,"parent":216,"menu_order":10,"comment_status":"closed","ping_status":"closed","template":"","meta":{"footnotes":""},"class_list":["post-236","page","type-page","status-publish","hentry"],"_links":{"self":[{"href":"https:\/\/conslaplata.esteri.it\/es\/wp-json\/wp\/v2\/pages\/236","targetHints":{"allow":["GET"]}}],"collection":[{"href":"https:\/\/conslaplata.esteri.it\/es\/wp-json\/wp\/v2\/pages"}],"about":[{"href":"https:\/\/conslaplata.esteri.it\/es\/wp-json\/wp\/v2\/types\/page"}],"author":[{"embeddable":true,"href":"https:\/\/conslaplata.esteri.it\/es\/wp-json\/wp\/v2\/users\/1"}],"replies":[{"embeddable":true,"href":"https:\/\/conslaplata.esteri.it\/es\/wp-json\/wp\/v2\/comments?post=236"}],"version-history":[{"count":8,"href":"https:\/\/conslaplata.esteri.it\/es\/wp-json\/wp\/v2\/pages\/236\/revisions"}],"predecessor-version":[{"id":6651,"href":"https:\/\/conslaplata.esteri.it\/es\/wp-json\/wp\/v2\/pages\/236\/revisions\/6651"}],"up":[{"embeddable":true,"href":"https:\/\/conslaplata.esteri.it\/es\/wp-json\/wp\/v2\/pages\/216"}],"wp:attachment":[{"href":"https:\/\/conslaplata.esteri.it\/es\/wp-json\/wp\/v2\/media?parent=236"}],"curies":[{"name":"wp","href":"https:\/\/api.w.org\/{rel}","templated":true}]}}