{"id":237,"date":"2023-04-03T19:30:19","date_gmt":"2023-04-03T22:30:19","guid":{"rendered":"https:\/\/conslaplata.esteri.it\/servizi-consolari-e-visti\/servizi-per-il-cittadino-italiano\/pensioni-e-sicurezza-sociale\/"},"modified":"2023-05-29T12:10:00","modified_gmt":"2023-05-29T15:10:00","slug":"pensioni-e-sicurezza-sociale","status":"publish","type":"page","link":"https:\/\/conslaplata.esteri.it\/es\/servizi-consolari-e-visti\/servizi-per-il-cittadino-italiano\/pensioni-e-sicurezza-sociale\/","title":{"rendered":"Pensi\u00f3n y seguridad social"},"content":{"rendered":"<p><span style=\"text-decoration: underline;\"><strong>Informaci\u00f3n general<\/strong><\/span><\/p>\n<p>La gesti\u00f3n para tramitar las pensiones\/jubilaciones que se encuentran dentro de la convenci\u00f3n \u00edtalo-argentina (<a href=\"http:\/\/www.inps.it\/\"><strong>Portale INPS<\/strong>)<\/a>, se realiza en los \u201cEnti di Patronato\u201d reconocidos por la ley italiana y, por ende, no es necesaria la intervenci\u00f3n de abogados, gestores o intermediarios.<\/p>\n<p>Para acceder al <strong>listado de los patronatos<\/strong> de nuestra jurisdicci\u00f3n Consular haga click <strong><a href=\"https:\/\/conslaplata.esteri.it\/es\/chi-siamo\/la-rete-consolare\/patronatos\/\">aqui<\/a><\/strong>.<\/p>\n<p>&nbsp;<\/p>\n<p><span style=\"text-decoration: underline;\"><strong>Certificaciones y otras atribuciones Consulares en materia de pensiones y jubilaciones<\/strong><\/span><\/p>\n<p><strong>\u2022 Certificados de supervivencia solicitados por Citibank:<\/strong><br \/>\npara expedirse los mismos deber\u00e1 presentarse DNI actualizado y el formulario enviado por correo por Citibank (formulario amarillo) o bien un facs\u00edmil enviado por internet por el mencionado banco<br \/>\n\u2022 <strong>Copia conforme al original de documentos para pensiones-jubilaciones<\/strong><br \/>\nPara el otorgamiento de las copias conformes al original de los documentos relativos a pensiones\/jubilaciones (certificaci\u00f3n de servicio militar, libretas de pensiones, actas de estado civil, etc.) el interesado deber\u00e1 presentarse con el original y la copia del documento que desee legalizar.<br \/>\n\u2022 <strong>Certificaci\u00f3n de firma en los documentos en materia de pensiones y jubilaciones<\/strong><br \/>\nPara certificar la firma es necesario presentarse con el D.N.I. en curso de validez.<br \/>\n\u2022 <strong>Certificaci\u00f3n de titularidad<\/strong><br \/>\nPara obtener la certificaci\u00f3n de la titularidad de una pensi\u00f3n\/jubilaci\u00f3n es necesario presentarse con el D.N.I. en curso de validez. Para obtener la certificaci\u00f3n de discordancia en los nombres es necesario presentarse con el original de los documentos discordantes.<br \/>\n\u2022 <strong>C\u00f3digo fiscal (SOLO PARA PENSIONES)<\/strong><br \/>\nPara obtener el C\u00f3digo fiscal es necesario presentarse, <strong>SIN TURNO<\/strong>, con el D.N.I. en curso de validez, una fotocopia y una fotocopia del acta del nacimiento.<\/p>\n<p>&nbsp;<\/p>\n<p><strong><u>Autorizaci\u00f3n para el cobro de la jubilaci\u00f3n\/pensi\u00f3n<\/u><\/strong><\/p>\n<p>Para expedir una autorizaci\u00f3n para el cobro de la jubilaci\u00f3n\/pensi\u00f3n el titular deber\u00e1:<\/p>\n<ul>\n<li><strong>Para Pensione INPS<br \/>\n<\/strong>Original del D.N.I. argentino del titular de la pensi\u00f3n y fotocopia del D.N.I. de la persona a la cual se desea autorizar. <strong>No es necesaria la presencia de la persona a la cual se autoriza.<\/strong><\/li>\n<li><strong>Pensione del Ministero dell\u2019Economia a delle Finanze<br \/>\n<\/strong>Original del D.N.I. argentino del titular de la pensi\u00f3n y fotocopia del D.N.I. de la persona a la cual se desea autorizar.<br \/>\nRecibo de cobro de la pensi\u00f3n o carta enviada por el Ministero dell\u2019Economia e delle Finanze donde resulte el n\u00famero de la pensi\u00f3n. <strong>Es imprescindible la presencia de la persona autorizada<\/strong><\/li>\n<\/ul>\n<p><strong><br \/>\n<u>Reclamo del pago de la pensi\u00f3n\/jubilaci\u00f3n<\/u><\/strong><\/p>\n<p>Para realizar los reclamos de pago de la pensi\u00f3n, el interesado debe presentarse con:<\/p>\n<ul>\n<li>D.N.I. argentino en curso de validez con foto reconocible;<\/li>\n<li>fotocopia de la carta del INPS o de un documento en el cual se encuentre indicado el n\u00famero completo de la pensi\u00f3n;<\/li>\n<li>eventuales reclamos realizados en un patronato.<\/li>\n<\/ul>\n<p><strong><u>Revisaci\u00f3n M\u00e9dico-Legal<\/u><\/strong><\/p>\n<p>La revisaci\u00f3n m\u00e9dico-legal de los jubilados o de familiares discapacitados a cargo es efectuada por los m\u00e9dicos del ANSES, quienes comunicar\u00e1n los resultados al INPS. La revisaci\u00f3n puede ser realizada por el m\u00e9dico de referencia del Consulado solamente a pedido de las Autoridades italianas competentes.<\/p>\n","protected":false},"excerpt":{"rendered":"Informaci\u00f3n general La gesti\u00f3n para tramitar las pensiones\/jubilaciones que se encuentran dentro de la convenci\u00f3n \u00edtalo-argentina (Portale INPS), se realiza en los \u201cEnti di Patronato\u201d reconocidos por la ley italiana y, por ende, no es necesaria la intervenci\u00f3n de abogados, gestores o intermediarios. Para acceder al listado de los patronatos de nuestra jurisdicci\u00f3n Consular haga [&hellip;]","protected":false},"author":1,"featured_media":0,"parent":216,"menu_order":11,"comment_status":"closed","ping_status":"closed","template":"","meta":{"footnotes":""},"class_list":["post-237","page","type-page","status-publish","hentry"],"_links":{"self":[{"href":"https:\/\/conslaplata.esteri.it\/es\/wp-json\/wp\/v2\/pages\/237","targetHints":{"allow":["GET"]}}],"collection":[{"href":"https:\/\/conslaplata.esteri.it\/es\/wp-json\/wp\/v2\/pages"}],"about":[{"href":"https:\/\/conslaplata.esteri.it\/es\/wp-json\/wp\/v2\/types\/page"}],"author":[{"embeddable":true,"href":"https:\/\/conslaplata.esteri.it\/es\/wp-json\/wp\/v2\/users\/1"}],"replies":[{"embeddable":true,"href":"https:\/\/conslaplata.esteri.it\/es\/wp-json\/wp\/v2\/comments?post=237"}],"version-history":[{"count":10,"href":"https:\/\/conslaplata.esteri.it\/es\/wp-json\/wp\/v2\/pages\/237\/revisions"}],"predecessor-version":[{"id":904,"href":"https:\/\/conslaplata.esteri.it\/es\/wp-json\/wp\/v2\/pages\/237\/revisions\/904"}],"up":[{"embeddable":true,"href":"https:\/\/conslaplata.esteri.it\/es\/wp-json\/wp\/v2\/pages\/216"}],"wp:attachment":[{"href":"https:\/\/conslaplata.esteri.it\/es\/wp-json\/wp\/v2\/media?parent=237"}],"curies":[{"name":"wp","href":"https:\/\/api.w.org\/{rel}","templated":true}]}}