{"id":240,"date":"2023-04-03T19:25:23","date_gmt":"2023-04-03T22:25:23","guid":{"rendered":"https:\/\/conslaplata.esteri.it\/servizi-consolari-e-visti\/servizi-per-il-cittadino-straniero\/"},"modified":"2023-05-29T13:05:39","modified_gmt":"2023-05-29T16:05:39","slug":"servizi-per-il-cittadino-straniero","status":"publish","type":"page","link":"https:\/\/conslaplata.esteri.it\/es\/servizi-consolari-e-visti\/servizi-per-il-cittadino-straniero\/","title":{"rendered":"Servicios para el ciudadano extranjero"},"content":{"rendered":"<p>Las Embajadas y los Consulados, tambi\u00e9n brindan servicios a favor de ciudadanos extranjeros. Entre los cuales, la erogaci\u00f3n de documentaci\u00f3n administrativa como la legalizaci\u00f3n de documentos, y de conformidad de traducciones de actas.<\/p>\n<p>A continuaci\u00f3n, en el men\u00fa a la derecha, encontrar\u00e1n los diferentes servicios disponibles.<\/p>\n","protected":false},"excerpt":{"rendered":"Las Embajadas y los Consulados, tambi\u00e9n brindan servicios a favor de ciudadanos extranjeros. Entre los cuales, la erogaci\u00f3n de documentaci\u00f3n administrativa como la legalizaci\u00f3n de documentos, y de conformidad de traducciones de actas. A continuaci\u00f3n, en el men\u00fa a la derecha, encontrar\u00e1n los diferentes servicios disponibles.","protected":false},"author":1,"featured_media":0,"parent":150,"menu_order":2,"comment_status":"closed","ping_status":"closed","template":"","meta":{"footnotes":""},"class_list":["post-240","page","type-page","status-publish","hentry"],"_links":{"self":[{"href":"https:\/\/conslaplata.esteri.it\/es\/wp-json\/wp\/v2\/pages\/240","targetHints":{"allow":["GET"]}}],"collection":[{"href":"https:\/\/conslaplata.esteri.it\/es\/wp-json\/wp\/v2\/pages"}],"about":[{"href":"https:\/\/conslaplata.esteri.it\/es\/wp-json\/wp\/v2\/types\/page"}],"author":[{"embeddable":true,"href":"https:\/\/conslaplata.esteri.it\/es\/wp-json\/wp\/v2\/users\/1"}],"replies":[{"embeddable":true,"href":"https:\/\/conslaplata.esteri.it\/es\/wp-json\/wp\/v2\/comments?post=240"}],"version-history":[{"count":4,"href":"https:\/\/conslaplata.esteri.it\/es\/wp-json\/wp\/v2\/pages\/240\/revisions"}],"predecessor-version":[{"id":913,"href":"https:\/\/conslaplata.esteri.it\/es\/wp-json\/wp\/v2\/pages\/240\/revisions\/913"}],"up":[{"embeddable":true,"href":"https:\/\/conslaplata.esteri.it\/es\/wp-json\/wp\/v2\/pages\/150"}],"wp:attachment":[{"href":"https:\/\/conslaplata.esteri.it\/es\/wp-json\/wp\/v2\/media?parent=240"}],"curies":[{"name":"wp","href":"https:\/\/api.w.org\/{rel}","templated":true}]}}