{"id":3611,"date":"2024-06-11T22:17:31","date_gmt":"2024-06-12T01:17:31","guid":{"rendered":"https:\/\/conslaplata.esteri.it\/?page_id=3611"},"modified":"2026-03-31T12:53:49","modified_gmt":"2026-03-31T15:53:49","slug":"carta-de-identidad-electronica-cie","status":"publish","type":"page","link":"https:\/\/conslaplata.esteri.it\/es\/servizi-consolari-e-visti\/servizi-per-il-cittadino-italiano\/carta-de-identidad-electronica-cie\/","title":{"rendered":"Carta de identidad electr\u00f3nica (CIE)"},"content":{"rendered":"<p><a href=\"https:\/\/conslaplata.esteri.it\/wp-content\/uploads\/2024\/06\/Informativa.pdf\">Informativa sulla protezione dei dati personali<\/a><\/p>\n<p>&nbsp;<\/p>\n<p><strong>\u00bfQu\u00e9 es la Carta de Identidad Electr\u00f3nica (CIE)?<\/strong><\/p>\n<p>La CIE es un documento personal, v\u00e1lido para identificarse y circular dentro de la Uni\u00f3n Europea, en algunos Estados adherentes al Acuerdo de Schengen (por ejemplo, Islandia, Noruega y Suiza) y en otros Estados con los que se hayan establecido acuerdos bilaterales (antes de iniciar un viaje se recomienda consultar el listado <em>Schede Paese<\/em> en el sitio <a href=\"https:\/\/www.viaggiaresicuri.it\/home\">viaggiaresicuri.it<\/a>).<\/p>\n<p>No se puede utilizar la CIE como documento de viaje para salir de un pa\u00eds extraeuropeo (como, por ejemplo, Argentina) hacia Italia u otros pa\u00edses.<\/p>\n<p>&nbsp;<\/p>\n<p><strong>\u00bfPara qu\u00e9 sirve la Carta de Identidad Electr\u00f3nica?<\/strong><\/p>\n<p>Adem\u00e1s de las funciones ya descriptas, la CIE sirve tambi\u00e9n, principalmente, para acceder a algunos servicios digitales de la Administraci\u00f3n P\u00fablica italiana (como el INPS, las Comunas, la <em>Agenzia delle Entrate<\/em>) y a la aplicaci\u00f3n IO.<\/p>\n<p>&nbsp;<\/p>\n<p><strong>\u00bfA qui\u00e9n se le puede emitir la Carta de Identidad Electr\u00f3nica?<\/strong><\/p>\n<p>A efectos de la emisi\u00f3n de la CIE es indispensable que el solicitante:<\/p>\n<ul>\n<li>sea ciudadano italiano regularmente residente en la circunscripci\u00f3n consular de La Plata;<\/li>\n<li>se encuentre inscripto en el A.I.R.E. y su nombre y apellido hayan sido incluidos en la base de datos correspondiente por parte del municipio italiano de referencia;<\/li>\n<li>tenga su partida de nacimiento transcripta en Italia, ya que los datos de la transcripci\u00f3n deben ser incluidos en la CIE;<\/li>\n<li>haya actualizado su posici\u00f3n en los archivos consulares en caso de cambio de domicilio, variaciones de estado civil o nacimiento de hijos.<\/li>\n<\/ul>\n<p>En caso de que falte uno o m\u00e1s de los requisitos mencionados, se deber\u00e1 poner en contacto con los servicios competentes (Oficina de Anagrafe y Estado Civil) antes de solicitar un turno para tramitar la carta de identidad.<\/p>\n<p>&nbsp;<\/p>\n<p><strong>\u00bfC\u00f3mo me registro en el A.I.R.E.?<\/strong><\/p>\n<p>La inscripci\u00f3n en el A.I.R.E. debe ser efectuada \u00fanicamente a trav\u00e9s del portal \u00a0<a href=\"https:\/\/serviziconsolarionline.esteri.it\/ScoFE\/index.sco\">Fast It.<\/a><\/p>\n<p>&nbsp;<\/p>\n<p><strong>\u00bfC\u00f3mo se solicita la Carta de Identidad Electr\u00f3nica (CIE)?<\/strong><\/p>\n<p>La solicitud de la carta de identidad electr\u00f3nica debe presentarse utilizando exclusivamente la plataforma <a href=\"https:\/\/prenotami.esteri.it\/\">Prenot@mi<\/a> .<\/p>\n<p>LOS TURNOS DISPONIBLES SE PUBLICAR\u00c1N <strong>LOS MARTES A LAS 19:00<\/strong>, HORA ARGENTINA. <strong>EL TURNO ES PERSONAL Y NO TRANSFERIBLE. NO EST\u00c1 PERMITIDO RESERVAR A TRAVES DE UNA CONEXI\u00d3N VPN<\/strong><\/p>\n<p>ATENCI\u00d3N: en caso de que, tras las verificaciones de los requisitos ya indicados, no fuera posible proceder con el tr\u00e1mite de emisi\u00f3n de la CIE, el turno ser\u00e1 anulado. El connacional ser\u00e1 informado de los motivos del rechazo y tendr\u00e1 que repetir el procedimiento en el portal <a href=\"https:\/\/prenotami.esteri.it\/\">Prenot@mi<\/a> una vez que su situaci\u00f3n haya sido regularizada, de acuerdo a lo comunicado por el Consulado.<\/p>\n<p>Cabe se\u00f1alar que, para la activaci\u00f3n de la CIE, es necesario registrar <span style=\"text-decoration: underline;\">el propio n\u00famero de celular (NO tel\u00e9fono fijo)<\/span> en el momento de la solicitud.<\/p>\n<p>&nbsp;<\/p>\n<p><strong>\u00bfEs posible solicitar turno para mis hijos menores de edad?<\/strong><\/p>\n<p>S\u00ed. En el momento de reservar el turno se deber\u00e1 completar un formulario por cada persona que necesite la nueva carta CIE (solicitantes). Ser\u00e1 posible, con una \u00fanica solicitud, reservar turno para hasta 2 personas.<\/p>\n<p>Se informa a los ciudadanos italianos que tengan hijos menores de edad que, a partir del 14 de junio de 2023, ya no es necesario presentar el consentimiento (<em>atto di assenso<\/em>) del otro progenitor para la emisi\u00f3n del propio documento de identidad (pasaporte o CIE), en virtud del D.L. 69\/2023.<\/p>\n<p>En lo espec\u00edfico, la modificaci\u00f3n del art\u00edculo 3-bis de la Ley 1185\/1967 indica que, cuando exista peligro actual y concreto de que, a causa de la mudanza al exterior, un progenitor pueda evadir el cumplimiento de sus obligaciones para con sus hijos, el otro progenitor podr\u00e1 solicitar una inhibici\u00f3n para la emisi\u00f3n del documento.<\/p>\n<p>El recurso podr\u00e1 ser presentado ante el juez competente en el Tribunal ordinario donde el menor posea la residencia habitual en Italia. En caso de que el menor resida en el exterior, deber\u00e1 ser presentado en el Tribunal en cuya jurisdicci\u00f3n se encuentre la Comuna de inscripci\u00f3n A.I.R.E.<\/p>\n<p>Con respecto a la emisi\u00f3n del documento (pasaporte o CIE) para los menores, se mantiene invariable la obligaci\u00f3n del consentimiento firmado por ambos progenitores o por quien ejerza la patria potestad.<\/p>\n<p>El consentimiento para la emisi\u00f3n de la CIE de un menor podr\u00e1 manifestarse de una de las siguientes formas:<\/p>\n<ul>\n<li>personalmente en este Consulado el d\u00eda del turno (se recuerda que la persona que otorga el consentimiento debe presentar un documento de identidad v\u00e1lido, en original y fotocopia simple);<\/li>\n<li>personalmente en cualquier Oficina de la Administraci\u00f3n P\u00fablica italiana autorizada para autenticar firmas: por ejemplo, Questura u otras representaciones diplom\u00e1tico-consulares;<\/li>\n<li>con un poder realizado ante un escribano argentino, posteriormente legalizado con Apostilla y traducido al italiano.<\/li>\n<\/ul>\n<p>Los ciudadanos de la Uni\u00f3n Europea pueden expresar su consentimiento completando y firmando <a href=\"https:\/\/conslaplata.esteri.it\/wp-content\/uploads\/2024\/06\/Assenso-UE-2.pdf\">el formulario pertinente<\/a> y adjuntando la copia de un documento expedido por un pa\u00eds de la Uni\u00f3n Europea en el que figure la firma del declarante.<\/p>\n<p>&nbsp;<\/p>\n<p><strong>\u00bfCu\u00e1l es la documentaci\u00f3n necesaria que se debe presentar el d\u00eda del turno para solicitar la CIE?<\/strong><\/p>\n<p>El solicitante debe presentarse con:<\/p>\n<ol>\n<li>Una foto carnet de formato biom\u00e9trico (reciente, de frente, en color y con fondo blanco, de 35 x 45 mm).<\/li>\n<li>Carta de identidad anterior o pasaporte italiano o DNI argentino.<\/li>\n<li>Consentimiento (<em>atto di assenso<\/em>) de ambos progenitores en el caso de que el solicitante sea un menor de 18 a\u00f1os.<\/li>\n<li>Declaraci\u00f3n de extrav\u00edo\/robo de la carta precedente, en caso de ser necesario.<\/li>\n<\/ol>\n<p>&nbsp;<\/p>\n<p><strong>\u00bfCu\u00e1les son las operaciones que se efectuar\u00e1n el d\u00eda del turno?<\/strong><\/p>\n<p>El d\u00eda del turno, el operador consular adquiere la documentaci\u00f3n indicada anteriormente, realiza el reconocimiento y verificaci\u00f3n de la foto y toma las huellas dactilares y la firma. En esa ocasi\u00f3n se anular\u00e1 la carta de identidad de papel o CIE vigente, aunque el solicitante no disponga de otro documento de identidad. Por lo tanto es aconsejable, si el solicitante no dispone de otro documento de identidad v\u00e1lido, comunicarlo al operador.<\/p>\n<p>&nbsp;<\/p>\n<p><strong>\u00bfC\u00f3mo se recibe la CIE?<\/strong><\/p>\n<p><strong>El documento no se emite en el d\u00eda del turno<\/strong>: la CIE es emitida por <em>el Istituto Poligrafico e Zecca dello Stato<\/em> y posteriormente <u>es enviada por correo certificado<\/u> a cargo de <em>Poste Italiane<\/em> <u>al domicilio de residencia<\/u> o a la direcci\u00f3n indicada por el solicitante. El interesado puede seguir el env\u00edo de forma independiente online, a trav\u00e9s del c\u00f3digo de seguimiento. <strong>El Consulado no es responsable de eventuales problemas de env\u00edo, para lo cual es necesario dirigirse a <em>Poste Italiane<\/em>.<\/strong><\/p>\n<p>&nbsp;<\/p>\n<p><strong>\u00bfPor cu\u00e1nto tiempo es v\u00e1lida la CIE?<\/strong><\/p>\n<p>La validez de la CIE var\u00eda en funci\u00f3n de la edad del titular:<\/p>\n<p>\u2013 3 a\u00f1os para ni\u00f1os de 0 a 3 a\u00f1os;<\/p>\n<p>\u2013 5 a\u00f1os para menores de entre 4 y 18 a\u00f1os;<\/p>\n<p>\u2013 10 a\u00f1os para mayores de 18 a\u00f1os.<\/p>\n<p>&nbsp;<\/p>\n<p><strong>\u00bfCu\u00e1l es la modalidad de pago?<\/strong><\/p>\n<p>El pago de la tasa consular para la emisi\u00f3n\/renovaci\u00f3n de la carta de identidad debe hacerse con transferencia bancaria.<\/p>\n<p>Algunos d\u00edas antes del turno obtenido en <a href=\"https:\/\/prenotami.esteri.it\/\">Prenot@mi<\/a>, el connacional recibir\u00e1 una comunicaci\u00f3n confirmando el mismo junto a los datos bancarios para realizar el pago, que podr\u00e1 efectuarse <strong>hasta las 18:00 horas del d\u00eda h\u00e1bil anterior al del turno<\/strong>. El pago debe realizarse en pesos argentinos. El monto vigente se puede consultar en la p\u00e1gina web de este Consulado General, en el siguiente enlace: <a href=\"https:\/\/conslaplata.esteri.it\/wp-content\/uploads\/2025\/12\/Nuova-tabella-PERCEZIONI-I-Trim-2026.pdf\" target=\"_blank\" rel=\"noopener\"><strong>Tarifas Consulares<\/strong><\/a><\/p>\n<p>&nbsp;<\/p>\n<p><strong>\u00bfDebo solicitar una nueva carta de identidad si cambio mi direcci\u00f3n?<\/strong><\/p>\n<p>No. La CIE es un documento de identidad y no de residencia.<\/p>\n<p>&nbsp;<\/p>\n<p><strong>\u00bfPuedo solicitar la carta de identidad en mi Comuna en Italia, incluso si vivo en el extranjero?<\/strong><\/p>\n<p>El connacional deber\u00e1 consultar en el municipio correspondiente, en Italia.<\/p>\n","protected":false},"excerpt":{"rendered":"Informativa sulla protezione dei dati personali &nbsp; \u00bfQu\u00e9 es la Carta de Identidad Electr\u00f3nica (CIE)? La CIE es un documento personal, v\u00e1lido para identificarse y circular dentro de la Uni\u00f3n Europea, en algunos Estados adherentes al Acuerdo de Schengen (por ejemplo, Islandia, Noruega y Suiza) y en otros Estados con los que se hayan establecido [&hellip;]","protected":false},"author":8,"featured_media":0,"parent":216,"menu_order":13,"comment_status":"closed","ping_status":"closed","template":"","meta":{"footnotes":""},"class_list":["post-3611","page","type-page","status-publish","hentry"],"_links":{"self":[{"href":"https:\/\/conslaplata.esteri.it\/es\/wp-json\/wp\/v2\/pages\/3611","targetHints":{"allow":["GET"]}}],"collection":[{"href":"https:\/\/conslaplata.esteri.it\/es\/wp-json\/wp\/v2\/pages"}],"about":[{"href":"https:\/\/conslaplata.esteri.it\/es\/wp-json\/wp\/v2\/types\/page"}],"author":[{"embeddable":true,"href":"https:\/\/conslaplata.esteri.it\/es\/wp-json\/wp\/v2\/users\/8"}],"replies":[{"embeddable":true,"href":"https:\/\/conslaplata.esteri.it\/es\/wp-json\/wp\/v2\/comments?post=3611"}],"version-history":[{"count":7,"href":"https:\/\/conslaplata.esteri.it\/es\/wp-json\/wp\/v2\/pages\/3611\/revisions"}],"predecessor-version":[{"id":6472,"href":"https:\/\/conslaplata.esteri.it\/es\/wp-json\/wp\/v2\/pages\/3611\/revisions\/6472"}],"up":[{"embeddable":true,"href":"https:\/\/conslaplata.esteri.it\/es\/wp-json\/wp\/v2\/pages\/216"}],"wp:attachment":[{"href":"https:\/\/conslaplata.esteri.it\/es\/wp-json\/wp\/v2\/media?parent=3611"}],"curies":[{"name":"wp","href":"https:\/\/api.w.org\/{rel}","templated":true}]}}