{"id":4805,"date":"2025-04-01T12:49:32","date_gmt":"2025-04-01T15:49:32","guid":{"rendered":"https:\/\/conslaplata.esteri.it\/?page_id=4805"},"modified":"2025-05-28T16:25:54","modified_gmt":"2025-05-28T19:25:54","slug":"referendum-2025","status":"publish","type":"page","link":"https:\/\/conslaplata.esteri.it\/es\/servizi-consolari-e-visti\/servizi-per-il-cittadino-italiano\/servizi-elettorali\/referendum-2025\/","title":{"rendered":"REFERENDUMS DEROGATORIOS 2025"},"content":{"rendered":"<p><strong>Todas las informaciones, comunicados, formularios y calendario ser\u00e1n publicados en esta secci\u00f3n.<\/strong><\/p>\n<p>Se solicita enviar las solicitudes referidas a las elecciones \u00fanicamente a la casilla de e-mail: <a href=\"mailto:laplata.elettorale@esteri.it\"><b>laplata.elettorale@esteri.it<\/b><\/a><\/p>\n<p>&nbsp;<\/p>\n<p><strong>Comunicaciones:<\/strong><\/p>\n<p><strong>16\/05\/2025<\/strong> &#8211; <a href=\"https:\/\/conslaplata.esteri.it\/es\/news\/dal_consolato\/2025\/05\/referendums-derogatorios-2025-emision-de-duplicados\/\">REFER\u00c9NDUMS DEROGATORIOS 2025: EMISI\u00d3N DE DUPLICADOS<\/a><\/p>\n<p><strong>03\/04\/2025<\/strong>\u00a0\u2013\u00a0<a href=\"https:\/\/conslaplata.esteri.it\/wp-content\/uploads\/2025\/04\/Brochure-informativa-Referendum-2025.pdf\" target=\"_blank\" rel=\"noopener\">Publicaci\u00f3n del folleto informativo sobre el Referendum 2025<\/a><\/p>\n<p><strong>01\/04\/2025<\/strong> \u2013\u00a0<a href=\"https:\/\/conslaplata.esteri.it\/wp-content\/uploads\/2025\/04\/SPA-COMUNICATO-STAMPA-VOTO-E-OPZIONE.docx\" target=\"_blank\" rel=\"noopener\">Comunicado de prensa y opci\u00f3n de voto en Italia<\/a><\/p>\n<p><strong>Formularios:<\/strong><\/p>\n<p><a href=\"https:\/\/conslaplata.esteri.it\/wp-content\/uploads\/2025\/04\/Formulario-de-opcion-de-voto-en-Italia.doc\">Formulario de opci\u00f3n de voto en Italia<\/a><\/p>\n","protected":false},"excerpt":{"rendered":"Todas las informaciones, comunicados, formularios y calendario ser\u00e1n publicados en esta secci\u00f3n. Se solicita enviar las solicitudes referidas a las elecciones \u00fanicamente a la casilla de e-mail: laplata.elettorale@esteri.it &nbsp; Comunicaciones: 16\/05\/2025 &#8211; REFER\u00c9NDUMS DEROGATORIOS 2025: EMISI\u00d3N DE DUPLICADOS 03\/04\/2025\u00a0\u2013\u00a0Publicaci\u00f3n del folleto informativo sobre el Referendum 2025 01\/04\/2025 \u2013\u00a0Comunicado de prensa y opci\u00f3n de voto en [&hellip;]","protected":false},"author":8,"featured_media":0,"parent":226,"menu_order":1,"comment_status":"closed","ping_status":"closed","template":"","meta":{"footnotes":""},"class_list":["post-4805","page","type-page","status-publish","hentry"],"_links":{"self":[{"href":"https:\/\/conslaplata.esteri.it\/es\/wp-json\/wp\/v2\/pages\/4805","targetHints":{"allow":["GET"]}}],"collection":[{"href":"https:\/\/conslaplata.esteri.it\/es\/wp-json\/wp\/v2\/pages"}],"about":[{"href":"https:\/\/conslaplata.esteri.it\/es\/wp-json\/wp\/v2\/types\/page"}],"author":[{"embeddable":true,"href":"https:\/\/conslaplata.esteri.it\/es\/wp-json\/wp\/v2\/users\/8"}],"replies":[{"embeddable":true,"href":"https:\/\/conslaplata.esteri.it\/es\/wp-json\/wp\/v2\/comments?post=4805"}],"version-history":[{"count":7,"href":"https:\/\/conslaplata.esteri.it\/es\/wp-json\/wp\/v2\/pages\/4805\/revisions"}],"predecessor-version":[{"id":5073,"href":"https:\/\/conslaplata.esteri.it\/es\/wp-json\/wp\/v2\/pages\/4805\/revisions\/5073"}],"up":[{"embeddable":true,"href":"https:\/\/conslaplata.esteri.it\/es\/wp-json\/wp\/v2\/pages\/226"}],"wp:attachment":[{"href":"https:\/\/conslaplata.esteri.it\/es\/wp-json\/wp\/v2\/media?parent=4805"}],"curies":[{"name":"wp","href":"https:\/\/api.w.org\/{rel}","templated":true}]}}