{"id":5186,"date":"2025-07-01T15:00:56","date_gmt":"2025-07-01T18:00:56","guid":{"rendered":"https:\/\/conslaplata.esteri.it\/?page_id=5186"},"modified":"2026-03-03T16:11:53","modified_gmt":"2026-03-03T19:11:53","slug":"cittadinanza-per-figli-minori","status":"publish","type":"page","link":"https:\/\/conslaplata.esteri.it\/es\/servizi-consolari-e-visti\/servizi-per-il-cittadino-straniero\/cittadinanza\/cittadinanza-per-figli-minori\/","title":{"rendered":"Adquisici\u00f3n de la ciudadan\u00eda por \u201cbeneficio de ley\u201d (hijos menores nacidos en el exterior)"},"content":{"rendered":"<h3><strong>Normativa y requisitos<\/strong><\/h3>\n<p>En dos casos, previstos por el inciso 1-bis del art\u00edculo 4 de la Ley n. 91\/1992 y por el art\u00edculo 1, inciso 1-ter del DL 36\/2025, <strong>los hijos menores nacidos en el exterior<\/strong>\u00a0de un progenitor ciudadano que no transmite autom\u00e1ticamente la ciudadan\u00eda, pueden adquirir la ciudadan\u00eda italiana por \u201cbeneficio de ley\u201d.<\/p>\n<p>El\u00a0<strong>menor<\/strong>\u00a0que eventualmente se beneficie de esta disposici\u00f3n,\u00a0<strong>no<\/strong>\u00a0ser\u00e1\u00a0<strong>ciudadano por nacimiento<\/strong>\u00a0o\u00a0<em>iure sanguinis<\/em>.<\/p>\n<p>De acuerdo con el art\u00edculo 15 de la Ley n.\u00ba 91\/1992, no adquiere la ciudadan\u00eda por nacimiento, sino a partir del d\u00eda siguiente a la presentaci\u00f3n de la declaraci\u00f3n prevista por la ley.<\/p>\n<p><strong>El primer caso<\/strong>\u00a0<strong>(<u>inciso 1-bis del art\u00edculo 4 de la Ley n.\u00ba 91\/1992<\/u>)<\/strong>\u00a0prev\u00e9 los siguientes requisitos, que deben cumplirse\u00a0<strong>conjuntamente<\/strong>:<\/p>\n<ul>\n<li><strong>uno de los padres debe ser ciudadano italiano\u00a0<u>por nacimiento<\/u><\/strong>. Por lo tanto, se excluyen los casos de ciudadanos por naturalizaci\u00f3n seg\u00fan el art\u00edculo 9 de la Ley n. 91\/1992, o por \u201cbeneficio de ley\u201d seg\u00fan el art\u00edculo 4 de la Ley n. 91\/1992, o por matrimonio conforme al art\u00edculo 5 de la Ley n. 91\/1992 o por el art\u00edculo 10 de la Ley n. 555\/1912 o por\u00a0<em>iuris communicatio.<\/em><\/li>\n<li><strong><u>ambos<\/u><\/strong>\u00a0padres (incluido el progenitor extranjero, si lo hubiera) o el tutor legal,\u00a0<strong>deben presentar una declaraci\u00f3n de voluntad de adquisici\u00f3n de la ciudadan\u00eda dentro del plazo de tres a\u00f1os desde el nacimiento<\/strong> (o desde la fecha en que se establece la filiaci\u00f3n con el ciudadano italiano, o desde la fecha en la que se define la adopci\u00f3n por parte de un ciudadano italiano durante la minor\u00eda de edad del hijo). En caso de reconocimiento posterior de la filiaci\u00f3n por parte de ambos progenitores ciudadanos italianos por nacimiento, el plazo de tres a\u00f1os correr\u00e1 desde el primer reconocimiento (ya que este primer reconocimiento transmite la ciudadan\u00eda).<br \/>\nSi en cambio se produce primero el reconocimiento por parte de un progenitor extranjero (o ciudadano italiano no por nacimiento, sino por otra v\u00eda), el t\u00e9rmino de tres a\u00f1os comenzar\u00e1 a contarse a partir del reconocimiento por parte del segundo progenitor ciudadano por nacimiento.<\/li>\n<li><strong>La declaraci\u00f3n de voluntad debe ser formal y realizada personalmente ante el Funcionario del Consulado General delegado para ejercer las funciones de Estado Civil.<\/strong>\u00a0Si los padres no presentan la declaraci\u00f3n en el mismo momento, el requisito previsto por la Ley se considerar\u00e1 cumplido en la fecha de presentaci\u00f3n de la declaraci\u00f3n por parte del segundo progenitor.<br \/>\nSi la filiaci\u00f3n (tambi\u00e9n adoptiva) se establece con una sola persona (o si el otro progenitor ha fallecido), ser\u00e1 suficiente la declaraci\u00f3n de un solo progenitor.<\/li>\n<\/ul>\n<p>En caso de que el menor tenga residencia legal en Italia, la declaraci\u00f3n podr\u00e1 ser presentada tambi\u00e9n despu\u00e9s de tres a\u00f1os del nacimiento, siempre que la residencia se mantenga de manera continua durante al menos dos a\u00f1os despu\u00e9s de la presentaci\u00f3n de la declaraci\u00f3n de voluntad de adquisici\u00f3n de la ciudadan\u00eda presentada por los padres.<\/p>\n<p><strong>El segundo caso<\/strong>\u00a0<strong>(<u>inciso 1-ter del art\u00edculo 1 del DL 36\/2025<\/u>)<\/strong>\u00a0se aplica cuando se cumplen\u00a0<strong>todas<\/strong>\u00a0las siguientes condiciones:<\/p>\n<ul>\n<li>personas\u00a0<strong><u>menores de edad a la fecha de entrada en vigor de la Ley n. 74\/2025,<\/u><\/strong>\u00a0es decir, que no hayan cumplido los 18 a\u00f1os al\u00a0<strong>24 de mayo de 2025<\/strong>;<br \/>\n\u2022\u00a0<strong>hijos de ciudadanos por<u>\u00a0nacimiento<\/u>\u00a0que se encuentren en las condiciones previstas por los incisos a), a-bis) y b) del art\u00edculo 3-bis de la Ley n. 91\/1992.<\/strong>\u00a0En otras palabras, los progenitores deben haber sido reconocidos como ciudadanos en base a una solicitud administrativa o judicial presentada antes de las 23:59 horas (hora italiana) del 27 de marzo de 2025, o seg\u00fan una solicitud presentada en base a un turno comunicado por el Consulado o el Municipio hasta esa fecha;<br \/>\n\u2022\u00a0<strong><u>la declaraci\u00f3n de los padres o del tutor legal deber\u00e1 ser presentada ante la Oficina Consular antes del 31 de mayo de 2029 (plazo prorrogado con Ley 28 de febrero de 2026, n. 26). En caso de que el interesado, menor a la fecha del 24 de mayo de 2025, haya alcanzado la mayor\u00eda de edad en ese lapso, deber\u00e1 presentar la declaraci\u00f3n personalmente dentro del mismo plazo.<\/u><\/strong><\/li>\n<\/ul>\n<p><span style=\"text-decoration: underline;\"><strong>Las declaraciones presentadas a partir del 1 de enero de 2026 son gratuitas.<\/strong><\/span><\/p>\n<p>Las declaraciones previstas en los casos anteriores deber\u00e1n realizarse personalmente en el Consulado ante el empleado delegado para realizar funciones de Registro Civil.<\/p>\n<p><strong><em><u>Las solicitudes de adquisici\u00f3n de la ciudadan\u00eda por beneficio de ley y la documentaci\u00f3n correspondiente deber\u00e1n presentarse exclusivamente a trav\u00e9s del <a href=\"https:\/\/serviziconsolari.esteri.it\/ScoFE\/index.sco\" target=\"_blank\" rel=\"noopener\">portal Fast-it<\/a>.<\/u><\/em><\/strong><\/p>\n<p>S\u00f3lo una vez verificada la exactitud formal y sustancial de la documentaci\u00f3n y (solamente para las solicitudes presentadas dentro del 31 de diciembre de 2025) recibo del pago realizado en Fast-it, El Consulado General comunicar\u00e1 a los progenitores un \u201cc\u00f3digo tr\u00e1mite\u201d. El solicitante deber\u00e1 pedir un turno en el portal Prenot@mi para realizar la declaraci\u00f3n, reservando el servicio <strong>\u201cAdquisici\u00f3n de ciudadan\u00eda por beneficio de ley (hijos menores nacidos en el extranjero) &#8211; Art. 4, c. 1-bis L. 91\/1992 e Art. 1 c. 1-ter D.L. 36\/2025\u201d<\/strong>, y poniendo el \u201cc\u00f3digo tr\u00e1mite\u201d recibido en el campo \u201cNotas para la Sede\u201d, en la fase de reserva.<\/p>\n<p><strong><u>Se recomienda no reservar turnos para la declaraci\u00f3n en el portal Prenot@mi sin el correspondiente \u201cc\u00f3digo tr\u00e1mite\u201d asignado por el Consulado. Los turnos reservados que no tengan el \u201cc\u00f3digo tr\u00e1mite\u201d ser\u00e1n anulados.<\/u><\/strong><\/p>\n<p>Ambos padres del menor (o el solicitante menor a la fecha 24.05.2025 y mayor a la fecha del turno) deber\u00e1n concurrir al Consulado con la documentaci\u00f3n necesaria, m\u00e1s abajo detallada.<\/p>\n<p><strong>Documentaci\u00f3n<\/strong><\/p>\n<p>Documentaci\u00f3n necesaria para presentar la solicitud de adquisici\u00f3n de la ciudadan\u00eda por beneficio de ley, que deber\u00e1 ser cargada en el <span style=\"text-decoration: underline;\"><a href=\"https:\/\/serviziconsolari.esteri.it\/ScoFE\/index.sco\" target=\"_blank\" rel=\"noopener\">portal Fast It<\/a><\/span>\u201d:<\/p>\n<ol>\n<li><span style=\"text-decoration: underline;\"><a href=\"https:\/\/conslaplata.esteri.it\/wp-content\/uploads\/2025\/10\/21.-RICHIESTA-DI-ACQUISTO-DELLA-CITTADINANZA-PER-BENEFICIO-DI-LEGGE-DEL-MINORE-v.-01.10.2025.pdf\" target=\"_blank\" rel=\"noopener\">solicitud<\/a><\/span> debidamente completada y firmada (en caso de no conocer la Comuna de referencia en Italia, el campo correspondiente puede dejarse vac\u00edo);<\/li>\n<li>copia del DNI frente\/retro de todo el n\u00facleo familiar (en caso de que resulte la misma direcci\u00f3n);<\/li>\n<li>documentaci\u00f3n relativa al solicitante:<\/li>\n<\/ol>\n<ul>\n<li><strong>actas del Estado Civil (nacimiento)\u00a0<\/strong>o \u201cpartidas\u201d (no certificados):<\/li>\n<li>emitidas con sistema GEDO con traducci\u00f3n integral (tanto del acta como de la firma digital emitida por la oficina local del Registro Civil) o en original con firma manuscrita, con Apostilla digital emitida por el Ministerio de Relaciones Exteriores o por el Colegio de Escribanos con traducci\u00f3n integral (tanto del acta como de la Apostilla digital);<\/li>\n<li>con Apostilla si fueron emitidas en un pa\u00eds distinto a la Argentina;<\/li>\n<li>traducidas al italiano (la traducci\u00f3n debe realizarse en el pa\u00eds donde se emiti\u00f3 el acta y ser debidamente legalizada si no fue redactada en Argentina);<\/li>\n<\/ul>\n<p>o\u00a0<strong>eventuales sentencias judiciales<\/strong>\u00a0(por ejemplo, de adopci\u00f3n*, reconocimiento judicial) deber\u00e1n presentarse:<\/p>\n<ul>\n<li>en original y en versi\u00f3n \u00edntegra (deben incluir AUTOS; VISTOS; CONSIDERANDO; FALLO);<\/li>\n<li>con \u201cconstancia de cosa juzgada\u201d (es decir, que la sentencia est\u00e9 \u201cFIRME\u201d, \u201cCONSENTIDA\u201d, \u201cEJECUTORIADA\u201d o tenga el car\u00e1cter de \u201cCOSA JUZGADA\u201d, con la indicaci\u00f3n de la fecha desde la cual la sentencia es definitiva);<\/li>\n<li>con Apostilla;<\/li>\n<li>traducidas al italiano (la traducci\u00f3n debe realizarse en el pa\u00eds donde fue emitida y ser debidamente legalizada si no fue redactada en Argentina);<\/li>\n<li>acompa\u00f1adas de la \u201cSolicitud de transcripci\u00f3n\u201d debidamente firmada por el solicitante.<\/li>\n<\/ul>\n<p><strong>*\u00a0SENTENCIA DE ADOPCI\u00d3N:<\/strong><\/p>\n<ul>\n<li>debe especificar el estado de abandono del menor o la autorizaci\u00f3n de uno o ambos progenitores biol\u00f3gicos con fines de adopci\u00f3n;<\/li>\n<li>documentaci\u00f3n que acredite la residencia de al menos dos a\u00f1os en Argentina previa a la adopci\u00f3n del menor por parte de los padres adoptivos (es necesario el \u201ccertificado de movimientos migratorios\u201d que se puede solicitar en la Direcci\u00f3n local de \u201cMigraciones\u201d).<\/li>\n<\/ul>\n<p><strong>\u00a0<\/strong><\/p>\n<p><strong>HIJOS MENORES DE PADRE, MADRE O ABUELO\/A EXCLUSIVAMENTE CIUDADANO\/A ITALIANO\/A<\/strong><\/p>\n<p>El procedimiento para la presentaci\u00f3n de solicitudes de inscripci\u00f3n de hijos menores de edad de padre, madre o abuelo\/a que sea exclusivamente ciudadano\/a italiano\/a (arts. 1, letra \u201ca\u201d y 3-bis, letra \u201cc\u201d de la Ley n.\u00ba 91\/1992) est\u00e1 disponible en el siguiente\u00a0<a href=\"https:\/\/conslaplata.esteri.it\/es\/servizi-consolari-e-visti\/servizi-per-il-cittadino-italiano\/stato-civile\/actas-de-nacimiento\/\" target=\"_blank\" rel=\"noopener\">enlace\u00a0<\/a><\/p>\n","protected":false},"excerpt":{"rendered":"Normativa y requisitos En dos casos, previstos por el inciso 1-bis del art\u00edculo 4 de la Ley n. 91\/1992 y por el art\u00edculo 1, inciso 1-ter del DL 36\/2025, los hijos menores nacidos en el exterior\u00a0de un progenitor ciudadano que no transmite autom\u00e1ticamente la ciudadan\u00eda, pueden adquirir la ciudadan\u00eda italiana por \u201cbeneficio de ley\u201d. El\u00a0menor\u00a0que [&hellip;]","protected":false},"author":8,"featured_media":0,"parent":249,"menu_order":1,"comment_status":"closed","ping_status":"closed","template":"","meta":{"footnotes":""},"class_list":["post-5186","page","type-page","status-publish","hentry"],"_links":{"self":[{"href":"https:\/\/conslaplata.esteri.it\/es\/wp-json\/wp\/v2\/pages\/5186","targetHints":{"allow":["GET"]}}],"collection":[{"href":"https:\/\/conslaplata.esteri.it\/es\/wp-json\/wp\/v2\/pages"}],"about":[{"href":"https:\/\/conslaplata.esteri.it\/es\/wp-json\/wp\/v2\/types\/page"}],"author":[{"embeddable":true,"href":"https:\/\/conslaplata.esteri.it\/es\/wp-json\/wp\/v2\/users\/8"}],"replies":[{"embeddable":true,"href":"https:\/\/conslaplata.esteri.it\/es\/wp-json\/wp\/v2\/comments?post=5186"}],"version-history":[{"count":10,"href":"https:\/\/conslaplata.esteri.it\/es\/wp-json\/wp\/v2\/pages\/5186\/revisions"}],"predecessor-version":[{"id":6736,"href":"https:\/\/conslaplata.esteri.it\/es\/wp-json\/wp\/v2\/pages\/5186\/revisions\/6736"}],"up":[{"embeddable":true,"href":"https:\/\/conslaplata.esteri.it\/es\/wp-json\/wp\/v2\/pages\/249"}],"wp:attachment":[{"href":"https:\/\/conslaplata.esteri.it\/es\/wp-json\/wp\/v2\/media?parent=5186"}],"curies":[{"name":"wp","href":"https:\/\/api.w.org\/{rel}","templated":true}]}}