{"id":5297,"date":"2025-07-03T14:03:52","date_gmt":"2025-07-03T17:03:52","guid":{"rendered":"https:\/\/conslaplata.esteri.it\/?page_id=5297"},"modified":"2025-07-03T14:05:20","modified_gmt":"2025-07-03T17:05:20","slug":"eleccion-de-ciudadania","status":"publish","type":"page","link":"https:\/\/conslaplata.esteri.it\/es\/servizi-consolari-e-visti\/servizi-per-il-cittadino-straniero\/cittadinanza\/eleccion-de-ciudadania\/","title":{"rendered":"Elecci\u00f3n de ciudadan\u00eda"},"content":{"rendered":"<h5 align=\"center\"><span style=\"color: #ff0000;\"><strong><u>El contenido de la presente p\u00e1gina web del Consulado General\u00a0se encuentra en proceso de actualizaci\u00f3n<\/u><\/strong><\/span><\/h5>\n<h5 align=\"center\"><span style=\"color: #ff0000;\"><strong><u>En lo que respecta a las normas actualmente vigentes sobre el reconocimiento de la ciudadan\u00eda \u201ciure sanguinis\u201d, se ruega consultar la normativa publicada en el siguiente\u00a0<a style=\"color: #ff0000;\" href=\"https:\/\/www.gazzettaufficiale.it\/eli\/id\/2025\/05\/23\/25A03081\/sg\">enlace<\/a>, en el que se encuentra disponible el texto del decreto-ley n. 36 del 28 de marzo de 2025, en coordinaci\u00f3n con la ley de conversi\u00f3n n. 74 del 23 de mayo de 2025, que se recomienda leer atentamente.<\/u><\/strong><\/span><\/h5>\n<p>En caso de que el reconocimiento o la declaraci\u00f3n judicial involucre a\u00a0<strong>un mayor de edad<\/strong>, este adquirir\u00e1 la ciudadan\u00eda italiana con efecto a partir de la fecha de nacimiento solo si manifieste \u00a0su voluntad en tal sentido a trav\u00e9s del acto jur\u00eddico de\u00a0<strong>&lt;&lt;elecci\u00f3n de la ciudadan\u00eda&gt;&gt;.<\/strong><\/p>\n<p>La elecci\u00f3n de ciudadan\u00eda es v\u00e1lida solo si se realiza\u00a0<strong>dentro de un a\u00f1o desde la efectividad del acto\u00a0<\/strong>(reconocimiento o declaraci\u00f3n judicial)\u00a0<strong>seg\u00fan el ordenamiento italiano<\/strong>\u00a0(<a href=\"https:\/\/www.gazzettaufficiale.it\/eli\/id\/1992\/02\/15\/092G0162\/sg\">art\u00edculo 2, p\u00e1rrafo 2, ley n. 91\/1992<\/a>).<\/p>\n<p>La elecci\u00f3n de ciudadan\u00eda solo puede llevarse a cabo si el padre o madre del cual se desea adquirir el\u00a0<em>status civitatis<\/em>\u00a0ha sido reconocido como ciudadano italiano.<\/p>\n<p><strong>Los solicitantes deber\u00e1n contactar con la Oficina de Ciudadan\u00eda (<a href=\"mailto:cittadinanza.laplata@esteri.it\">cittadinanza.laplata@esteri.it<\/a>) para obtener informaci\u00f3n sobre el turno y la documentaci\u00f3n requerida.<\/strong><\/p>\n","protected":false},"excerpt":{"rendered":"El contenido de la presente p\u00e1gina web del Consulado General\u00a0se encuentra en proceso de actualizaci\u00f3n En lo que respecta a las normas actualmente vigentes sobre el reconocimiento de la ciudadan\u00eda \u201ciure sanguinis\u201d, se ruega consultar la normativa publicada en el siguiente\u00a0enlace, en el que se encuentra disponible el texto del decreto-ley n. 36 del 28 [&hellip;]","protected":false},"author":8,"featured_media":0,"parent":249,"menu_order":9,"comment_status":"closed","ping_status":"closed","template":"","meta":{"footnotes":""},"class_list":["post-5297","page","type-page","status-publish","hentry"],"_links":{"self":[{"href":"https:\/\/conslaplata.esteri.it\/es\/wp-json\/wp\/v2\/pages\/5297","targetHints":{"allow":["GET"]}}],"collection":[{"href":"https:\/\/conslaplata.esteri.it\/es\/wp-json\/wp\/v2\/pages"}],"about":[{"href":"https:\/\/conslaplata.esteri.it\/es\/wp-json\/wp\/v2\/types\/page"}],"author":[{"embeddable":true,"href":"https:\/\/conslaplata.esteri.it\/es\/wp-json\/wp\/v2\/users\/8"}],"replies":[{"embeddable":true,"href":"https:\/\/conslaplata.esteri.it\/es\/wp-json\/wp\/v2\/comments?post=5297"}],"version-history":[{"count":1,"href":"https:\/\/conslaplata.esteri.it\/es\/wp-json\/wp\/v2\/pages\/5297\/revisions"}],"predecessor-version":[{"id":5300,"href":"https:\/\/conslaplata.esteri.it\/es\/wp-json\/wp\/v2\/pages\/5297\/revisions\/5300"}],"up":[{"embeddable":true,"href":"https:\/\/conslaplata.esteri.it\/es\/wp-json\/wp\/v2\/pages\/249"}],"wp:attachment":[{"href":"https:\/\/conslaplata.esteri.it\/es\/wp-json\/wp\/v2\/media?parent=5297"}],"curies":[{"name":"wp","href":"https:\/\/api.w.org\/{rel}","templated":true}]}}