{"id":692,"date":"2023-05-15T15:22:29","date_gmt":"2023-05-15T18:22:29","guid":{"rendered":"https:\/\/conslaplata.esteri.it\/?page_id=692"},"modified":"2023-09-13T14:19:59","modified_gmt":"2023-09-13T17:19:59","slug":"patronatos","status":"publish","type":"page","link":"https:\/\/conslaplata.esteri.it\/es\/chi-siamo\/la-rete-consolare\/patronatos\/","title":{"rendered":"Patronatos"},"content":{"rendered":"<p>Los patronatos, regulados por la ley italiana 152\/2001, son personas jur\u00eddicas de derecho privado que ofrecen gratuitamente actividades de informaci\u00f3n, consultas y preparaci\u00f3n de tr\u00e1mites de seguridad social, jubilaciones y de otros tipos (pueden por ejemplo, aclarar dudas sobre correspondencia recibida del INPS o brindar ayuda para conseguir documentaci\u00f3n \u00fatil para la tramitaci\u00f3n de la ciudadan\u00eda). En particular, est\u00e1n autorizados a tramitar las solicitudes jubilatorias en r\u00e9gimen con la Convenci\u00f3n Internacional con la Republica Argentina.<br \/>\nSe indican a continuaci\u00f3n los referentes de los Patronatos que operan en la circunscripci\u00f3n de este Consulado General.<\/p>\n<p><strong>\u00a0<\/strong><\/p>\n<p><strong>INAS LA PLATA<\/strong><br \/>\nResponsable: Silvina Rocha<br \/>\nDirecci\u00f3n: calle 48 n. 884 4\u00b0 A entre 12 y 13<br \/>\nEdificio: Puerto Tribunales II<br \/>\nLocalidad: La Plata<br \/>\nE-mail:\u00a0<a href=\"mailto:laplata@inas.it\"><strong>laplata@inas.it<\/strong><\/a><br \/>\nSitio web:\u00a0<a href=\"http:\/\/www.inas.it\/\"><strong>www.inas.it<\/strong><\/a><strong>\u00a0<\/strong><br \/>\nHorarios: Lunes a viernes (09.00-15.00)<\/p>\n<p><strong>INCA LA PLATA<\/strong><br \/>\nResponsable: Marisa Varela<br \/>\nDirecci\u00f3n: calle 48 n. 845 2\u00baA<br \/>\nLocalidad: La Plata<br \/>\nTel\u00e9fono: 0221 4830588<br \/>\nE-mail:\u00a0<a href=\"mailto:laplata@incargentina.org.ar\"><strong>laplata@incargentina.org.ar<\/strong><\/a><strong><br \/>\n<\/strong>Sitio web:\u00a0<a href=\"http:\/\/www.incaargentina.com\/#!la-plata\/c14kg\"><strong>http:\/\/www.incaargentina.com\/#!la-plata\/c14kg<\/strong><br \/>\n<\/a>Horarios: Lunes a viernes (08.30-14.00)<\/p>\n<p><strong>EPASA.ITACO ARGENTINA LA PLATA<\/strong><br \/>\nResponsable: Adriana Quintero<br \/>\nDirecci\u00f3n:\u00a048 n. 928 e\/ 13 y 14 Oficina 4 B<br \/>\nLocalidad: La Plata<br \/>\nTel\u00e9fono:\u00a0221 4588948<br \/>\nE-mail:\u00a0<a href=\"mailto:buenosaires@epasa-itaco.it\"><strong>buenosaires@epasa-itaco.it<br \/>\n<\/strong><\/a>Sitio web:\u00a0<a href=\"https:\/\/www.epasa-itaco.it\/\"><strong>www.epasa.cna.it<\/strong><strong><br \/>\n<\/strong><\/a>Horarios: Lunes a viernes (08.00-16.00)<\/p>\n<p><strong>INCA QUILMES<\/strong><br \/>\nResponsable: Graciela Misu<br \/>\nDirecci\u00f3n: Hip\u00f3lito Irigoyen n. 570 1\u00ba piso, local 181<br \/>\nLocalidad: Quilmes<br \/>\nTel\u00e9fono: 011 42574836<br \/>\nE-mail:\u00a0<a href=\"mailto:quilmes@incargentina.org.ar\"><strong>quilmes@incargentina.org.ar<br \/>\n<\/strong><\/a>Sitio web:\u00a0<a href=\"http:\/\/www.inca.it\/\"><strong>www.inca.it<\/strong><br \/>\n<\/a>Horarios: Lunes a viernes (09.00-16.00)<\/p>\n<p><strong>ITAL-UIL QUILMES<\/strong><br \/>\nResponsable: Conrada Maria Bell\u2019Arte<br \/>\nDirecci\u00f3n: Hip\u00f3lito Irigoyen n. 570 1\u00ba piso, locales 167 y 168<br \/>\nLocalidad: Quilmes<br \/>\nTel\u00e9fono: 011 42544176<br \/>\nE-mail:\u00a0<a href=\"mailto:italquilmes@italarg.org\"><strong>italquilmes@italarg.org<\/strong><br \/>\n<\/a>Sitio web:\u00a0<a href=\"http:\/\/www.italuil.it\/\"><strong>www.italuil.it<\/strong><br \/>\n<\/a>Horarios: Lunes a viernes (09.00-15.00)<\/p>\n<p><strong>INCA OLAVARRIA<\/strong><br \/>\nResponsable: Gabriela Garay<br \/>\nDirecci\u00f3n: Dorrego 1627<br \/>\nLocalidad: Olavarria<br \/>\nTel\u00e9fono: 02284 15592715<br \/>\nE-mail:\u00a0<a href=\"mailto:olavarria@incargentina.org.ar\"><strong>olavarria@incargentina.org.ar<\/strong><\/a><strong>\u00a0<\/strong><br \/>\nPec:\u00a0<a href=\"mailto:olavarria.argentina@inca.pecgil.it\"><strong>olavarria.argentina@inca.pecgil.it<\/strong><\/a><strong>\u00a0<\/strong><br \/>\nSitio web:\u00a0<a href=\"http:\/\/www.incaargentina.com\/olavarria\"><strong>http:\/\/www.incaargentina.com\/olavarria<\/strong><\/a><strong>\u00a0<\/strong><br \/>\nINCA.it:\u00a0<a class=\"focus--mouse\" href=\"https:\/\/inca.it\/dove-siamo\/sedi-nel-mondo.html\" data-focus-mouse=\"true\"><strong>https:\/\/inca.it\/dove-siamo\/sedi-nel-mondo.html<\/strong><\/a><strong>\u00a0<\/strong><br \/>\nHorarios: Lunes a viernes (08.30-14.00)<\/p>\n","protected":false},"excerpt":{"rendered":"Los patronatos, regulados por la ley italiana 152\/2001, son personas jur\u00eddicas de derecho privado que ofrecen gratuitamente actividades de informaci\u00f3n, consultas y preparaci\u00f3n de tr\u00e1mites de seguridad social, jubilaciones y de otros tipos (pueden por ejemplo, aclarar dudas sobre correspondencia recibida del INPS o brindar ayuda para conseguir documentaci\u00f3n \u00fatil para la tramitaci\u00f3n de la [&hellip;]","protected":false},"author":6,"featured_media":0,"parent":170,"menu_order":2,"comment_status":"closed","ping_status":"closed","template":"","meta":{"footnotes":""},"class_list":["post-692","page","type-page","status-publish","hentry"],"_links":{"self":[{"href":"https:\/\/conslaplata.esteri.it\/es\/wp-json\/wp\/v2\/pages\/692","targetHints":{"allow":["GET"]}}],"collection":[{"href":"https:\/\/conslaplata.esteri.it\/es\/wp-json\/wp\/v2\/pages"}],"about":[{"href":"https:\/\/conslaplata.esteri.it\/es\/wp-json\/wp\/v2\/types\/page"}],"author":[{"embeddable":true,"href":"https:\/\/conslaplata.esteri.it\/es\/wp-json\/wp\/v2\/users\/6"}],"replies":[{"embeddable":true,"href":"https:\/\/conslaplata.esteri.it\/es\/wp-json\/wp\/v2\/comments?post=692"}],"version-history":[{"count":3,"href":"https:\/\/conslaplata.esteri.it\/es\/wp-json\/wp\/v2\/pages\/692\/revisions"}],"predecessor-version":[{"id":1234,"href":"https:\/\/conslaplata.esteri.it\/es\/wp-json\/wp\/v2\/pages\/692\/revisions\/1234"}],"up":[{"embeddable":true,"href":"https:\/\/conslaplata.esteri.it\/es\/wp-json\/wp\/v2\/pages\/170"}],"wp:attachment":[{"href":"https:\/\/conslaplata.esteri.it\/es\/wp-json\/wp\/v2\/media?parent=692"}],"curies":[{"name":"wp","href":"https:\/\/api.w.org\/{rel}","templated":true}]}}