{"id":694,"date":"2023-05-18T12:23:01","date_gmt":"2023-05-18T15:23:01","guid":{"rendered":"https:\/\/conslaplata.esteri.it\/?page_id=694"},"modified":"2025-04-08T13:15:37","modified_gmt":"2025-04-08T16:15:37","slug":"oficinas-de-la-red-consular-honoraria","status":"publish","type":"page","link":"https:\/\/conslaplata.esteri.it\/es\/chi-siamo\/la-rete-consolare\/oficinas-de-la-red-consular-honoraria\/","title":{"rendered":"Oficinas de la Red Consular Honoraria"},"content":{"rendered":"<p>Se indican, a continuaci\u00f3n, los contactos\u00a0y los referentes de las\u00a0<strong>Oficinas de la\u00a0Red Consular Honoraria<\/strong>\u00a0que operan\u00a0en la Circunscripci\u00f3n Consular.<\/p>\n<p>&nbsp;<\/p>\n<p><strong>AGENCIA CONSULAR HONORARIA \u2013 QUILMES<br \/>\n<\/strong>Jurisdicci\u00f3n: Quilmes<br \/>\nCorresponsal Consular:\u00a0 Avv. Carlos Alberto Torre<br \/>\nDirecci\u00f3n: Calle Mitre n\u00ba 421, Quilmes<br \/>\nTel\u00e9fono: 011 2085 3845<br \/>\nE-mail: <strong><a href=\"mailto:agencia.con.italiaquilmes@gmail.com\">agencia.con.italiaquilmes@gmail.com<br \/>\n<\/a><\/strong>Horario de atenci\u00f3n al p\u00fablico: martes de 9:00 a 13:00 hrs.<br \/>\n<strong>La oficina recibe con cita previa<\/strong>.<\/p>\n<p><strong>AGENCIA CONSULAR HONORARIA \u2013 OLAVARR\u00cdA<br \/>\n<\/strong>Jurisdicci\u00f3n: \u201cOlavarria, Azul, Tapalqu\u00e9, General La Madrid e Laprida\u201d<br \/>\nAgente Consular: Sig.ra\u00a0<strong>Lidia Aida Abalo<\/strong><br \/>\nDirecci\u00f3n: Dorrego 2851,\u00a0Olavarr\u00eda<br \/>\nTel\u00e9fono:\u00a002284 414440<br \/>\nE -mail:\u00a0<a href=\"mailto:lidiabaloburani@yahoo.com.ar\"><strong>lidiabaloburani@yahoo.com.ar<\/strong><\/a><br \/>\nHorario de atenci\u00f3n al p\u00fablico:\u00a0lunes y mi\u00e9rcoles de 8:30 a 11:00 hrs.<br \/>\n<a href=\"https:\/\/conslaplata.esteri.it\/wp-content\/uploads\/2023\/09\/OLAVARRIA.pdf\"><strong>Decreto de Limitaci\u00f3n de Funciones (DLF) de la Agencia\u00a0 Consular Honoraria de Olavarria<\/strong><\/a><\/p>\n<p>&nbsp;<\/p>\n<p><strong>CORRESPONSAL CONSULAR HONORARIO \u00a0<\/strong><strong>&#8211; CHASCOM\u00daS<\/strong><br \/>\nCorresponsal Consular: Prof.\u00a0<strong>Roberto Reina<br \/>\n<\/strong>Direcci\u00f3n: Santa Fe n\u00ba 250, Chascom\u00fas<br \/>\nE-mail:\u00a0<a href=\"mailto:robertochasco@hotmail.com\"><strong>robertochasco@hotmail.com<\/strong><\/a><br \/>\n<strong>La oficina recibe con cita previa<\/strong>.<\/p>\n<p>&nbsp;<\/p>\n<p><strong>CORRESPONSAL CONSULAR HONORARIO \u00a0 \u2013 CHIVILCOY\u00a0<\/strong><br \/>\nCorresponsal Consular: Sig.ra\u00a0<strong>Rosana Luj\u00e1n Garc\u00eda<\/strong><br \/>\nDirecci\u00f3n: .Av Ceballos 35, Chivilcoy<br \/>\nE -mail:\u00a0<a href=\"mailto:acichivilcoy@hotmail.com\"><strong>acichivilcoy@hotmail.com<\/strong><\/a><br \/>\nHorario de atenci\u00f3n al p\u00fablico:\u00a0martes y jueves de 16:30 a 18:30 hrs.<\/p>\n<p>&nbsp;<\/p>\n<p><strong>CORRESPONSAL CONSULAR HONORARIO \u00a0 \u2013 SALADILLO<\/strong><br \/>\nCorresponsal Consular: Sig.ra\u00a0<strong>N\u00e9lida Cimino<\/strong><br \/>\nDirecci\u00f3n: Alvarez de Toledo e\/Moreno y Sojo, Saladillo<br \/>\nE-mail:\u00a0<a href=\"mailto:corresponsaliasaladillo@hotmail.com\"><strong>corresponsaliasaladillo@hotmail.com<\/strong><\/a><br \/>\nHorario de atenci\u00f3n al p\u00fablico: viernes de 09.30 a\u00a011.30 hrs.<\/p>\n<p>&nbsp;<\/p>\n<p><strong>CORRESPONSAL CONSULAR HONORARIO \u00a0 \u2013 TRENQUE LAUQUEN<\/strong><\/p>\n<p>Jurisdicci\u00f3n: Trenque Lauquen, General Villas, Rivadavia, Carlos Tejedor, Pellegrini, Tres Lomas, Salliquel\u00f2.<br \/>\nCorresponsal Consular:<strong>\u00a0Sig.ra Maria Carla Ricciardi<\/strong><br \/>\nDirecci\u00f3n:\u00a0Villegas N\u00b0 275, Trenque Lauquen<br \/>\nE-mail:<strong>\u00a0<\/strong><a href=\"mailto:corresponsalia.trenquelauquen@gmail.com\"><strong>corresponsalia.trenquelauquen@gmail.com<\/strong><\/a><br \/>\nTel\u00e9fonos:\u00a02392-580662 \u2013\u00a02392-415861<\/p>\n","protected":false},"excerpt":{"rendered":"Se indican, a continuaci\u00f3n, los contactos\u00a0y los referentes de las\u00a0Oficinas de la\u00a0Red Consular Honoraria\u00a0que operan\u00a0en la Circunscripci\u00f3n Consular. &nbsp; AGENCIA CONSULAR HONORARIA \u2013 QUILMES Jurisdicci\u00f3n: Quilmes Corresponsal Consular:\u00a0 Avv. Carlos Alberto Torre Direcci\u00f3n: Calle Mitre n\u00ba 421, Quilmes Tel\u00e9fono: 011 2085 3845 E-mail: agencia.con.italiaquilmes@gmail.com Horario de atenci\u00f3n al p\u00fablico: martes de 9:00 a 13:00 hrs. [&hellip;]","protected":false},"author":6,"featured_media":0,"parent":170,"menu_order":1,"comment_status":"closed","ping_status":"closed","template":"","meta":{"footnotes":""},"class_list":["post-694","page","type-page","status-publish","hentry"],"_links":{"self":[{"href":"https:\/\/conslaplata.esteri.it\/es\/wp-json\/wp\/v2\/pages\/694","targetHints":{"allow":["GET"]}}],"collection":[{"href":"https:\/\/conslaplata.esteri.it\/es\/wp-json\/wp\/v2\/pages"}],"about":[{"href":"https:\/\/conslaplata.esteri.it\/es\/wp-json\/wp\/v2\/types\/page"}],"author":[{"embeddable":true,"href":"https:\/\/conslaplata.esteri.it\/es\/wp-json\/wp\/v2\/users\/6"}],"replies":[{"embeddable":true,"href":"https:\/\/conslaplata.esteri.it\/es\/wp-json\/wp\/v2\/comments?post=694"}],"version-history":[{"count":6,"href":"https:\/\/conslaplata.esteri.it\/es\/wp-json\/wp\/v2\/pages\/694\/revisions"}],"predecessor-version":[{"id":4945,"href":"https:\/\/conslaplata.esteri.it\/es\/wp-json\/wp\/v2\/pages\/694\/revisions\/4945"}],"up":[{"embeddable":true,"href":"https:\/\/conslaplata.esteri.it\/es\/wp-json\/wp\/v2\/pages\/170"}],"wp:attachment":[{"href":"https:\/\/conslaplata.esteri.it\/es\/wp-json\/wp\/v2\/media?parent=694"}],"curies":[{"name":"wp","href":"https:\/\/api.w.org\/{rel}","templated":true}]}}