{"id":738,"date":"2023-05-11T13:51:48","date_gmt":"2023-05-11T16:51:48","guid":{"rendered":"https:\/\/conslaplata.esteri.it\/?page_id=738"},"modified":"2025-10-02T13:20:19","modified_gmt":"2025-10-02T16:20:19","slug":"formularios","status":"publish","type":"page","link":"https:\/\/conslaplata.esteri.it\/es\/servizi-consolari-e-visti\/servizi-per-il-cittadino-italiano\/formularios\/","title":{"rendered":"Formularios"},"content":{"rendered":"<p><strong><u>ESTADO CIVIL<\/u><\/strong><\/p>\n<p><a href=\"https:\/\/conslaplata.esteri.it\/wp-content\/uploads\/2024\/03\/14.-modello_iscrizione_aire_032024.pdf\"><strong>Solicitud de inscripci\u00f3n A.I.R.E.<\/strong><\/a><\/p>\n<p><a href=\"https:\/\/conslaplata.esteri.it\/wp-content\/uploads\/2025\/10\/2.-RICHIESTA-D-ISCRIZIONE-A.I.R.E-DI-FIGLIO-MINORENNE-nuovo.pdf\" target=\"_blank\" rel=\"noopener\"><strong><u>Solicitud de inscripci\u00f3n de hijo menor<\/u><\/strong><\/a><\/p>\n<p><a href=\"https:\/\/conslaplata.esteri.it\/wp-content\/uploads\/2025\/10\/3.-DICHIARAZIONEDELGENITORE-NON-CONVIVENTECONILFIGLIO.pdf\" target=\"_blank\" rel=\"noopener\"><strong><span style=\"text-decoration: underline;\">Declaraci\u00f3n A.I.R.E. de progenitor no conviviente con el hijo menor<\/span><\/strong><\/a><\/p>\n<p><a href=\"https:\/\/conslaplata.esteri.it\/wp-content\/uploads\/2025\/10\/3b.-Dichiarazione-sostitutiva-di-certificazione.pdf\"><strong>Declaraci\u00f3n Sustitutiva de Certificaci\u00f3n<\/strong><\/a><\/p>\n<p><a href=\"https:\/\/conslaplata.esteri.it\/wp-content\/uploads\/2025\/10\/4.-RICH.-TRASCRIZIONE-MATRIMONIO-DECESSO.pdf\" target=\"_blank\" rel=\"noopener\"><strong>Solicitud de transcripci\u00f3n de actas de estado civil (matrimonio\/defunci\u00f3n)<\/strong><\/a><\/p>\n<p><a href=\"https:\/\/conslaplata.esteri.it\/wp-content\/uploads\/2023\/05\/Dichiarazione_di_costituzione_di_convivenza_di_fatto.pdf\"><strong>Declaraci\u00f3n de constituci\u00f3n de convivencia de hecho<\/strong><\/a><\/p>\n<p><a href=\"https:\/\/conslaplata.esteri.it\/wp-content\/uploads\/2023\/05\/Dich._sostitutiva_dellatto_di_notorieta_-_divorzio.pdf\"><strong>Solicitud de transcripci\u00f3n de sentencia de divorcio<\/strong><\/a><\/p>\n<p><a href=\"https:\/\/conslaplata.esteri.it\/wp-content\/uploads\/2023\/05\/Certificato_ampliatorio_divorzio.pdf\"><strong>Modelo de certificado ampliatorio de la sentencia de divorcio<\/strong><\/a><\/p>\n<p><a href=\"https:\/\/conslaplata.esteri.it\/wp-content\/uploads\/2025\/10\/5.-ISTANZA-CORREZIONE-DEL-COGNOME-CON-DNI.pdf\" target=\"_blank\" rel=\"noopener\"><strong>Instancia de correcci\u00f3n de apellido de mayores<\/strong><\/a><\/p>\n<p><a href=\"https:\/\/conslaplata.esteri.it\/wp-content\/uploads\/2025\/10\/6.-ISTANZA-DI-CORREZIONE-DEL-COGNOME-con-DNI-MINORENNE.pdf\" target=\"_blank\" rel=\"noopener\"><strong>Instancia de correcci\u00f3n de apellido de menores<\/strong><\/a><\/p>\n<p><a href=\"https:\/\/conslaplata.esteri.it\/wp-content\/uploads\/2025\/10\/7.-Istanza-cambiamento-del-cognome-maggiorenni.pdf\" target=\"_blank\" rel=\"noopener\"><strong>Instancia de cambio de apellido de mayore<\/strong><strong>s<\/strong><\/a><\/p>\n<p><a href=\"https:\/\/conslaplata.esteri.it\/wp-content\/uploads\/2025\/10\/8.-Istanza-cambiamento-del-cognome-minorenni.pdf\" target=\"_blank\" rel=\"noopener\"><strong>Instancia de cambio de apellido de menore<\/strong><strong>s<\/strong><\/a><\/p>\n<p><a href=\"https:\/\/conslaplata.esteri.it\/wp-content\/uploads\/2024\/01\/12.-Domanda-passaporto-maggiorenni.pdf\"><strong>Solicitud de pasaporte para ciudadanos mayores de edad<\/strong><\/a><\/p>\n<p><a href=\"https:\/\/conslaplata.esteri.it\/wp-content\/uploads\/2024\/01\/13.-Domanda-passaporto-minorenni.pdf\"><strong>Solicitud de pasaporte para ciudadanos menores de edad<\/strong><\/a><\/p>\n<p><a href=\"https:\/\/conslaplata.esteri.it\/wp-content\/uploads\/2024\/07\/15.-cie_maggiorenne_bilingue.pdf\" target=\"_blank\" rel=\"noopener\"><strong>Solicitud de CIE para mayores de edad<\/strong><\/a><\/p>\n<p><a href=\"https:\/\/conslaplata.esteri.it\/wp-content\/uploads\/2024\/07\/16.-cie_minorenni_bilingue.pdf\" target=\"_blank\" rel=\"noopener\"><strong>Solicitud de CIE para menores de edad<\/strong><\/a><\/p>\n<p>&nbsp;<\/p>\n<p><strong>ASISTENCIA<\/strong><\/p>\n<p><a href=\"https:\/\/conslaplata.esteri.it\/wp-content\/uploads\/2023\/05\/richiesta_assistenza.pdf\"><strong>Solicitud de asistencia social<\/strong><\/a><\/p>\n<p>&nbsp;<\/p>\n<p><strong>NOTARIAL<\/strong><\/p>\n<p><a href=\"https:\/\/conslaplata.esteri.it\/wp-content\/uploads\/2023\/05\/AUTOCERTIFICAZIONE.pdf\"><strong>Modelo de autocertificaci\u00f3n<\/strong><\/a><\/p>\n","protected":false},"excerpt":{"rendered":"ESTADO CIVIL Solicitud de inscripci\u00f3n A.I.R.E. Solicitud de inscripci\u00f3n de hijo menor Declaraci\u00f3n A.I.R.E. de progenitor no conviviente con el hijo menor Declaraci\u00f3n Sustitutiva de Certificaci\u00f3n Solicitud de transcripci\u00f3n de actas de estado civil (matrimonio\/defunci\u00f3n) Declaraci\u00f3n de constituci\u00f3n de convivencia de hecho Solicitud de transcripci\u00f3n de sentencia de divorcio Modelo de certificado ampliatorio de la [&hellip;]","protected":false},"author":6,"featured_media":0,"parent":216,"menu_order":0,"comment_status":"closed","ping_status":"closed","template":"","meta":{"footnotes":""},"class_list":["post-738","page","type-page","status-publish","hentry"],"_links":{"self":[{"href":"https:\/\/conslaplata.esteri.it\/es\/wp-json\/wp\/v2\/pages\/738","targetHints":{"allow":["GET"]}}],"collection":[{"href":"https:\/\/conslaplata.esteri.it\/es\/wp-json\/wp\/v2\/pages"}],"about":[{"href":"https:\/\/conslaplata.esteri.it\/es\/wp-json\/wp\/v2\/types\/page"}],"author":[{"embeddable":true,"href":"https:\/\/conslaplata.esteri.it\/es\/wp-json\/wp\/v2\/users\/6"}],"replies":[{"embeddable":true,"href":"https:\/\/conslaplata.esteri.it\/es\/wp-json\/wp\/v2\/comments?post=738"}],"version-history":[{"count":8,"href":"https:\/\/conslaplata.esteri.it\/es\/wp-json\/wp\/v2\/pages\/738\/revisions"}],"predecessor-version":[{"id":5640,"href":"https:\/\/conslaplata.esteri.it\/es\/wp-json\/wp\/v2\/pages\/738\/revisions\/5640"}],"up":[{"embeddable":true,"href":"https:\/\/conslaplata.esteri.it\/es\/wp-json\/wp\/v2\/pages\/216"}],"wp:attachment":[{"href":"https:\/\/conslaplata.esteri.it\/es\/wp-json\/wp\/v2\/media?parent=738"}],"curies":[{"name":"wp","href":"https:\/\/api.w.org\/{rel}","templated":true}]}}