{"id":741,"date":"2023-05-16T11:58:30","date_gmt":"2023-05-16T14:58:30","guid":{"rendered":"https:\/\/conslaplata.esteri.it\/?page_id=741"},"modified":"2025-12-30T15:44:46","modified_gmt":"2025-12-30T18:44:46","slug":"pasaportes-para-mayores","status":"publish","type":"page","link":"https:\/\/conslaplata.esteri.it\/es\/servizi-consolari-e-visti\/servizi-per-il-cittadino-italiano\/passaporti-e-carte-didentita\/pasaportes-para-mayores\/","title":{"rendered":"Pasaportes para mayores"},"content":{"rendered":"<p>Para solicitar la emisi\u00f3n del pasaporte en este Consulado General, es indispensable:<\/p>\n<ul>\n<li><strong>ser ciudadano italiano,<\/strong><\/li>\n<li><strong>residir en la\u00a0<\/strong><a href=\"https:\/\/conslaplata.esteri.it\/es\/chi-siamo\/la-rete-consolare\/\"><strong>circunscripci\u00f3n<\/strong><\/a><strong>\u00a0de este Consulado General,<\/strong><\/li>\n<li><strong>estar regularmente inscripto en el Anagrafe de los Italianos Residentes en el exterior (<\/strong><a href=\"https:\/\/serviziconsolari.esteri.it\/ScoFE\/services\/service-info.sco?serviceId=92&amp;sCode=AIRERR\"><strong>AIRE<\/strong><\/a><strong>)<\/strong><\/li>\n<li><strong>tener los propios datos personales completos y\u00a0<\/strong><a href=\"https:\/\/serviziconsolari.esteri.it\/ScoFE\/services\/service-info.sco;jsessionid=60486C87CA9334A7F42B75FD236DD5C8?serviceId=93\"><strong>actualizados<\/strong><\/a>\u00a0(estado civil, presencia de hijos menores, domicilio actualizado, etc.).<\/li>\n<\/ul>\n<p>Para los ciudadanos no residentes en la circunscripci\u00f3n de este Consulado General es posible igualmente, en caso de necesidad, solicitar un turno para presentar la solicitud del pasaporte, enviando una comunicaci\u00f3n por e-mail a: <a href=\"mailto:passaporti.laplata@esteri.it\">passaporti.laplata@esteri.it<\/a>.<\/p>\n<p><strong>Reserva del turno<\/strong><\/p>\n<p>Para la emisi\u00f3n del pasaporte <strong>es necesario reservar un turno<\/strong> a trav\u00e9s del portal <strong>Prenot@mi<\/strong>. En el momento de la reserva ser\u00e1 necesario adjuntar copia del \u00faltimo DNI en curso de validez.<\/p>\n<p><strong>EL TURNO ES PERSONAL E INSTRANSFERIBLE. EST\u00c1 PROHIBIDO RESERVAR UTILIZANDO UNA CONEXI\u00d3N CON VPN.<\/strong><\/p>\n<p><strong>No es posible pedir un turno (o solicitar modificarlo) por correo electr\u00f3nico ni personalmente.<\/strong><\/p>\n<p><strong>En caso de comprobada urgencia por motivos de salud, trabajo o estudio, es posible solicitar la asignaci\u00f3n de un turno urgente enviando un e-mail (con la documentaci\u00f3n que compruebe la urgencia en adjunto) a passaporti.laplata@esteri.it.<\/strong><\/p>\n<p><strong><span style=\"text-decoration: underline;\">Documentos a presentar<\/span>:<\/strong><\/p>\n<ul>\n<li><strong>Ultimo Documento argentino<\/strong>\u00a0vigente (y fotocopia)<\/li>\n<li><strong>1\u00a0<\/strong><a href=\"https:\/\/conslaplata.esteri.it\/wp-content\/uploads\/2023\/05\/FOTOGRAFIA-scaled.jpg\"><strong>fotograf\u00eda<\/strong><\/a>\u00a0<strong>reciente<\/strong>\u00a0(35 x 40 mm) con el rostro centrado, de frente, a color con fondo blanco<\/li>\n<\/ul>\n<p>En caso de que el solicitante sea ya titular de un pasaporte italiano, <strong>en curso de validez<\/strong>, deber\u00e1 presentarlo junto a una fotocopia de las primeras tres p\u00e1ginas.<\/p>\n<p><strong><u><br \/>\nExtrav\u00edo o robo del pasaporte<\/u><\/strong><\/p>\n<p>En caso di\u00a0<strong>robo o extrav\u00edo<\/strong>\u00a0del pasaporte es necesario elevar la correspondiente\u00a0<strong>denuncia<\/strong>\u00a0ante las autoridades argentinas competentes (Registro Civil);\u00a0<strong>en la denuncia debe resultar el n\u00famero del pasaporte<\/strong> robado o extraviado.<br \/>\nLuego deber\u00e1<strong>\u00a0 enviarla dentro de los 60 d\u00edas posteriores<\/strong>\u00a0al mail:\u00a0<a href=\"mailto:Passaporti.laplata@esteri.it\">passaporti.laplata@esteri.it<\/a> aunque no desee solicitar un pasaporte nuevo.<\/p>\n<p>En caso de <strong>robo o extrav\u00edo<\/strong>\u00a0del pasaporte <strong>fuera de la Rep\u00fablica Argentina<\/strong>, ser\u00e1 necesario presentar la denuncia efectuada por el solicitante <strong>ante las autoridades diplom\u00e1tico-consulares italianas del pa\u00eds donde haya ocurrido el hecho.<br \/>\n<\/strong><\/p>\n<p>&nbsp;<\/p>\n","protected":false},"excerpt":{"rendered":"Para solicitar la emisi\u00f3n del pasaporte en este Consulado General, es indispensable: ser ciudadano italiano, residir en la\u00a0circunscripci\u00f3n\u00a0de este Consulado General, estar regularmente inscripto en el Anagrafe de los Italianos Residentes en el exterior (AIRE) tener los propios datos personales completos y\u00a0actualizados\u00a0(estado civil, presencia de hijos menores, domicilio actualizado, etc.). Para los ciudadanos no residentes [&hellip;]","protected":false},"author":6,"featured_media":0,"parent":217,"menu_order":0,"comment_status":"closed","ping_status":"closed","template":"","meta":{"footnotes":""},"class_list":["post-741","page","type-page","status-publish","hentry"],"_links":{"self":[{"href":"https:\/\/conslaplata.esteri.it\/es\/wp-json\/wp\/v2\/pages\/741","targetHints":{"allow":["GET"]}}],"collection":[{"href":"https:\/\/conslaplata.esteri.it\/es\/wp-json\/wp\/v2\/pages"}],"about":[{"href":"https:\/\/conslaplata.esteri.it\/es\/wp-json\/wp\/v2\/types\/page"}],"author":[{"embeddable":true,"href":"https:\/\/conslaplata.esteri.it\/es\/wp-json\/wp\/v2\/users\/6"}],"replies":[{"embeddable":true,"href":"https:\/\/conslaplata.esteri.it\/es\/wp-json\/wp\/v2\/comments?post=741"}],"version-history":[{"count":6,"href":"https:\/\/conslaplata.esteri.it\/es\/wp-json\/wp\/v2\/pages\/741\/revisions"}],"predecessor-version":[{"id":6343,"href":"https:\/\/conslaplata.esteri.it\/es\/wp-json\/wp\/v2\/pages\/741\/revisions\/6343"}],"up":[{"embeddable":true,"href":"https:\/\/conslaplata.esteri.it\/es\/wp-json\/wp\/v2\/pages\/217"}],"wp:attachment":[{"href":"https:\/\/conslaplata.esteri.it\/es\/wp-json\/wp\/v2\/media?parent=741"}],"curies":[{"name":"wp","href":"https:\/\/api.w.org\/{rel}","templated":true}]}}