{"id":743,"date":"2023-05-26T10:00:41","date_gmt":"2023-05-26T13:00:41","guid":{"rendered":"https:\/\/conslaplata.esteri.it\/?page_id=743"},"modified":"2023-10-31T10:16:18","modified_gmt":"2023-10-31T13:16:18","slug":"pasaportes-para-menores","status":"publish","type":"page","link":"https:\/\/conslaplata.esteri.it\/es\/servizi-consolari-e-visti\/servizi-per-il-cittadino-italiano\/passaporti-e-carte-didentita\/pasaportes-para-menores\/","title":{"rendered":"Pasaportes para menores"},"content":{"rendered":"<p>Para solicitar la emisi\u00f3n del pasaporte de un menor de edad en este Consulado General, es indispensable:<\/p>\n<ul>\n<li><strong>que el menor sea ciudadano italiano,<\/strong><\/li>\n<li><strong>que resida en la <\/strong><a href=\"https:\/\/conslaplata.esteri.it\/es\/chi-siamo\/la-rete-consolare\/\"><strong>circunscripci\u00f3n<\/strong><\/a><strong>\u00a0de este Consulado General,<\/strong><\/li>\n<li><strong>que est\u00e9 regularmente inscripto en el Anagrafe de los Italianos Residentes en el exterior (<\/strong><a href=\"https:\/\/serviziconsolari.esteri.it\/ScoFE\/services\/service-info.sco?serviceId=92&amp;sCode=AIRERR\"><strong>AIRE<\/strong><\/a><strong>)<\/strong><\/li>\n<li><strong>que los datos personales del menor est\u00e9n\u00a0 <\/strong><a href=\"https:\/\/serviziconsolari.esteri.it\/ScoFE\/services\/service-info.sco;jsessionid=60486C87CA9334A7F42B75FD236DD5C8?serviceId=93\"><strong>actualizados<\/strong><\/a> (domicilio actualizado, etc.).<\/li>\n<\/ul>\n<p><strong>\u00a0<\/strong><span style=\"text-decoration: underline;\"><strong>IMPORTANTE<\/strong><\/span><\/p>\n<p>Al momento de la solicitud del pasaporte del menor, el mismo deber\u00e1 presentarse<strong> acompa\u00f1ado de ambos progenitores<\/strong>, con documento de identidad (y fotocopia), quienes deber\u00e1n dar su consentimiento para la emisi\u00f3n del pasaporte del menor.<\/p>\n<p><strong><br \/>\n<\/strong><strong><span style=\"text-decoration: underline;\">Documentos a presentar<\/span>:<\/strong><\/p>\n<ul>\n<li><strong>\u00daltimo documento argentino<\/strong>\u00a0vigente (y fotocopia)<\/li>\n<li><strong>1\u00a0<\/strong><a href=\"https:\/\/conslaplata.esteri.it\/wp-content\/uploads\/2023\/05\/FOTOGRAFIA-scaled.jpg\"><strong>fotograf\u00eda<\/strong><\/a>\u00a0<strong>reciente<\/strong>\u00a0(35 x 40 mm) con el rostro centrado, de frente, a color con fondo blanco<\/li>\n<\/ul>\n<p>En caso de que el menor sea ya titular de un pasaporte italiano, <strong>en curso de validez<\/strong>, los progenitores deber\u00e1n presentar el ejemplar anterior junto a una fotocopia de las primeras tres p\u00e1ginas.<\/p>\n<p><strong><u>Extrav\u00edo o robo del pasaporte<\/u><\/strong><\/p>\n<p>En caso di\u00a0<strong>robo o extrav\u00edo<\/strong>\u00a0del pasaporte es necesario elevar la correspondiente\u00a0<strong>denuncia<\/strong>\u00a0ante las autoridades argentinas competentes (Registro Civil);\u00a0<strong>en la denuncia debe resultar el n\u00famero del pasaporte<\/strong>\u00a0robado o extraviado.\u00a0<strong>En caso de no recordar el n\u00famero, antes de elevar la denuncia, se deber\u00e1 contactar la oficina de pasaportes:\u00a0<\/strong><a href=\"mailto:passaporti.laplata@esteri.it\"><strong>passaporti.laplata@esteri.it<\/strong><\/a><br \/>\nLuego deber\u00e1n <strong>enviarla dentro de los 60 d\u00edas posteriores<\/strong> al mail:\u00a0<a href=\"mailto:passaporti.laplata@esteri.it\">passaporti.laplata@esteri.it<\/a> \u00a0aunque no se desee solicitar un pasaporte nuevo.<\/p>\n<p>En caso de <strong>robo o extrav\u00edo<\/strong>\u00a0del pasaporte <strong>fuera de la Rep\u00fablica Argentina<\/strong>, ser\u00e1 necesario presentar la denuncia efectuada por el solicitante <strong>ante las autoridades diplom\u00e1tico-consulares italianas del pa\u00eds donde haya ocurrido el hecho.<\/p>\n<p><\/strong><strong><span style=\"text-decoration: underline;\">CONSIDERACIONES<\/span>:<\/strong><\/p>\n<p>Los menores de edad con doble ciudadan\u00eda, o ciudadanos italianos residentes en Argentina que deban viajar solos o acompa\u00f1ados de uno solo de los progenitores, deber\u00e1n informarse en la\u00a0<a href=\"https:\/\/argentina.gob.ar\/interior\/migraciones\"><strong>Direcci\u00f3n General de Migraciones<\/strong><\/a>\u00a0respecto a los requisitos previstos de las normas argentinas para la expatriaci\u00f3n de menores.<br \/>\n<strong><br \/>\n<\/strong>En caso de que un menor de 14 a\u00f1os viaje fuera del Pa\u00eds de residencia sin ser acompa\u00f1ado por sus progenitores o por quienes ejerzan la tutela legal, es necesario completar en el Consulado (o en la Questura si se encuentra en Italia) una\u00a0<a href=\"https:\/\/conslaplata.esteri.it\/wp-content\/uploads\/2023\/05\/dichiarazione-accompagnamento-minori_passaporto.doc\"><strong>declaraci\u00f3n de acompa\u00f1amiento<\/strong><\/a>\u00a0y un <a href=\"https:\/\/conslaplata.esteri.it\/wp-content\/uploads\/2023\/05\/attestazione-di-dichiarazione-accompagnamento_minori_passaporto.doc\"><strong>certificado de declaraci\u00f3n de acompa\u00f1amiento<\/strong><\/a>\u00a0firmada por ambos progenitores o por las personas que ejerzan la tutela legal.<\/p>\n","protected":false},"excerpt":{"rendered":"Para solicitar la emisi\u00f3n del pasaporte de un menor de edad en este Consulado General, es indispensable: que el menor sea ciudadano italiano, que resida en la circunscripci\u00f3n\u00a0de este Consulado General, que est\u00e9 regularmente inscripto en el Anagrafe de los Italianos Residentes en el exterior (AIRE) que los datos personales del menor est\u00e9n\u00a0 actualizados (domicilio [&hellip;]","protected":false},"author":6,"featured_media":0,"parent":217,"menu_order":0,"comment_status":"closed","ping_status":"closed","template":"","meta":{"footnotes":""},"class_list":["post-743","page","type-page","status-publish","hentry"],"_links":{"self":[{"href":"https:\/\/conslaplata.esteri.it\/es\/wp-json\/wp\/v2\/pages\/743","targetHints":{"allow":["GET"]}}],"collection":[{"href":"https:\/\/conslaplata.esteri.it\/es\/wp-json\/wp\/v2\/pages"}],"about":[{"href":"https:\/\/conslaplata.esteri.it\/es\/wp-json\/wp\/v2\/types\/page"}],"author":[{"embeddable":true,"href":"https:\/\/conslaplata.esteri.it\/es\/wp-json\/wp\/v2\/users\/6"}],"replies":[{"embeddable":true,"href":"https:\/\/conslaplata.esteri.it\/es\/wp-json\/wp\/v2\/comments?post=743"}],"version-history":[{"count":7,"href":"https:\/\/conslaplata.esteri.it\/es\/wp-json\/wp\/v2\/pages\/743\/revisions"}],"predecessor-version":[{"id":2754,"href":"https:\/\/conslaplata.esteri.it\/es\/wp-json\/wp\/v2\/pages\/743\/revisions\/2754"}],"up":[{"embeddable":true,"href":"https:\/\/conslaplata.esteri.it\/es\/wp-json\/wp\/v2\/pages\/217"}],"wp:attachment":[{"href":"https:\/\/conslaplata.esteri.it\/es\/wp-json\/wp\/v2\/media?parent=743"}],"curies":[{"name":"wp","href":"https:\/\/api.w.org\/{rel}","templated":true}]}}