{"id":751,"date":"2023-05-16T15:33:26","date_gmt":"2023-05-16T18:33:26","guid":{"rendered":"https:\/\/conslaplata.esteri.it\/?page_id=751"},"modified":"2025-12-05T12:43:02","modified_gmt":"2025-12-05T15:43:02","slug":"inscripcion-al-a-i-r-e","status":"publish","type":"page","link":"https:\/\/conslaplata.esteri.it\/es\/servizi-consolari-e-visti\/servizi-per-il-cittadino-italiano\/anagrafe-degli-italiani-residenti-allestero-aire\/inscripcion-al-a-i-r-e\/","title":{"rendered":"Inscripci\u00f3n al A.I.R.E."},"content":{"rendered":"<p><strong>Deben inscribirse en el A.I.R.E. los ciudadanos italianos:<\/strong><\/p>\n<ul>\n<li>que establezcan su residencia en la Circunscripci\u00f3n consular de este Consulado General\u00a0<u>provenientes de la Circunscripci\u00f3n de otro Consulado Italiano en el mundo o de Italia por un per\u00edodo superior a 12 meses<\/u>;<\/li>\n<li>ya residentes dentro de la Circunscripci\u00f3n consular de este Consulado General y cuya inscripci\u00f3n en el A.I.R.E. en este Consulado General haya sido\u00a0<u>cancelada<\/u>.<\/li>\n<\/ul>\n<p><span style=\"text-decoration: underline;\">Atenci\u00f3n:<\/span> cada solicitante mayor de edad deber\u00e1 presentar una solicitud<strong> INDIVIDUAL<\/strong> de inscripci\u00f3n en el padr\u00f3n consular para la posterior inscripci\u00f3n en el AIRE (NO se considerar\u00e1n v\u00e1lidas las solicitudes de inscripci\u00f3n de familiares mayores de edad convivientes, por ejemplo, hermanos\/as, padre, madre, etc.). Se deber\u00e1n declarar el\/la c\u00f3nyuge y los\/as hijos\/as MENORES de edad.<\/p>\n<p><strong>Deber\u00e1 adjuntar a la <\/strong><strong>solicitud de inscripci\u00f3n<\/strong><strong> (a trav\u00e9s de <\/strong><a href=\"https:\/\/serviziconsolari.esteri.it\/ScoFE\/index.sco\"><strong>FAST IT<\/strong><\/a><strong>) la siguiente documentaci\u00f3n:<\/strong><\/p>\n<ol>\n<li>formulario completado y firmado (por ambos padres en presencia de hijos menores);<\/li>\n<li>frente y el dorso del D.N.I. vigente de todos los miembros del n\u00facleo familiar declarados como convivientes en el mismo domicilio;<\/li>\n<li>documentaci\u00f3n que certifique la residencia dentro de la Circunscripci\u00f3n consular de La Plata (boletas de servicios p\u00fablicos como electricidad, gas, tel\u00e9fono fijo, internet, televisi\u00f3n por cable o contrato de alquiler registrado en AFIP). Puede estar a nombre del solicitante o de un familiar declarado como conviviente en el formulario siempre y cuando coincida el domicilio en sus DNIs.<\/li>\n<\/ol>\n<p><u>Otros requisitos necesarios para casos particulares son<\/u>:<\/p>\n<ol>\n<li>quienes fueron reconocidos como ciudadanos italianos por v\u00eda materna mediante un Tribunal italiano, adem\u00e1s de la documentaci\u00f3n mencionada anteriormente, deber\u00e1n adjuntar la <strong>sentencia<\/strong> de reconocimiento y las <strong>transcripciones <\/strong>de las actas en el Municipio italiano correspondiente;<\/li>\n<li>para los ciudadanos italianos nacidos en Italia que se inscriben por primera vez en el AIRE, ser\u00e1 necesario presentar:\u00a0<em>el <strong>acta de nacimiento italiano con paternidad y maternidad<\/strong>, acta de matrimonio (con traducci\u00f3n al italiano), el <strong>Certificado de la C\u00e1mara Nacional Electoral<\/strong> argentina (para quienes antes del 16 de agosto de 1992 hubieran alcanzado los 18 a\u00f1os);<\/em><\/li>\n<li>aquellos que hayan realizado el procedimiento de reconocimiento directamente en un Municipio italiano deber\u00e1n adjuntar:<em> <strong>transcripci\u00f3n<\/strong> de su propia acta de nacimiento italiana; <strong>credencial de identidad<\/strong> italiana y\/o pasaporte italiano<\/em>.<\/li>\n<\/ol>\n<p>&nbsp;<\/p>\n<p>Toda actualizaci\u00f3n del tr\u00e1mite se notificar\u00e1 por correo electr\u00f3nico una vez que el mismo sea procesado por el Consulado General. Tambi\u00e9n se podr\u00e1n verificar las actualizaciones en la secci\u00f3n \u00ab\u00faltimas comunicaciones con el Consulado\u00bb a trav\u00e9s del portal\u00a0<a href=\"https:\/\/serviziconsolari.esteri.it\/ScoFE\/index.sco\"><strong>Fast It<\/strong><\/a>.<\/p>\n<p>El tiempo m\u00e1ximo de procesamiento ser\u00e1 de 180 d\u00edas a partir de la fecha de presentaci\u00f3n de la documentaci\u00f3n.<\/p>\n<p>El tr\u00e1mite se considerar\u00e1 finalizado cuando indique: \u00ab<strong>Transmitido al Municipio<\/strong>\u00bb.<\/p>\n","protected":false},"excerpt":{"rendered":"Deben inscribirse en el A.I.R.E. los ciudadanos italianos: que establezcan su residencia en la Circunscripci\u00f3n consular de este Consulado General\u00a0provenientes de la Circunscripci\u00f3n de otro Consulado Italiano en el mundo o de Italia por un per\u00edodo superior a 12 meses; ya residentes dentro de la Circunscripci\u00f3n consular de este Consulado General y cuya inscripci\u00f3n en [&hellip;]","protected":false},"author":6,"featured_media":0,"parent":223,"menu_order":0,"comment_status":"closed","ping_status":"closed","template":"","meta":{"footnotes":""},"class_list":["post-751","page","type-page","status-publish","hentry"],"_links":{"self":[{"href":"https:\/\/conslaplata.esteri.it\/es\/wp-json\/wp\/v2\/pages\/751","targetHints":{"allow":["GET"]}}],"collection":[{"href":"https:\/\/conslaplata.esteri.it\/es\/wp-json\/wp\/v2\/pages"}],"about":[{"href":"https:\/\/conslaplata.esteri.it\/es\/wp-json\/wp\/v2\/types\/page"}],"author":[{"embeddable":true,"href":"https:\/\/conslaplata.esteri.it\/es\/wp-json\/wp\/v2\/users\/6"}],"replies":[{"embeddable":true,"href":"https:\/\/conslaplata.esteri.it\/es\/wp-json\/wp\/v2\/comments?post=751"}],"version-history":[{"count":6,"href":"https:\/\/conslaplata.esteri.it\/es\/wp-json\/wp\/v2\/pages\/751\/revisions"}],"predecessor-version":[{"id":6209,"href":"https:\/\/conslaplata.esteri.it\/es\/wp-json\/wp\/v2\/pages\/751\/revisions\/6209"}],"up":[{"embeddable":true,"href":"https:\/\/conslaplata.esteri.it\/es\/wp-json\/wp\/v2\/pages\/223"}],"wp:attachment":[{"href":"https:\/\/conslaplata.esteri.it\/es\/wp-json\/wp\/v2\/media?parent=751"}],"curies":[{"name":"wp","href":"https:\/\/api.w.org\/{rel}","templated":true}]}}