{"id":753,"date":"2023-05-16T15:38:05","date_gmt":"2023-05-16T18:38:05","guid":{"rendered":"https:\/\/conslaplata.esteri.it\/?page_id=753"},"modified":"2023-06-19T16:02:39","modified_gmt":"2023-06-19T19:02:39","slug":"variacion-de-domicilio","status":"publish","type":"page","link":"https:\/\/conslaplata.esteri.it\/es\/servizi-consolari-e-visti\/servizi-per-il-cittadino-italiano\/anagrafe-degli-italiani-residenti-allestero-aire\/variacion-de-domicilio\/","title":{"rendered":"Cambio de domicilio"},"content":{"rendered":"<p>Para comunicar el cambio de domicilio, el solicitante mayor de edad deber\u00e1 presentar una solicitud <strong>INDIVIDUAL<\/strong>, donde incluir\u00e1 c\u00f3nyuge e hijos\/as <strong>MENORES<\/strong> de edad.<\/p>\n<p>NO se considerar\u00e1n v\u00e1lidas las solicitudes de inscripci\u00f3n de familiares mayores de edad convivientes, por ejemplo, hermanos\/as, padre, madre, etc..<\/p>\n<p><strong>El interesado deber\u00e1 adjuntar a solicitud de <a href=\"https:\/\/serviziconsolari.esteri.it\/ScoFE\/services\/service-info.sco?serviceId=91&amp;sCode=RCR\">cambio <\/a><\/strong><strong>(a trav\u00e9s de <\/strong><a href=\"https:\/\/serviziconsolari.esteri.it\/ScoFE\/index.sco\"><strong>FAST IT<\/strong><\/a><strong>) la siguiente documentaci\u00f3n:<\/strong><\/p>\n<ul>\n<li>Formulario de cambio de domicilio completo y firmado<\/li>\n<li>\u00daltimo DNI con domicilio actualizado (propio, del c\u00f3nyuge y de los hijos menores de 18 a\u00f1os)<\/li>\n<li>Documentaci\u00f3n que demuestre la residencia en la jurisdicci\u00f3n consular (por ej. facturas de luz, gas, tel\u00e9fono fijo, televisi\u00f3n por cable, servicio de internet residencial o contrato de alquiler)<\/li>\n<\/ul>\n","protected":false},"excerpt":{"rendered":"Para comunicar el cambio de domicilio, el solicitante mayor de edad deber\u00e1 presentar una solicitud INDIVIDUAL, donde incluir\u00e1 c\u00f3nyuge e hijos\/as MENORES de edad. NO se considerar\u00e1n v\u00e1lidas las solicitudes de inscripci\u00f3n de familiares mayores de edad convivientes, por ejemplo, hermanos\/as, padre, madre, etc.. El interesado deber\u00e1 adjuntar a solicitud de cambio (a trav\u00e9s de [&hellip;]","protected":false},"author":6,"featured_media":0,"parent":223,"menu_order":0,"comment_status":"closed","ping_status":"closed","template":"","meta":{"footnotes":""},"class_list":["post-753","page","type-page","status-publish","hentry"],"_links":{"self":[{"href":"https:\/\/conslaplata.esteri.it\/es\/wp-json\/wp\/v2\/pages\/753","targetHints":{"allow":["GET"]}}],"collection":[{"href":"https:\/\/conslaplata.esteri.it\/es\/wp-json\/wp\/v2\/pages"}],"about":[{"href":"https:\/\/conslaplata.esteri.it\/es\/wp-json\/wp\/v2\/types\/page"}],"author":[{"embeddable":true,"href":"https:\/\/conslaplata.esteri.it\/es\/wp-json\/wp\/v2\/users\/6"}],"replies":[{"embeddable":true,"href":"https:\/\/conslaplata.esteri.it\/es\/wp-json\/wp\/v2\/comments?post=753"}],"version-history":[{"count":5,"href":"https:\/\/conslaplata.esteri.it\/es\/wp-json\/wp\/v2\/pages\/753\/revisions"}],"predecessor-version":[{"id":1133,"href":"https:\/\/conslaplata.esteri.it\/es\/wp-json\/wp\/v2\/pages\/753\/revisions\/1133"}],"up":[{"embeddable":true,"href":"https:\/\/conslaplata.esteri.it\/es\/wp-json\/wp\/v2\/pages\/223"}],"wp:attachment":[{"href":"https:\/\/conslaplata.esteri.it\/es\/wp-json\/wp\/v2\/media?parent=753"}],"curies":[{"name":"wp","href":"https:\/\/api.w.org\/{rel}","templated":true}]}}