{"id":757,"date":"2023-05-16T15:39:47","date_gmt":"2023-05-16T18:39:47","guid":{"rendered":"https:\/\/conslaplata.esteri.it\/?page_id=757"},"modified":"2023-05-26T10:32:43","modified_gmt":"2023-05-26T13:32:43","slug":"repatriacion","status":"publish","type":"page","link":"https:\/\/conslaplata.esteri.it\/es\/servizi-consolari-e-visti\/servizi-per-il-cittadino-italiano\/anagrafe-degli-italiani-residenti-allestero-aire\/repatriacion\/","title":{"rendered":"Repatriaci\u00f3n"},"content":{"rendered":"<p>Los ciudadanos<strong> inscriptos en el A.I.R.E.<\/strong> que regresen definitivamente a Italia, <strong>deber\u00e1n presentarse en el Municipio<\/strong>\u00a0donde decidan establecerse y declarar su nueva direcci\u00f3n de residencia.<br \/>\nEn esa fecha el<strong>\u00a0Municipio<\/strong>\u00a0gestionar\u00e1 la\u00a0<strong>cancelaci\u00f3n del A.I.R.E.<\/strong>\u00a0y la pertinente<strong> inscripci\u00f3n en el A.P.R.<\/strong>\u00a0(Anagrafe Popolazione Residente).<br \/>\n<strong>Es responsabilidad del Municipio dar comunicado oficial de la fecha de repatriaci\u00f3n al Consulado de origen<\/strong>\u00a0y \u00e9ste deber\u00e1 registrarla en su base de datos.<\/p>\n<p>Seg\u00fan la\u00a0<strong>normativa vigente,<\/strong>\u00a0<strong>el Consulado solo transmite al Municipio italiano<\/strong>\u00a0las declaraciones de los\u00a0<strong>ciudadanos residentes en la jurisdicci\u00f3n consular<\/strong>\u00a0cuando se trata de\u00a0<strong>expatriaciones<\/strong>\u00a0y\u00a0<strong>cuando se fija la residencia en el exterior<\/strong>,\u00a0<strong>pero no lo realiza cuando se trata de repatriaciones<\/strong>\u00a0(DL 71\/2011, art. 9, Anagrafe degli italiani residenti all&#8217;estero &#8211; AIRE). Sobre la base de los datos existentes en el archivo consular (art. 8 del DL 71\/2011) el Consulado de la jurisdicci\u00f3n de inmigraci\u00f3n o de residencia deber\u00e1 transmitir al Municipio italiano correspondiente los datos solicitados por la legislaci\u00f3n en materia de registro civil (<em>anagrafe<\/em>\u00a0&#8211; AIRE). Los datos son los manifestados en las declaraciones por los ciudadanos italianos que trasladan su residencia desde un Municipio italiano al exterior. La Ley 470\/88 (art. 4.1, lett. a), e 5.1) y el DPR 223\/1989 (art.13) indican que ser\u00e1 competencia de los oficiales del Registro Civil de los Municipios la recolecci\u00f3n de las declaraciones (<em>dichiarazioni anagrafiche<\/em>) de los ciudadanos que se trasladan al exterior debiendo proceder a su eliminaci\u00f3n en el AIRE y comunicarlo a los Consulados pertinentes.<\/p>\n<p>Se recuerda que la\u00a0<strong>cancelaci\u00f3n del A.I.R.E.<\/strong>\u00a0<strong>por repatriaci\u00f3n<\/strong>, y la siguiente actualizaci\u00f3n del padr\u00f3n consular,\u00a0<strong>puede realizarse solo luego de que se haya confirmado la inscripci\u00f3n del ciudadano en el A.P.R. por parte del Municipio italiano<\/strong>, que deber\u00e1 actualizar la residencia y proceder a la inscripci\u00f3n en el padr\u00f3n de electores de la Rep\u00fablica Italiana para luego comunicarlo al Consulado.<\/p>\n<p>Cuando el\u00a0<strong>Consulado tenga conocimiento que le ciudadano<\/strong>\u00a0italiano inscripto en su jurisdicci\u00f3n consular\u00a0<strong>ha abandonado el territorio<\/strong>, y no habiendo confirmaci\u00f3n de repatriaci\u00f3n por parte del Municipio italiano y de inscripci\u00f3n en el A.P.R., <strong>deber\u00e1 proceder a la eliminaci\u00f3n del padr\u00f3n por paradero desconocido<\/strong>\u00a0<em>(irreperibilit\u00e0<\/em>), habiendo antes verificado que la direcci\u00f3n no se encuentre actualizada.<\/p>\n","protected":false},"excerpt":{"rendered":"Los ciudadanos inscriptos en el A.I.R.E. que regresen definitivamente a Italia, deber\u00e1n presentarse en el Municipio\u00a0donde decidan establecerse y declarar su nueva direcci\u00f3n de residencia. En esa fecha el\u00a0Municipio\u00a0gestionar\u00e1 la\u00a0cancelaci\u00f3n del A.I.R.E.\u00a0y la pertinente inscripci\u00f3n en el A.P.R.\u00a0(Anagrafe Popolazione Residente). Es responsabilidad del Municipio dar comunicado oficial de la fecha de repatriaci\u00f3n al Consulado de [&hellip;]","protected":false},"author":6,"featured_media":0,"parent":223,"menu_order":0,"comment_status":"closed","ping_status":"closed","template":"","meta":{"footnotes":""},"class_list":["post-757","page","type-page","status-publish","hentry"],"_links":{"self":[{"href":"https:\/\/conslaplata.esteri.it\/es\/wp-json\/wp\/v2\/pages\/757","targetHints":{"allow":["GET"]}}],"collection":[{"href":"https:\/\/conslaplata.esteri.it\/es\/wp-json\/wp\/v2\/pages"}],"about":[{"href":"https:\/\/conslaplata.esteri.it\/es\/wp-json\/wp\/v2\/types\/page"}],"author":[{"embeddable":true,"href":"https:\/\/conslaplata.esteri.it\/es\/wp-json\/wp\/v2\/users\/6"}],"replies":[{"embeddable":true,"href":"https:\/\/conslaplata.esteri.it\/es\/wp-json\/wp\/v2\/comments?post=757"}],"version-history":[{"count":1,"href":"https:\/\/conslaplata.esteri.it\/es\/wp-json\/wp\/v2\/pages\/757\/revisions"}],"predecessor-version":[{"id":760,"href":"https:\/\/conslaplata.esteri.it\/es\/wp-json\/wp\/v2\/pages\/757\/revisions\/760"}],"up":[{"embeddable":true,"href":"https:\/\/conslaplata.esteri.it\/es\/wp-json\/wp\/v2\/pages\/223"}],"wp:attachment":[{"href":"https:\/\/conslaplata.esteri.it\/es\/wp-json\/wp\/v2\/media?parent=757"}],"curies":[{"name":"wp","href":"https:\/\/api.w.org\/{rel}","templated":true}]}}