{"id":765,"date":"2023-05-16T14:38:52","date_gmt":"2023-05-16T17:38:52","guid":{"rendered":"https:\/\/conslaplata.esteri.it\/?page_id=765"},"modified":"2026-04-15T10:46:52","modified_gmt":"2026-04-15T13:46:52","slug":"actas-de-nacimiento","status":"publish","type":"page","link":"https:\/\/conslaplata.esteri.it\/es\/servizi-consolari-e-visti\/servizi-per-il-cittadino-italiano\/stato-civile\/actas-de-nacimiento\/","title":{"rendered":"Actas de nacimiento &#8211; Ciudadania \u00abiure sanguinis\u00bb (menores)"},"content":{"rendered":"<h3><strong>Actas de Nacimiento de hijos menores (Art. 3-bis L. 91\/1992 \u201c<\/strong><em><strong>iure sanguinis<\/strong><\/em><strong>\u201d)<\/strong><\/h3>\n<p>El menor es ciudadano italiano <em><strong>iure sanguinis<\/strong><\/em>\u00a0solo si se cumple\u00a0<strong>al menos una de las siguientes condiciones:<\/strong><\/p>\n<p>a)<strong> El progenitor ciudadano italiano ha residido en Italia durante al menos 2 a\u00f1os continuos despu\u00e9s de adquirir la ciudadan\u00eda italiana y antes de la fecha de nacimiento del hijo\/a.<\/strong><br \/>\n<strong>b) Uno de los progenitores posee exclusivamente la ciudadan\u00eda italiana.<\/strong><br \/>\n<strong>c) Un abuelo\/abuela posee al momento del nacimiento del menor \u2013 o pose\u00eda al momento de su fallecimiento \u2013 exclusivamente la ciudadan\u00eda italiana.<\/strong><br \/>\n<strong>d) El menor mismo no posee otra ciudadan\u00eda.<\/strong><\/p>\n<p>Si no se cumple ninguna de las condiciones anteriores, es posible solicitar la ciudadan\u00eda por beneficio de ley, cuyas instrucciones se encuentran en el siguiente\u00a0<a href=\"https:\/\/conslaplata.esteri.it\/es\/servizi-consolari-e-visti\/servizi-per-il-cittadino-straniero\/cittadinanza\/cittadinanza-per-figli-minori\/\" target=\"_blank\" rel=\"noopener\"><strong>enlace.<\/strong><\/a><\/p>\n<p>La solicitud de reconocimiento de la ciudadan\u00eda \u00abiure sanguinis\u00bb del menor deber\u00e1 presentarse a trav\u00e9s del <strong><a href=\"https:\/\/serviziconsolari.esteri.it\/ScoFE\/index.sco\" target=\"_blank\" rel=\"noopener\">portal FAST-IT<\/a><\/strong> junto con la documentaci\u00f3n que se indica a continuaci\u00f3n.<\/p>\n<p><strong>Documentaci\u00f3n<\/strong><\/p>\n<ul>\n<li>Formulario de <a href=\"https:\/\/conslaplata.esteri.it\/wp-content\/uploads\/2025\/10\/17.-Istanza-riconoscimento-MINORI-v.-17.10.2025.pdf\" target=\"_blank\" rel=\"noopener\"><strong>solicitud de reconocimiento de la ciudadan\u00eda italiana<\/strong><\/a> firmado por ambos progenitores<\/li>\n<li>Partida de nacimiento del menor, en formato GEDO;<\/li>\n<\/ul>\n<p>&#8211; (apostillada si se ha expedido en un Estado diferente de Italia y Argentina);<\/p>\n<p>&#8211; traducido al idioma italiano (la traducci\u00f3n debe realizarse en el Estado en el que se redacta la escritura y estar debidamente \u00a0\u00a0 legalizada si no se realiza en Argentina);<\/p>\n<ul>\n<li><strong>\u00faltimo DNI vigente del menor y de los progenitores<\/strong>, con domicilio actualizado y coincidente<\/li>\n<li>certificado de residencia hist\u00f3rica del progenitor que sea ciudadano italiano y haya residido en Italia durante por lo menos dos a\u00f1os ininterrumpidos (deber\u00e1 presentarse \u00fanicamente en el caso 1)<\/li>\n<li>Certificado negativo de ciudadan\u00eda argentina del progenitor o de los abuelos y certificado negativo de ciudadan\u00eda de cualquier otro pa\u00eds en el que hayan residido (que deber\u00e1 presentarse \u00fanicamente en los casos 2 y 3).<\/li>\n<\/ul>\n<p><strong>ATENCI\u00d3N<\/strong><\/p>\n<p>\u2013 Si el menor ha sido reconocido tard\u00edamente por uno de los progenitores, ser\u00e1 necesario presentar tanto la partida de nacimiento expedida en primera instancia como la segunda en la que conste el reconocimiento tard\u00edo.<\/p>\n<p><strong>\u2013 Si los padres est\u00e1n casados, es INDISPENSABLE que el matrimonio sea previamente presentado<\/strong>. De lo contrario, no ser\u00e1 posible inscribir el nacimiento.<\/p>\n<p>\u2013 En caso de que uno de los progenitores no preste su consentimiento, el solicitante deber\u00e1 justificarlo mediante una <strong><a href=\"https:\/\/conslaplata.esteri.it\/wp-content\/uploads\/2025\/07\/18.-mancato_assenso_isc.pdf\" target=\"_blank\" rel=\"noopener\">declaraci\u00f3n<\/a><\/strong> y la documentaci\u00f3n oportuna.<\/p>\n<p>\u2013 Se informa que la documentaci\u00f3n presentada debe estar completa y ser aut\u00e9ntica. Corresponde al solicitante demostrar, mediante documentos, no solo la subsistencia de las causas de adquisici\u00f3n, sino tambi\u00e9n la insubsistencia de las causas de p\u00e9rdida o de no adquisici\u00f3n de la ciudadan\u00eda.<\/p>\n<p><strong>En los casos de adopci\u00f3n:<\/strong><\/p>\n<ul>\n<li>Acta de nacimiento que indique el nombre de los padres adoptivos (obligatorio) y de los padres biol\u00f3gicos (opcional);<br \/>\n\u2022 Copia certificada de la sentencia completa (debe contener: \u201cAUTOS\u201d; \u201cVISTOS\u201d; \u201cCONSIDERANDO\u201d; \u201cFALLO\u201d.\u00a0<u>No basta con presentar solo el \u201cTESTIMONIO\u201d);<\/u><br \/>\n\u2022 La sentencia debe especificar el estado de abandono del menor o la autorizaci\u00f3n del progenitor o de los progenitores biol\u00f3gicos para la adopci\u00f3n;<br \/>\n\u2022 En la sentencia (o en una declaraci\u00f3n adicional del Tribunal) debe especificarse que se trata de una sentencia firme (es decir, en espa\u00f1ol \u201cFIRME\u201d, o \u201cCONSENTIDA\u201d, o \u201cEJECUTORIADA\u201d o que tiene car\u00e1cter de \u201cCOSA JUZGADA\u201d), y debe indicarse la fecha de la firmeza, es decir, la fecha desde la cual la sentencia es definitiva;<br \/>\n\u2022 Toda la documentaci\u00f3n debe estar autenticada por el Tribunal competente, legalizada por la \u201cC\u00e1mara Nacional de Apelaciones del Departamento Judicial\u201d correspondiente y por el \u201cMinisterio de Relaciones Exteriores de la Naci\u00f3n\u201d o el \u201cColegio de Escribanos\u201d con la Apostilla de La Haya en formato digital y traducida integralmente al italiano;<br \/>\n\u2022 Documentaci\u00f3n que acredite la residencia en Argentina de al menos dos a\u00f1os previa a la adopci\u00f3n del menor por parte de los padres adoptivos (es necesario el \u201ccertificado de movimientos migratorios\u201d que se puede solicitar en la Direcci\u00f3n local de \u201cMigraciones\u201d).<\/li>\n<\/ul>\n","protected":false},"excerpt":{"rendered":"Actas de Nacimiento de hijos menores (Art. 3-bis L. 91\/1992 \u201ciure sanguinis\u201d) El menor es ciudadano italiano iure sanguinis\u00a0solo si se cumple\u00a0al menos una de las siguientes condiciones: a) El progenitor ciudadano italiano ha residido en Italia durante al menos 2 a\u00f1os continuos despu\u00e9s de adquirir la ciudadan\u00eda italiana y antes de la fecha de [&hellip;]","protected":false},"author":6,"featured_media":0,"parent":224,"menu_order":0,"comment_status":"closed","ping_status":"closed","template":"","meta":{"footnotes":""},"class_list":["post-765","page","type-page","status-publish","hentry"],"_links":{"self":[{"href":"https:\/\/conslaplata.esteri.it\/es\/wp-json\/wp\/v2\/pages\/765","targetHints":{"allow":["GET"]}}],"collection":[{"href":"https:\/\/conslaplata.esteri.it\/es\/wp-json\/wp\/v2\/pages"}],"about":[{"href":"https:\/\/conslaplata.esteri.it\/es\/wp-json\/wp\/v2\/types\/page"}],"author":[{"embeddable":true,"href":"https:\/\/conslaplata.esteri.it\/es\/wp-json\/wp\/v2\/users\/6"}],"replies":[{"embeddable":true,"href":"https:\/\/conslaplata.esteri.it\/es\/wp-json\/wp\/v2\/comments?post=765"}],"version-history":[{"count":7,"href":"https:\/\/conslaplata.esteri.it\/es\/wp-json\/wp\/v2\/pages\/765\/revisions"}],"predecessor-version":[{"id":6922,"href":"https:\/\/conslaplata.esteri.it\/es\/wp-json\/wp\/v2\/pages\/765\/revisions\/6922"}],"up":[{"embeddable":true,"href":"https:\/\/conslaplata.esteri.it\/es\/wp-json\/wp\/v2\/pages\/224"}],"wp:attachment":[{"href":"https:\/\/conslaplata.esteri.it\/es\/wp-json\/wp\/v2\/media?parent=765"}],"curies":[{"name":"wp","href":"https:\/\/api.w.org\/{rel}","templated":true}]}}