{"id":780,"date":"2023-05-16T14:51:54","date_gmt":"2023-05-16T17:51:54","guid":{"rendered":"https:\/\/conslaplata.esteri.it\/?page_id=780"},"modified":"2023-09-21T11:39:44","modified_gmt":"2023-09-21T14:39:44","slug":"declaracion-de-union-de-hecho","status":"publish","type":"page","link":"https:\/\/conslaplata.esteri.it\/es\/servizi-consolari-e-visti\/servizi-per-il-cittadino-italiano\/stato-civile\/declaracion-de-union-de-hecho\/","title":{"rendered":"Declaraci\u00f3n de Uni\u00f3n de Hecho"},"content":{"rendered":"<p><strong>Las actas podr\u00e1n ser enviadas a trav\u00e9s de <\/strong><a href=\"https:\/\/serviziconsolari.esteri.it\/ScoFE\/index.sco\"><strong>FAST-IT<\/strong><\/a><strong>\u00a0(en caso de ser actas digitales) o enviadas en original por correo postal a la Oficina de Estado Civil del <\/strong><a href=\"https:\/\/conslaplata.esteri.it\/it\/chi-siamo\/la-sede\/\"><strong>Consulado General<\/strong><\/a><strong>\u00a0(actas en papel con firma manuscrita).<\/strong><\/p>\n<p>Desde la entrada en vigor de la Ley 76\/2016 es posible constituir una uni\u00f3n de hecho o convivencial entre dos personas mayores de edad, unidas por lazos afectivos y con rec\u00edproca asistencia moral y material, que residan bajo el mismo techo.<\/p>\n<p><strong>Se recuerda que la aceptaci\u00f3n de la solicitud corresponde a la Comuna y no al Consulado.<\/strong><\/p>\n<p>No es posible constituir una convivencia de hecho si los involucrados se encuentran unidos por lazos de parentesco, afinidad, adopci\u00f3n o si uno\/a de ellos sostiene un v\u00ednculo matrimonial u otra uni\u00f3n de hecho.<\/p>\n<p>Desde la transcripci\u00f3n de la uni\u00f3n de hecho surge una serie de derechos y obligaciones; para mayores informaciones se remite a la Ley supra indicada.<\/p>\n<p>Para la inscripci\u00f3n de la uni\u00f3n de hecho es necesario presentar:<\/p>\n<ul>\n<li>completar la<strong>\u00a0<\/strong><a href=\"https:\/\/conslaplata.esteri.it\/wp-content\/uploads\/2023\/09\/dich.-convivenza-di-fatto.pdf\"><strong>siguiente<\/strong> <strong>declaraci\u00f3n<\/strong><\/a><\/li>\n<li><strong>fotocopia del \u00faltimo\u00a0<\/strong><strong>DNI de ambos contrayentes <\/strong>en curso de validez con domicilio actualizado y coincidente<\/li>\n<\/ul>\n","protected":false},"excerpt":{"rendered":"Las actas podr\u00e1n ser enviadas a trav\u00e9s de FAST-IT\u00a0(en caso de ser actas digitales) o enviadas en original por correo postal a la Oficina de Estado Civil del Consulado General\u00a0(actas en papel con firma manuscrita). Desde la entrada en vigor de la Ley 76\/2016 es posible constituir una uni\u00f3n de hecho o convivencial entre dos [&hellip;]","protected":false},"author":6,"featured_media":0,"parent":224,"menu_order":0,"comment_status":"closed","ping_status":"closed","template":"","meta":{"footnotes":""},"class_list":["post-780","page","type-page","status-publish","hentry"],"_links":{"self":[{"href":"https:\/\/conslaplata.esteri.it\/es\/wp-json\/wp\/v2\/pages\/780","targetHints":{"allow":["GET"]}}],"collection":[{"href":"https:\/\/conslaplata.esteri.it\/es\/wp-json\/wp\/v2\/pages"}],"about":[{"href":"https:\/\/conslaplata.esteri.it\/es\/wp-json\/wp\/v2\/types\/page"}],"author":[{"embeddable":true,"href":"https:\/\/conslaplata.esteri.it\/es\/wp-json\/wp\/v2\/users\/6"}],"replies":[{"embeddable":true,"href":"https:\/\/conslaplata.esteri.it\/es\/wp-json\/wp\/v2\/comments?post=780"}],"version-history":[{"count":4,"href":"https:\/\/conslaplata.esteri.it\/es\/wp-json\/wp\/v2\/pages\/780\/revisions"}],"predecessor-version":[{"id":2548,"href":"https:\/\/conslaplata.esteri.it\/es\/wp-json\/wp\/v2\/pages\/780\/revisions\/2548"}],"up":[{"embeddable":true,"href":"https:\/\/conslaplata.esteri.it\/es\/wp-json\/wp\/v2\/pages\/224"}],"wp:attachment":[{"href":"https:\/\/conslaplata.esteri.it\/es\/wp-json\/wp\/v2\/media?parent=780"}],"curies":[{"name":"wp","href":"https:\/\/api.w.org\/{rel}","templated":true}]}}