{"id":785,"date":"2023-05-16T14:54:15","date_gmt":"2023-05-16T17:54:15","guid":{"rendered":"https:\/\/conslaplata.esteri.it\/?page_id=785"},"modified":"2023-05-26T11:35:35","modified_gmt":"2023-05-26T14:35:35","slug":"actas-de-defuncion","status":"publish","type":"page","link":"https:\/\/conslaplata.esteri.it\/es\/servizi-consolari-e-visti\/servizi-per-il-cittadino-italiano\/stato-civile\/actas-de-defuncion\/","title":{"rendered":"Actas de defunci\u00f3n"},"content":{"rendered":"<p><strong>Las actas podr\u00e1n ser enviadas a trav\u00e9s de <\/strong><a href=\"https:\/\/serviziconsolari.esteri.it\/ScoFE\/index.sco\"><strong>FAST-IT<\/strong><\/a><strong>\u00a0(en caso de ser actas digitales) o enviadas en original por correo postal a la Oficina de Estado Civil del <\/strong><a href=\"https:\/\/conslaplata.esteri.it\/it\/chi-siamo\/la-sede\/\"><strong>Consulado General<\/strong><\/a><strong> (actas en papel con firma manuscrita). NO SE ACEPTAN CERTIFICADOS.<\/strong><\/p>\n<p>Para la presentaci\u00f3n de un acta de defunci\u00f3n deber\u00e1 adjuntarse la siguiente documentaci\u00f3n:<\/p>\n<ul>\n<li><strong>acta de defunci\u00f3n <\/strong>(partida o acta en original, NO certificado) con la respectiva traducci\u00f3n al italiano<\/li>\n<li>copia del <strong>DNI del familiar\u00a0<\/strong>declarante, en curso de validez<\/li>\n<li><a href=\"https:\/\/conslaplata.esteri.it\/wp-content\/uploads\/2023\/05\/Richiesta_trascrizione_atti_di_stato_civile_1.pdf\"><strong>formulario de solicitud de transcripci\u00f3n <\/strong><\/a>del acta de defunci\u00f3n<\/li>\n<\/ul>\n","protected":false},"excerpt":{"rendered":"Las actas podr\u00e1n ser enviadas a trav\u00e9s de FAST-IT\u00a0(en caso de ser actas digitales) o enviadas en original por correo postal a la Oficina de Estado Civil del Consulado General (actas en papel con firma manuscrita). NO SE ACEPTAN CERTIFICADOS. Para la presentaci\u00f3n de un acta de defunci\u00f3n deber\u00e1 adjuntarse la siguiente documentaci\u00f3n: acta de [&hellip;]","protected":false},"author":6,"featured_media":0,"parent":224,"menu_order":0,"comment_status":"closed","ping_status":"closed","template":"","meta":{"footnotes":""},"class_list":["post-785","page","type-page","status-publish","hentry"],"_links":{"self":[{"href":"https:\/\/conslaplata.esteri.it\/es\/wp-json\/wp\/v2\/pages\/785","targetHints":{"allow":["GET"]}}],"collection":[{"href":"https:\/\/conslaplata.esteri.it\/es\/wp-json\/wp\/v2\/pages"}],"about":[{"href":"https:\/\/conslaplata.esteri.it\/es\/wp-json\/wp\/v2\/types\/page"}],"author":[{"embeddable":true,"href":"https:\/\/conslaplata.esteri.it\/es\/wp-json\/wp\/v2\/users\/6"}],"replies":[{"embeddable":true,"href":"https:\/\/conslaplata.esteri.it\/es\/wp-json\/wp\/v2\/comments?post=785"}],"version-history":[{"count":1,"href":"https:\/\/conslaplata.esteri.it\/es\/wp-json\/wp\/v2\/pages\/785\/revisions"}],"predecessor-version":[{"id":786,"href":"https:\/\/conslaplata.esteri.it\/es\/wp-json\/wp\/v2\/pages\/785\/revisions\/786"}],"up":[{"embeddable":true,"href":"https:\/\/conslaplata.esteri.it\/es\/wp-json\/wp\/v2\/pages\/224"}],"wp:attachment":[{"href":"https:\/\/conslaplata.esteri.it\/es\/wp-json\/wp\/v2\/media?parent=785"}],"curies":[{"name":"wp","href":"https:\/\/api.w.org\/{rel}","templated":true}]}}