{"id":788,"date":"2023-05-16T15:02:28","date_gmt":"2023-05-16T18:02:28","guid":{"rendered":"https:\/\/conslaplata.esteri.it\/?page_id=788"},"modified":"2025-12-04T09:36:31","modified_gmt":"2025-12-04T12:36:31","slug":"reconocimiento-de-sentencias-extranjeras","status":"publish","type":"page","link":"https:\/\/conslaplata.esteri.it\/es\/servizi-consolari-e-visti\/servizi-per-il-cittadino-italiano\/stato-civile\/reconocimiento-de-sentencias-extranjeras\/","title":{"rendered":"Reconocimiento de sentencias extranjeras en Italia (divorcio, adopci\u00f3n)"},"content":{"rendered":"<h6><strong><u>Divorcio<\/u><\/strong><\/h6>\n<p>Para la validaci\u00f3n de la sentencia de divorcio, deber\u00e1 presentarse la siguiente documentaci\u00f3n:<\/p>\n<ul>\n<li><strong>fotocopia legalizada de la sentencia de divorcio<\/strong>.<\/li>\n<\/ul>\n<p>Para el reconocimiento en Italia de las sentencias de divorcio argentinas, los interesados deben presentar la\u00a0<strong>fotocopia legalizada de la sentencia de divorcio.<\/strong>\u00a0Las legalizaciones deben efectuarse en el Juzgado donde ha sido expedida la sentencia y en el Ministerio de Relaciones Exteriores, Comercio Internacional y Culto (con la Apostilla de la Convenci\u00f3n de La Haya del 5 de octubre de 1961).<\/p>\n<p><strong><u>El documento debe contener<\/u><\/strong>:<\/p>\n<ul>\n<li>todos los elementos esenciales solicitados en una sentencia de divorcio seg\u00fan las leyes italianas (eventuales apelaciones, acuerdos patrimoniales y\/o relativos a los hijos menores, notificaciones del inicio del procedimiento, rebeld\u00eda, decisi\u00f3n final)<\/li>\n<li>los datos que identifiquen a los interesados\u00a0(fecha y lugar de nacimiento, domicilio a la fecha del divorcio)<\/li>\n<li>la indicaci\u00f3n de que es una sentencia\u00a0<strong>FIRME<\/strong>\u00a0o\u00a0<strong>CONSENTIDA<\/strong>\u00a0o\u00a0<strong>EJECUTORIADA<\/strong>\u00a0o que tiene car\u00e1cter de\u00a0<strong>COSA JUZGADA<\/strong><\/li>\n<li>debe indicar la fecha en la que adquiri\u00f3 dicho car\u00e1cter<\/li>\n<\/ul>\n<p>En el caso en el cual la sentencia no exprese lo arriba se\u00f1alado ser\u00e1 necesario presentar el\u00a0<strong>Certificado ampliatorio<\/strong>\u00a0emitido por el mismo Tribunal, seg\u00fan este\u00a0<a href=\"https:\/\/conslaplata.esteri.it\/wp-content\/uploads\/2023\/09\/Certificado-ampliatorio.pdf\"><strong>modelo<\/strong><\/a>\u00a0.\u00a0Este certificado tambi\u00e9n deber\u00e1 contar con la legalizaci\u00f3n del Juzgado y del Ministerio de Relaciones Exteriores, Comercio Internacional y Culto (con la Apostilla de la Convenci\u00f3n de La Haya del 5 de octubre 1961).<\/p>\n<p><strong><u>La sentencia debe presentarse acompa\u00f1ada de<\/u><\/strong>:<\/p>\n<p>\u2022\u00a0<strong>respectiva traducci\u00f3n al italiano<\/strong>. La traducci\u00f3n deber\u00e1 ser efectuada por un traductor p\u00fablico, cuya firma debe estar legalizada por el\u00a0<a href=\"https:\/\/traductoreslaplata.org\/\" target=\"_blank\" rel=\"noopener\"><strong>Colegio de Traductores P\u00fablicos e Int\u00e9rpretes de pertenencia<\/strong><\/a><\/p>\n<ul>\n<li>fotocopia del <strong>\u00faltimo\u00a0DNI en curso di validez<\/strong><\/li>\n<li>formulario de solicitud de\u00a0<a href=\"https:\/\/conslaplata.esteri.it\/wp-content\/uploads\/2023\/05\/Dich._sostitutiva_dellatto_di_notorieta_-_divorzio.pdf\"><strong>transcripci\u00f3n de la sentencia de divorcio<\/strong><\/a><\/li>\n<\/ul>\n<p><strong><u>IMPORTANTE:<\/u><\/strong><\/p>\n<p><strong><u>Toda la documentaci\u00f3n deber\u00e1 ser enviada por correo a la Oficina de Anagrafe\/Stato Civile de este Consulado General. Se sugiere enviarla por carta certificada con aviso de retorno.<\/u><\/strong><\/p>\n<p>&nbsp;<\/p>\n<h6><strong><u>Adopciones<\/u><\/strong><\/h6>\n<p>Para el reconocimiento en Italia de las sentencias de adopci\u00f3n argentinas, los interesados deben presentar:<\/p>\n<ul>\n<li><strong>acta de nacimiento con el nombre de los padres adoptivos <\/strong>(obligatorio)<strong>\u00a0y de los biol\u00f3gicos<\/strong>\u00a0(obligatorio)<\/li>\n<li>fotocopia del \u00faltimo\u00a0<strong>DNI del menor y de los progenitores <\/strong>en curso de validez con domicilio actualizado y coincidente; los progenitores deber\u00e1n demostrar con el propio DNI 2 a\u00f1os de residencia en el mismo domicilio;<\/li>\n<li><strong>Sentencia completa en original\u00a0<\/strong>(deber\u00e1 contener: <strong>AUTOS; VISTOS; CONSIDERANDO; FALLO<\/strong>), la sentencia debe especificar el estado de abandono del menor o la autorizaci\u00f3n del o de los padres biol\u00f3gicos a los fines de la adopci\u00f3n. En la sentencia (o en una declaraci\u00f3n ampliatoria del Juzgado) debe especificarse que es una sentencia\u00a0<strong>FIRME<\/strong>\u00a0o\u00a0<strong>CONSENTIDA<\/strong>\u00a0o\u00a0<strong>EJECUTORIADA<\/strong>\u00a0o que tiene car\u00e1cter de\u00a0<strong>COSA JUZGADA<\/strong>\u00a0y la fecha en la que adquiri\u00f3 car\u00e1cter de cosa juzgada.<br \/>\nToda la documentaci\u00f3n solicitada, presentada en original, debe contar con la legalizaci\u00f3n del mismo Tribunal y del Ministerio de Relaciones Exteriores, Comercio Internacional y Culto con la Apostilla de la Convenci\u00f3n de La Haya del 5 de octubre 1961<\/li>\n<li>traducci\u00f3n al italiano por un traductor p\u00fablico, cuya firma debe estar legalizada por el\u00a0<a href=\"https:\/\/traductoreslaplata.org\/\" target=\"_blank\" rel=\"noopener\"><strong>Colegio de Traductores P\u00fablicos e Int\u00e9rpretes de pertenencia<\/strong><\/a><\/li>\n<li>formulario de solicitud de\u00a0<a href=\"https:\/\/conslaplata.esteri.it\/wp-content\/uploads\/2023\/05\/modello_dichiarazione_adozione_figlio_minore.pdf\"><strong>transcripci\u00f3n de la sentencia de adopci\u00f3n<\/strong><\/a><\/li>\n<\/ul>\n<p>&nbsp;<\/p>\n<p><strong><u>IMPORTANTE:<\/u><\/strong><\/p>\n<p><strong><u>Toda la documentaci\u00f3n deber\u00e1 ser enviada por correo a la Oficina de Anagrafe\/Stato Civile de este <a href=\"https:\/\/conslaplata.esteri.it\/it\/chi-siamo\/la-sede\/\">Consulado General<\/a>. Se sugiere enviarla por carta certificada con aviso de retorno.<\/u><\/strong><\/p>\n","protected":false},"excerpt":{"rendered":"Divorcio Para la validaci\u00f3n de la sentencia de divorcio, deber\u00e1 presentarse la siguiente documentaci\u00f3n: fotocopia legalizada de la sentencia de divorcio. Para el reconocimiento en Italia de las sentencias de divorcio argentinas, los interesados deben presentar la\u00a0fotocopia legalizada de la sentencia de divorcio.\u00a0Las legalizaciones deben efectuarse en el Juzgado donde ha sido expedida la sentencia [&hellip;]","protected":false},"author":6,"featured_media":0,"parent":224,"menu_order":0,"comment_status":"closed","ping_status":"closed","template":"","meta":{"footnotes":""},"class_list":["post-788","page","type-page","status-publish","hentry"],"_links":{"self":[{"href":"https:\/\/conslaplata.esteri.it\/es\/wp-json\/wp\/v2\/pages\/788","targetHints":{"allow":["GET"]}}],"collection":[{"href":"https:\/\/conslaplata.esteri.it\/es\/wp-json\/wp\/v2\/pages"}],"about":[{"href":"https:\/\/conslaplata.esteri.it\/es\/wp-json\/wp\/v2\/types\/page"}],"author":[{"embeddable":true,"href":"https:\/\/conslaplata.esteri.it\/es\/wp-json\/wp\/v2\/users\/6"}],"replies":[{"embeddable":true,"href":"https:\/\/conslaplata.esteri.it\/es\/wp-json\/wp\/v2\/comments?post=788"}],"version-history":[{"count":7,"href":"https:\/\/conslaplata.esteri.it\/es\/wp-json\/wp\/v2\/pages\/788\/revisions"}],"predecessor-version":[{"id":6190,"href":"https:\/\/conslaplata.esteri.it\/es\/wp-json\/wp\/v2\/pages\/788\/revisions\/6190"}],"up":[{"embeddable":true,"href":"https:\/\/conslaplata.esteri.it\/es\/wp-json\/wp\/v2\/pages\/224"}],"wp:attachment":[{"href":"https:\/\/conslaplata.esteri.it\/es\/wp-json\/wp\/v2\/media?parent=788"}],"curies":[{"name":"wp","href":"https:\/\/api.w.org\/{rel}","templated":true}]}}