{"id":798,"date":"2023-05-16T15:10:01","date_gmt":"2023-05-16T18:10:01","guid":{"rendered":"https:\/\/conslaplata.esteri.it\/?page_id=798"},"modified":"2025-12-29T11:39:18","modified_gmt":"2025-12-29T14:39:18","slug":"cambio-o-correccion-de-apellido","status":"publish","type":"page","link":"https:\/\/conslaplata.esteri.it\/es\/servizi-consolari-e-visti\/servizi-per-il-cittadino-italiano\/stato-civile\/cambio-o-correccion-de-apellido\/","title":{"rendered":"Cambio o correcci\u00f3n de apellido"},"content":{"rendered":"<h6><span style=\"text-decoration: underline;\">Cambio de apellido<\/span><\/h6>\n<p>En base a los art. 84 y siguientes del Decreto Presidente de la Rep\u00fablica del 3.11.2000, para <strong>modificar el propio apellido<\/strong>, la persona interesada debe dirigir una solicitud de <strong>modificaci\u00f3n<\/strong> fundamentada \u00a0 (<strong><a href=\"https:\/\/conslaplata.esteri.it\/wp-content\/uploads\/2023\/05\/Istanza_di_cambiamento_del_cognome_per_maggiorenni.pdf\">solicitud para mayores de edad<\/a>\u00a0\u2013\u00a0<\/strong><a href=\"https:\/\/conslaplata.esteri.it\/wp-content\/uploads\/2023\/05\/Istanza_di_cambiamento_del_cognome_per_minorenni.pdf\"><strong>solicitud para menores de eda<\/strong><strong>d<\/strong><\/a>) con un estampillado de 16 euros, a la Prefectura del lugar de \u00faltima residencia (o a la Comuna correspondiente por inscripci\u00f3n A.I.R.E.). La solicitud puede ser enviada:<\/p>\n<ul>\n<li>a la Prefectura, directamente por el interesado;<\/li>\n<li>a trav\u00e9s del Consulado, present\u00e1ndose personalmente previa solicitud de turno (enviar un e-mail al Ufficio Anagrafe, adjuntando copia del DNI v\u00e1lido y copia de la partida de nacimiento\u00a0 rectificada).<\/li>\n<\/ul>\n<p>ATENCI\u00d3N: En caso de solicitud presentada a trav\u00e9s del Consulado, se recuerda que es necesario abonar\u00a0 tres estampillados del valor de <strong>16 euros<\/strong> cada uno.<\/p>\n<p>El importe se paga exclusivamente en euros, a las siguientes coordenadas bancarias:<\/p>\n<p><strong>DESTINATARIO: Ministero dell\u2019Economia e delle Finanze<\/strong><\/p>\n<p><strong>C\u00f3digo IBAN:<\/strong> <strong>IT79Z0100003245BE00000000QK<\/strong><\/p>\n<p><strong>BIC:<\/strong> <strong>BITAITRRENT<\/strong><\/p>\n<p><strong>MOTIVO DE LA TRANSFERENCIA: \u2018codice fiscale o nombre completo del remitente\u2019\u00a0\u2013 Estampillado para solicitud Prefettura \u2013 a\u00f1o de referencia (AAAA) o mes\/a\u00f1o (MM\/AAAA)<\/strong><\/p>\n<p><strong>IMPORTE: 16 euros<\/strong><\/p>\n<h6><span style=\"text-decoration: underline;\">Correcci\u00f3n de apellido<\/span><\/h6>\n<p>En base a las circulares del Ministero dell\u2019Interno n. 397 del 13\/05\/2008 y n. 4 del 18\/02\/20120 es posible, para aquellas personas cuyo apellido resulte parciamente o completamente modificado (respecto al original del antepasado italiano), en las actas de estado civil expedidas en el exterior, dirigir al Consulado una\u00a0solicitud de <strong>correcci\u00f3n del apellido<\/strong>\u00a0(<strong><a href=\"https:\/\/conslaplata.esteri.it\/wp-content\/uploads\/2023\/05\/Istanza_di_correzione_del_cognome_per_maggiorenni.pdf\">solicitud de correcci\u00f3n para mayores de edad\u00a0<\/a>\u2013\u00a0<\/strong><a href=\"https:\/\/conslaplata.esteri.it\/wp-content\/uploads\/2023\/05\/Istanza_correzione_cognome_minorenni-1.pdf\"><strong>solicitud de correcci\u00f3n para menores de edad<\/strong><\/a>)\u00a0que permita mantener en los documentos italianos el apellido adquirido (siempre que, obviamente, resulte indudable la pertenencia a la familia de origen).<\/p>\n","protected":false},"excerpt":{"rendered":"Cambio de apellido En base a los art. 84 y siguientes del Decreto Presidente de la Rep\u00fablica del 3.11.2000, para modificar el propio apellido, la persona interesada debe dirigir una solicitud de modificaci\u00f3n fundamentada \u00a0 (solicitud para mayores de edad\u00a0\u2013\u00a0solicitud para menores de edad) con un estampillado de 16 euros, a la Prefectura del lugar [&hellip;]","protected":false},"author":6,"featured_media":0,"parent":224,"menu_order":0,"comment_status":"closed","ping_status":"closed","template":"","meta":{"footnotes":""},"class_list":["post-798","page","type-page","status-publish","hentry"],"_links":{"self":[{"href":"https:\/\/conslaplata.esteri.it\/es\/wp-json\/wp\/v2\/pages\/798","targetHints":{"allow":["GET"]}}],"collection":[{"href":"https:\/\/conslaplata.esteri.it\/es\/wp-json\/wp\/v2\/pages"}],"about":[{"href":"https:\/\/conslaplata.esteri.it\/es\/wp-json\/wp\/v2\/types\/page"}],"author":[{"embeddable":true,"href":"https:\/\/conslaplata.esteri.it\/es\/wp-json\/wp\/v2\/users\/6"}],"replies":[{"embeddable":true,"href":"https:\/\/conslaplata.esteri.it\/es\/wp-json\/wp\/v2\/comments?post=798"}],"version-history":[{"count":7,"href":"https:\/\/conslaplata.esteri.it\/es\/wp-json\/wp\/v2\/pages\/798\/revisions"}],"predecessor-version":[{"id":6286,"href":"https:\/\/conslaplata.esteri.it\/es\/wp-json\/wp\/v2\/pages\/798\/revisions\/6286"}],"up":[{"embeddable":true,"href":"https:\/\/conslaplata.esteri.it\/es\/wp-json\/wp\/v2\/pages\/224"}],"wp:attachment":[{"href":"https:\/\/conslaplata.esteri.it\/es\/wp-json\/wp\/v2\/media?parent=798"}],"curies":[{"name":"wp","href":"https:\/\/api.w.org\/{rel}","templated":true}]}}