{"id":13,"date":"2023-04-03T18:23:20","date_gmt":"2023-04-03T16:23:20","guid":{"rendered":"https:\/\/consolatozurigo.esteri.it\/?page_id=13"},"modified":"2023-09-11T10:51:22","modified_gmt":"2023-09-11T13:51:22","slug":"chi-siamo","status":"publish","type":"page","link":"https:\/\/conslaplata.esteri.it\/it\/chi-siamo\/","title":{"rendered":"Chi siamo"},"content":{"rendered":"<p>Il Consolato Generale d\u2019Italia a La Plata offre servizi consolari ai cittadini italiani e stranieri residenti nella <strong><a href=\"https:\/\/conslaplata.esteri.it\/it\/chi-siamo\/la-rete-consolare\/\">circoscrizione consolare<\/a><\/strong>.<\/p>\n<p>Per accedere al Consolato sar\u00e0 indispensabile presentare un documento d\u2019identit\u00e0 valido con fotografia riconoscibile (DNI, Passaporto o C\u00e9dula del Mercosur o Passaporto).<\/p>\n<p>Per poter accedere ai servizi consolari \u00e8 necessario fissare appuntamento previo (vedasi <strong><a href=\"https:\/\/prenotami.esteri.it\/\">sistema di appuntamenti online<\/a><\/strong>).<\/p>\n<p><strong>L<\/strong>\u2018<strong>appuntamento \u00e8 GRATUITO, personale e non pu\u00f2 essere ceduto o scambiato n\u00e9 preso da terzi, pena cancellazione.<\/strong><\/p>\n<p>Per informazioni generali, \u00e8 disponibile un servizio di <strong>assistenza telefonica all\u2019utenza<\/strong> comunicandosi al <strong>0221 439 5510<\/strong>, da luned\u00ec a venerd\u00ec (eccetto festivi) dalle 8.30 alle 11.30.<\/p>\n<p><strong>In caso di gravi emergenze,\u00a0<\/strong><u>e in nessun caso per informazioni<\/u>\u00a0\u00e8 attivo il numero <strong>0221 586<\/strong> <strong>2653<\/strong>. <strong>A questo numero non verranno fornite informazioni sui servizi consolari<\/strong> (passaporti, cittadinanza, FAST IT, ecc.)<\/p>\n<p><img loading=\"lazy\" decoding=\"async\" class=\"alignnone size-medium wp-image-297 img-fluid\" src=\"https:\/\/conslaplata.esteri.it\/wp-content\/uploads\/2023\/05\/Foto-Consolato-piccola-210x300.jpg\" alt=\"\" width=\"210\" height=\"300\" srcset=\"https:\/\/conslaplata.esteri.it\/wp-content\/uploads\/2023\/05\/Foto-Consolato-piccola-210x300.jpg 210w, https:\/\/conslaplata.esteri.it\/wp-content\/uploads\/2023\/05\/Foto-Consolato-piccola.jpg 313w\" sizes=\"auto, (max-width: 210px) 100vw, 210px\" \/><\/p>\n<p>&nbsp;<\/p>\n<p>Calle 48 n. 869 (entre 12 y 13)<br \/>\n(B1900ANI) LA PLATA (Buenos Aires)<\/p>\n<p><a href=\"https:\/\/www.google.com\/maps\/place\/Consulado+General+de+Italia\/@-34.9187599,-57.9567557,17z\/data=!3m1!4b1!4m2!3m1!1s0x0:0xb2bbe619c17bb68c?expflags=enable_star_based_justifications:true&amp;hl=it\"><strong>Come arrivare<\/strong><\/a><\/p>\n<p>Tel. (0221) 439 5500<br \/>\ne-mail:\u00a0<strong><a href=\"mailto:segreteria.laplata@esteri.it\">segreteria.laplata@esteri.it<\/a><\/strong><\/p>\n<p>&nbsp;<\/p>\n","protected":false},"excerpt":{"rendered":"Il Consolato Generale d\u2019Italia a La Plata offre servizi consolari ai cittadini italiani e stranieri residenti nella circoscrizione consolare. Per accedere al Consolato sar\u00e0 indispensabile presentare un documento d\u2019identit\u00e0 valido con fotografia riconoscibile (DNI, Passaporto o C\u00e9dula del Mercosur o Passaporto). Per poter accedere ai servizi consolari \u00e8 necessario fissare appuntamento previo (vedasi sistema di [&hellip;]","protected":false},"author":1,"featured_media":0,"parent":0,"menu_order":2,"comment_status":"closed","ping_status":"closed","template":"","meta":{"footnotes":""},"class_list":["post-13","page","type-page","status-publish","hentry"],"_links":{"self":[{"href":"https:\/\/conslaplata.esteri.it\/it\/wp-json\/wp\/v2\/pages\/13","targetHints":{"allow":["GET"]}}],"collection":[{"href":"https:\/\/conslaplata.esteri.it\/it\/wp-json\/wp\/v2\/pages"}],"about":[{"href":"https:\/\/conslaplata.esteri.it\/it\/wp-json\/wp\/v2\/types\/page"}],"author":[{"embeddable":true,"href":"https:\/\/conslaplata.esteri.it\/it\/wp-json\/wp\/v2\/users\/1"}],"replies":[{"embeddable":true,"href":"https:\/\/conslaplata.esteri.it\/it\/wp-json\/wp\/v2\/comments?post=13"}],"version-history":[{"count":8,"href":"https:\/\/conslaplata.esteri.it\/it\/wp-json\/wp\/v2\/pages\/13\/revisions"}],"predecessor-version":[{"id":1181,"href":"https:\/\/conslaplata.esteri.it\/it\/wp-json\/wp\/v2\/pages\/13\/revisions\/1181"}],"wp:attachment":[{"href":"https:\/\/conslaplata.esteri.it\/it\/wp-json\/wp\/v2\/media?parent=13"}],"curies":[{"name":"wp","href":"https:\/\/api.w.org\/{rel}","templated":true}]}}