{"id":3595,"date":"2024-06-11T22:17:31","date_gmt":"2024-06-12T01:17:31","guid":{"rendered":"https:\/\/conslaplata.esteri.it\/?page_id=3595"},"modified":"2026-03-31T12:53:29","modified_gmt":"2026-03-31T15:53:29","slug":"carta-didentita-elettronica","status":"publish","type":"page","link":"https:\/\/conslaplata.esteri.it\/it\/servizi-consolari-e-visti\/servizi-per-il-cittadino-italiano\/carta-didentita-elettronica\/","title":{"rendered":"Carta d&#8217;identit\u00e0 elettronica (CIE)"},"content":{"rendered":"<p><a href=\"https:\/\/conslaplata.esteri.it\/wp-content\/uploads\/2024\/06\/Informativa.pdf\">Informativa sulla protezione dei dati personali<\/a><\/p>\n<p>&nbsp;<\/p>\n<p><strong>Che cos\u2019\u00e8 la carta d\u2019identit\u00e0 elettronica (CIE)?<\/strong><\/p>\n<p>La CIE \u00e8 documento personale di riconoscimento valido per identificarsi e circolare nell\u2019Unione Europea, in alcuni Stati aderenti all\u2019accordo di Schengen (ad es. Islanda, Norvegia e Svizzera) e in altri Stati con cui sono stati raggiunti accordi bilaterali (vedasi le singole \u201cschede Paese\u201d sul sito <a href=\"https:\/\/www.viaggiaresicuri.it\/home\">viaggiaresicuri.it<\/a>).<\/p>\n<p>Non e\u2019 possibile utilizzare la CIE come documento di viaggio per spostarsi da un Paese extra europeo (come ad esempio l\u2019Argentina) verso l\u2019Italia o altri Paesi.<\/p>\n<p>&nbsp;<\/p>\n<p><strong>A cosa serve la carta d\u2019identit\u00e0 elettronica?<\/strong><\/p>\n<p>Oltre alle funzioni sopra descritte, la CIE serve altres\u00ec principalmente per accedere ad alcuni servizi digitali della Pubblica Amministrazione (come INPS, COMUNI, Agenzia delle Entrate), app IO.<\/p>\n<p>&nbsp;<\/p>\n<p><strong>A chi pu\u00f2 essere rilasciata la carta d\u2019identit\u00e0 elettronica?<\/strong><\/p>\n<p>Ai fini dell\u2019emissione della CIE \u00e8 indispensabile che il richiedente:<\/p>\n<ul>\n<li>sia cittadino italiano regolarmente residente nella circoscrizione consolare di La Plata;<\/li>\n<li>sia iscritto all\u2019AIRE e il suo nominativo inserito nell\u2019apposito applicativo da parte del comune italiano di riferimento;<\/li>\n<li>abbia l\u2019atto di nascita trascritto in Italia, in quanto gli estremi della trascrizione devono essere riportati sulla CIE;<\/li>\n<li>abbia aggiornato la sua posizione negli schedari consolari nel caso di cambio d\u2019indirizzo, variazione dello stato civile o nascita di figli.<\/li>\n<\/ul>\n<p>In caso di mancanza di uno o pi\u00f9 dei requisiti sopra riportati, si dovr\u00e0 prendere contatto con i servizi competenti (anagrafe o stato civile) prima di richiedere un appuntamento per la carta d\u2019identit\u00e0.<\/p>\n<p>&nbsp;<\/p>\n<p><strong>Come mi registro all\u2019 AIRE?<\/strong><\/p>\n<p>L\u2019iscrizione all\u2019A.I.R.E. deve essere effettuata unicamente attraverso il portale\u00a0<a href=\"https:\/\/serviziconsolarionline.esteri.it\/ScoFE\/index.sco\">Fast It.<\/a><\/p>\n<p>&nbsp;<\/p>\n<p><strong>Come si richiede la carta d\u2019identit\u00e0 elettronica (CIE)?<\/strong><\/p>\n<p>La richiesta della carta d\u2019identit\u00e0 elettronica deve essere presentata utilizzando esclusivamente la piattaforma <a href=\"https:\/\/prenotami.esteri.it\/\">Prenot@mi<\/a> . I TURNI DISPONIBILI VERRANNO PUBBLICATI IL <strong>MARTEDI ALLE ORE 19:00<\/strong> (orario argentino). <strong>IL TURNO \u00c8 PERSONALE E NON TRASFERIBILE. E\u2019 VIETATO PRENOTARE UTILIZZANDO UN COLLEGAMENTO CON VPN<\/strong>.<\/p>\n<p><strong>ATTENZIONE<\/strong>: nel caso in cui, a seguito di verifiche dei requisiti precedentemente indicati, non fosse possibile procedere con la pratica di rilascio della CIE, il turno verr\u00e0 annullato. Il connazionale sar\u00e0 informato sulle motivazioni del rigetto e dovr\u00e0 ripetere la procedura sul portale <a href=\"https:\/\/prenotami.esteri.it\/\">Prenot@mi<\/a> una volta regolarizzata la propria posizione in base a quanto comunicato dal Consolato.<\/p>\n<p>Si segnala che, ai fini dell\u2019attivazione della CIE, \u00e8 necessario registrare <span style=\"text-decoration: underline;\">il proprio numero cellulare (NO telefono fisso)<\/span> al momento della richiesta.<\/p>\n<p>&nbsp;<\/p>\n<p><strong>\u00c8 possibile chiedere l\u2019appuntamento per i miei figli minori?<\/strong><\/p>\n<p>S\u00ec. In fase di prenotazione dell\u2019appuntamento bisogner\u00e0 compilare una scheda per ciascuna persona che ha bisogno della nuova carta CIE (richiedenti). Sar\u00e0 possibile con un\u2019unica richiesta prenotare un appuntamento fino a 2 persone.<\/p>\n<p>Si informano i connazionali, genitori di figli minori, che dal 14 giugno 2023, non \u00e8 pi\u00f9 necessario presentare l\u2019atto di assenso dell\u2019altro genitore ai fini del rilascio del proprio documento d\u2019identit\u00e0 (passaporto e CIE), ai sensi del D.L. 69\/2023.<\/p>\n<p>Nello specifico il novellato articolo 3-bis della L. 1185\/1967 indica che, quando vi \u00e8 concreto e attuale pericolo che a causa del trasferimento all\u2019estero questo possa sottrarsi all\u2019adempimento dei suoi obblighi verso i figli, sar\u00e0 possibile per l\u2019altro genitore richiedere una inibitoria al rilascio del documento. \u00a0L\u2019istanza potr\u00e0 essere presentata presso il giudice competente presso il Tribunale ordinario in cui il minore ha la residenza abituale ovvero, se il minore \u00e8 residente all\u2019estero, il Tribunale nel cui circondario si trova il suo Comune di iscrizione AIRE.<\/p>\n<p>Ai fini del rilascio dei documenti per i minori, invece, resta l\u2019obbligo dell\u2019assenso firmato da entrambi i genitori o da chi esercita la responsabilit\u00e0 genitoriale.<\/p>\n<p>L\u2019assenso al rilascio della CIE di un minore pu\u00f2 essere manifestato in una delle seguenti forme:<\/p>\n<ul>\n<li>personalmente presso questo Consolato il giorno del turno (si ricorda che chi d\u00e0 l\u2019assenso deve essere munito di un documento valido di identit\u00e0, in originale e fotocopia semplice);<\/li>\n<li>personalmente presso un qualsiasi Ufficio della Pubblica Amministrazione Italiana (abilitato ad autenticare firme: es. Questura o altri rappresentanze diplomatico-consolari);<\/li>\n<li>con una procura (\u201cpoder\u201d) effettuato da un notaio argentino, con successiva apposizione dell\u2019Apostille e traduzione in italiano.<\/li>\n<\/ul>\n<p>I cittadini dell\u2019Unione Europea possono manifestare l\u2019assenso compilando e firmando l\u2019<a href=\"https:\/\/conslaplata.esteri.it\/wp-content\/uploads\/2024\/06\/Assenso-UE-2.pdf\">apposito modulo<\/a>\u00a0e\u00a0allegando copia di un documento rilasciato da un\u00a0 Paese dell\u2019Unione Europea ove appaia la firma del dichiarante.<\/p>\n<p>&nbsp;<\/p>\n<p><strong>Qual \u00e8 la documentazione necessaria da portare con s\u00e9 al momento dell\u2019appuntamento per richiedere la CIE?<\/strong><\/p>\n<p>Il richiedente deve presentarsi munito di:<\/p>\n<ol>\n<li>Una fototessera a norma biometrica (recente, frontale, a sfondo bianco, a colori formato 35 x 45 mm);<\/li>\n<li>Carta di identit\u00e0 precedente o passaporto italiano o DNI argentino.<\/li>\n<li>Atto di assenso di entrambi genitori nel caso in cui il richiedente sia un minore di 18 anni<\/li>\n<li>Dichiarazione di smarrimento\/furto precedente carta se del caso<\/li>\n<\/ol>\n<p>&nbsp;<\/p>\n<p><strong>Quali sono le operazioni che saranno effettuate il giorno dell\u2019appuntamento?<\/strong><\/p>\n<p>Il giorno dell\u2019appuntamento, l\u2019operatore consolare acquisisce la documentazione sopra indicata, effettua il riconoscimento e la verifica della foto ed acquisisce le impronte digitali e la firma. Il giorno dell\u2019appuntamento, sar\u00e0 annullata la carta di identit\u00e0 cartacea o CIE in corso di validit\u00e0, anche se il richiedente non possiede altro documento di identit\u00e0. Si consiglia pertanto, qualora il richiedente non abbia altro documento di identit\u00e0 in corso di validit\u00e0, di comunicarlo all\u2019operatore.<\/p>\n<p>&nbsp;<\/p>\n<p><strong>Come si riceve la CIE?<\/strong><\/p>\n<p><strong>Il documento non \u00e8 rilasciato a vista il giorno dell\u2019appuntamento<\/strong>: <u>la CIE<\/u> \u00e8 infatti prodotta dall\u2019Istituto Poligrafico e Zecca dello Stato e successivamente <u>verr\u00e0<\/u> <u>spedita<\/u>, a mezzo raccomandata a carico di Poste Italiane, <u>all\u2019indirizzo di residenza<\/u> (o recapito) indicato dal richiedente. Il connazionale potr\u00e0 seguire la spedizione autonomamente online, attraverso il codice di tracciamento. <strong>Il Consolato non si fa carico di eventuali problemi di spedizione, per i quali \u00e8 necessario rivolgersi a Poste Italiane.<\/strong><\/p>\n<p>&nbsp;<\/p>\n<p><strong>Quanto tempo vale la CIE?<\/strong><\/p>\n<p>La validit\u00e0 della CIE varia a seconda dell\u2019et\u00e0 del titolare ed \u00e8 di:<\/p>\n<p>\u2013 3 anni per i minori di et\u00e0 compresa tra 0 e 3 anni;<\/p>\n<p>\u2013 5 anni per i minori di et\u00e0 compresa tra 4 e 18 anni;<\/p>\n<p>\u2013 10 anni per persone di et\u00e0 superiore ai 18 anni.<\/p>\n<p>&nbsp;<\/p>\n<p><strong>Quale \u00e8 la modalit\u00e0 di pagamento?<\/strong><\/p>\n<p>Il pagamento della tassa consolare per il rilascio\/rinnovo della carta d&#8217;identit\u00e0 deve essere effettuato con <strong>bonifico bancario<\/strong>.<\/p>\n<p>Alcuni giorni prima della data dell\u2019appuntamento assegnato su Prenot@mi, il connazionale ricever\u00e0 una comunicazione con la conferma dello stesso, insieme agli estremi bancari per effettuare il pagamento, entro e non oltre<strong>\u00a0le ore 18:00 del giorno lavorativo precedente l\u2019appuntamento<\/strong>. Il pagamento dovr\u00e0 essere effettuato in Pesos argentini. L\u2019importo vigente e&#8217; reperibile alla pagina web di questo Consolato Generale, al seguente link: <strong><a href=\"https:\/\/conslaplata.esteri.it\/wp-content\/uploads\/2026\/03\/Nuova-tabella-PERCEZIONI-II-Trim-2026.pdf\" target=\"_blank\" rel=\"noopener\">Tariffe Consolari<\/a><\/strong><\/p>\n<p>&nbsp;<\/p>\n<p><strong>Devo chiedere una nuova carta se cambio indirizzo?<\/strong><\/p>\n<p>No. La carta d\u2019identit\u00e0 \u00e8 un documento di identit\u00e0 e non di residenza.<\/p>\n<p>&nbsp;<\/p>\n<p><strong>Posso richiedere la carta di identit\u00e0 presso il mio Comune in Italia, anche se residente all\u2019estero?<\/strong><\/p>\n<p>Il connazionale dovr\u00e0 verificare con il Comune in Italia.<\/p>\n","protected":false},"excerpt":{"rendered":"Informativa sulla protezione dei dati personali &nbsp; Che cos\u2019\u00e8 la carta d\u2019identit\u00e0 elettronica (CIE)? La CIE \u00e8 documento personale di riconoscimento valido per identificarsi e circolare nell\u2019Unione Europea, in alcuni Stati aderenti all\u2019accordo di Schengen (ad es. Islanda, Norvegia e Svizzera) e in altri Stati con cui sono stati raggiunti accordi bilaterali (vedasi le singole [&hellip;]","protected":false},"author":8,"featured_media":0,"parent":59,"menu_order":13,"comment_status":"closed","ping_status":"closed","template":"","meta":{"footnotes":""},"class_list":["post-3595","page","type-page","status-publish","hentry"],"_links":{"self":[{"href":"https:\/\/conslaplata.esteri.it\/it\/wp-json\/wp\/v2\/pages\/3595","targetHints":{"allow":["GET"]}}],"collection":[{"href":"https:\/\/conslaplata.esteri.it\/it\/wp-json\/wp\/v2\/pages"}],"about":[{"href":"https:\/\/conslaplata.esteri.it\/it\/wp-json\/wp\/v2\/types\/page"}],"author":[{"embeddable":true,"href":"https:\/\/conslaplata.esteri.it\/it\/wp-json\/wp\/v2\/users\/8"}],"replies":[{"embeddable":true,"href":"https:\/\/conslaplata.esteri.it\/it\/wp-json\/wp\/v2\/comments?post=3595"}],"version-history":[{"count":7,"href":"https:\/\/conslaplata.esteri.it\/it\/wp-json\/wp\/v2\/pages\/3595\/revisions"}],"predecessor-version":[{"id":6874,"href":"https:\/\/conslaplata.esteri.it\/it\/wp-json\/wp\/v2\/pages\/3595\/revisions\/6874"}],"up":[{"embeddable":true,"href":"https:\/\/conslaplata.esteri.it\/it\/wp-json\/wp\/v2\/pages\/59"}],"wp:attachment":[{"href":"https:\/\/conslaplata.esteri.it\/it\/wp-json\/wp\/v2\/media?parent=3595"}],"curies":[{"name":"wp","href":"https:\/\/api.w.org\/{rel}","templated":true}]}}