{"id":39,"date":"2023-04-03T19:16:29","date_gmt":"2023-04-03T17:16:29","guid":{"rendered":"https:\/\/consolatozurigo.esteri.it\/?page_id=39"},"modified":"2023-05-18T12:25:19","modified_gmt":"2023-05-18T15:25:19","slug":"la-rete-consolare","status":"publish","type":"page","link":"https:\/\/conslaplata.esteri.it\/it\/chi-siamo\/la-rete-consolare\/","title":{"rendered":"La Rete Consolare"},"content":{"rendered":"<p><strong>La circoscrizione del Consolato Generale d&#8217;Italia a La Plata \u00e8 formata dai seguenti 59 partidos della Provincia di Buenos Aires:<\/strong>\u00a025 de Mayo, Alberti, Azul, Berazategui, Berisso, Bol\u00edvar, Bragado, Brandsen, Ca\u00f1uelas, Carlos Casares, Carlos Tejedor, Castelli, Chacabuco, Chascom\u00fas, Chivilcoy, Dolores, Ensenada, Florencio Varela, Florentino Ameghino, General Alvear, General Arenales, General Belgrano, General Guido, General La Madrid, General Las Heras, General Lavalle, General Paz, General Pinto, General Viamonte, General Villegas, Hip\u00f3lito Yrigoyen, Jun\u00edn, La Plata, Laprida, Las Flores, Leandro N. Alem, Lincoln, Lezama, Lobos, Magdalena, Mercedes, Monte, Navarro, Nueve de Julio, Olavarr\u00eda, Pehuaj\u00f3, Pellegrini, Pila, Punta Indio, Quilmes, Rivadavia, Roque P\u00e9rez, Saladillo, Salliquel\u00f3, Suipacha, Tapalqu\u00e9, Tordillo, Trenque Lauquen, Tres Lomas.<\/p>\n<p>&nbsp;<\/p>\n","protected":false},"excerpt":{"rendered":"La circoscrizione del Consolato Generale d&#8217;Italia a La Plata \u00e8 formata dai seguenti 59 partidos della Provincia di Buenos Aires:\u00a025 de Mayo, Alberti, Azul, Berazategui, Berisso, Bol\u00edvar, Bragado, Brandsen, Ca\u00f1uelas, Carlos Casares, Carlos Tejedor, Castelli, Chacabuco, Chascom\u00fas, Chivilcoy, Dolores, Ensenada, Florencio Varela, Florentino Ameghino, General Alvear, General Arenales, General Belgrano, General Guido, General La Madrid, [&hellip;]","protected":false},"author":1,"featured_media":0,"parent":13,"menu_order":12,"comment_status":"closed","ping_status":"closed","template":"","meta":{"footnotes":""},"class_list":["post-39","page","type-page","status-publish","hentry"],"_links":{"self":[{"href":"https:\/\/conslaplata.esteri.it\/it\/wp-json\/wp\/v2\/pages\/39","targetHints":{"allow":["GET"]}}],"collection":[{"href":"https:\/\/conslaplata.esteri.it\/it\/wp-json\/wp\/v2\/pages"}],"about":[{"href":"https:\/\/conslaplata.esteri.it\/it\/wp-json\/wp\/v2\/types\/page"}],"author":[{"embeddable":true,"href":"https:\/\/conslaplata.esteri.it\/it\/wp-json\/wp\/v2\/users\/1"}],"replies":[{"embeddable":true,"href":"https:\/\/conslaplata.esteri.it\/it\/wp-json\/wp\/v2\/comments?post=39"}],"version-history":[{"count":4,"href":"https:\/\/conslaplata.esteri.it\/it\/wp-json\/wp\/v2\/pages\/39\/revisions"}],"predecessor-version":[{"id":1153,"href":"https:\/\/conslaplata.esteri.it\/it\/wp-json\/wp\/v2\/pages\/39\/revisions\/1153"}],"up":[{"embeddable":true,"href":"https:\/\/conslaplata.esteri.it\/it\/wp-json\/wp\/v2\/pages\/13"}],"wp:attachment":[{"href":"https:\/\/conslaplata.esteri.it\/it\/wp-json\/wp\/v2\/media?parent=39"}],"curies":[{"name":"wp","href":"https:\/\/api.w.org\/{rel}","templated":true}]}}