{"id":5182,"date":"2025-07-01T15:00:56","date_gmt":"2025-07-01T18:00:56","guid":{"rendered":"https:\/\/conslaplata.esteri.it\/?page_id=5182"},"modified":"2026-03-03T16:09:22","modified_gmt":"2026-03-03T19:09:22","slug":"cittadinanza-per-figli-minori","status":"publish","type":"page","link":"https:\/\/conslaplata.esteri.it\/it\/servizi-consolari-e-visti\/servizi-per-il-cittadino-straniero\/cittadinanza\/cittadinanza-per-figli-minori\/","title":{"rendered":"Acquisto della cittadinanza per \u201cbeneficio di legge\u201d (figli minori nati all\u2019estero)"},"content":{"rendered":"<h3><strong>Normativa e requisiti<\/strong><\/h3>\n<p>In due casi, previsti dal comma 1-bis dell\u2019articolo 4 della legge n. 91\/1992 e dall\u2019articolo 1, comma 1-ter del decreto legge 36\/2025, i <strong>figli minorenni nati all\u2019estero<\/strong>\u00a0da genitore cittadino che non trasmette automaticamente la cittadinanza possono acquistare la cittadinanza italiana per \u201cbeneficio di legge\u201d.<\/p>\n<p>Il\u00a0<strong>minore<\/strong>\u00a0che eventualmente ne benefici,\u00a0<strong>non<\/strong>\u00a0sar\u00e0\u00a0<strong>cittadino per nascita<\/strong>\u00a0o\u00a0<em>iure sanguinis<\/em>.<\/p>\n<p>Egli, in base all\u2019articolo 15 della legge n. 91\/1992, non acquista la cittadinanza dal giorno della nascita, ma dal giorno successivo alla presentazione della dichiarazione prevista dalla legge.<\/p>\n<p><strong>Il Primo Caso<\/strong>\u00a0(<u>comma 1-bis dell\u2019articolo 4 della legge n. 91\/1992<\/u>) prevede i seguenti requisiti che devono essere posseduti\u00a0<strong>congiuntamente<\/strong>:<\/p>\n<ul>\n<li><strong>uno dei genitori \u00e8<\/strong>\u00a0<strong>cittadino\u00a0<u>per nascita<\/u>.\u00a0<\/strong>Si escludono quindi i casi di cittadini per naturalizzazione ai sensi dell\u2019articolo 9 della legge n. 91\/1992 o \u201cper beneficio di legge\u201d ai sensi dell\u2019articolo 4 della legge n. 91\/1992 o per matrimonio ai sensi dell\u2019articolo 5 della legge n. 91\/1992 o dell\u2019articolo 10 della legge n. 555\/1912 o per\u00a0<em>iuris communicatio<\/em>.<\/li>\n<li><strong><u>entrambi<\/u><\/strong>\u00a0i genitori (incluso il genitore eventualmente straniero) o il tutore presentano una\u00a0<strong>dichiarazione di volont\u00e0 di acquisto della cittadinanza entro tre anni dalla nascita<\/strong> (o dalla data successiva in cui \u00e8 stabilita la filiazione da cittadino italiano o in cui \u00e8 decisa l\u2019adozione da parte di cittadino italiano durante la minore et\u00e0 del figlio). In caso di riconoscimento della filiazione in tempi successivi da parte di genitori entrambi cittadini italiani per nascita, il termine di tre anni decorrer\u00e0 dal primo riconoscimento (perch\u00e9 gi\u00e0 il primo riconoscimento comporta la trasmissione della cittadinanza). Se invece avviene prima il riconoscimento da parte di genitore straniero (o cittadino italiano non per nascita ma ad altro titolo), il termine di tre anni sar\u00e0 computato a partire dal riconoscimento da parte del secondo genitore cittadino per nascita.<\/li>\n<li><strong>La dichiarazione di volont\u00e0 di acquisto della cittadinanza deve essere formale e avvenire di persona, alla presenza del dipendente del Consolato Generale delegato all\u2019esercizio delle funzioni di Stato Civile.<\/strong>\u00a0Se i genitori non rendono la dichiarazione contestualmente, il requisito di legge si considera soddisfatto alla data in cui \u00e8 presentata la dichiarazione del secondo genitore. Se la filiazione (anche adottiva) \u00e8 stabilita nei confronti di una sola persona (o se l\u2019altro genitore \u00e8 deceduto), sar\u00e0 sufficiente la dichiarazione di un solo genitore.<\/li>\n<\/ul>\n<p>Nel caso di stabilimento della residenza legale del minore in Italia, la dichiarazione pu\u00f2 essere presentata anche successivamente al termine di tre anni dalla nascita, ma la residenza deve perdurare per almeno due anni continuativi dopo la dichiarazione di volont\u00e0 di acquisto della cittadinanza presentata dai genitori.<\/p>\n<p><strong>Il secondo caso<\/strong>\u00a0<strong>(<u>comma 1-ter dell\u2019articolo 1 del decreto legge 36\/2025<\/u>)\u00a0<\/strong>si applica quando sussistono\u00a0<strong>tutte\u00a0<\/strong>le condizioni seguenti:<\/p>\n<ul>\n<li>persone\u00a0<strong><u>minorenni alla data di entrata in vigore della legge 74\/2025,\u00a0<\/u><\/strong>cio\u00e8 persone che non avevano compiuto il 18\u00b0 anno di et\u00e0 al\u00a0<strong>24 maggio 2025<\/strong>;<\/li>\n<li><strong>figli di cittadini\u00a0<u>per nascita<\/u><\/strong>\u00a0<strong>che si trovano nelle condizioni previste dalle lettere a), a-bis) e b) dell\u2019articolo 3-bis della legge n. 91\/1992.\u00a0<\/strong>In altri termini, i genitori devono essere riconosciuti cittadini sulla base di domanda amministrativa o giudiziale presentata entro le 23:59 (ora italiana) del 27 marzo 2025 o sulla base di domanda presentata sulla base di appuntamento comunicato dall\u2019Ufficio consolare o dal Comune entro la medesima data;<\/li>\n<li><strong><u>la dichiarazione dei genitori o del tutore deve essere presentata all\u2019Ufficio consolare entro il 31 maggio 2029 (termine prorogato con Legge 28 febbraio 2026, n. 26). Se l\u2019interessato, minorenne alla data del 24 maggio 2025, diviene nel frattempo maggiorenne, la dichiarazione dovr\u00e0 essere presentata da lui personalmente entro il medesimo termine.<\/u><\/strong><\/li>\n<\/ul>\n<p><span style=\"text-decoration: underline;\"><strong>Le istanze presentate a partire dal 1\u00b0 gennaio 2026 hanno carattere gratuito.<\/strong><\/span><\/p>\n<p>Le dichiarazioni di cui ai casi precedenti dovranno essere rese di presenza in Consolato davanti al dipendente delegato alle funzioni di Stato Civile.<\/p>\n<p><strong><u>Le richieste di acquisto della cittadinanza per beneficio di legge e la relativa documentazione andranno presentate esclusivamente attraverso il <a href=\"https:\/\/serviziconsolari.esteri.it\/ScoFE\/index.sco\" target=\"_blank\" rel=\"noopener\">portale Fast-it<\/a>.<\/u><\/strong><\/p>\n<p>Una volta verificata la correttezza formale e sostanziale della documentazione e (solo per per le istanze presentate prima del 1\u00b0 gennaio 2026) la ricevuta dell\u2019avvenuto pagamento, il Consolato Generale comunicher\u00e0 ai genitori un \u201ccodice pratica\u201d. Il richiedente dovra\u2019 quindi prenotare un appuntamento per la resa della dichiarazione sul portale Prenot@mi, prenotando il servizio \u201c<strong>Acquisto della cittadinanza per beneficio di legge (figli minorenni nati all\u2019estero) \u2013 Art. 4, c. 1-bis L. 91\/1992 e Art. 1 c. 1-ter D.L. 36\/2025<\/strong>\u201d e inserendo il \u201ccodice pratica\u201d ricevuto alla voce \u201cNote per la Sede\u201d in fase di prenotazione dell\u2019appuntamento.<\/p>\n<p><strong><u>Si raccomanda di non effettuare prenotazioni di appuntamenti per la resa della dichiarazione tramite il portale Prenot@mi senza il relativo \u201ccodice pratica\u201d assegnato dal Consolato. Gli appuntamenti prenotati privi del codice pratica verranno annullati.<\/u><\/strong><\/p>\n<p>Entrambi i genitori del minore (o lo stesso richiedente minorenne al 24.05.2025 ma maggiorenne al giorno dell\u2019appuntamento) dovranno presentarsi in Consolato presentando la documentazione richiesta, di seguito descritta.<\/p>\n<p><strong><u>Documentazione<\/u><\/strong><\/p>\n<p>Documentazione necessaria per avviare la pratica di acquisto della cittadinanza per beneficio di legge, da caricare sul <a href=\"https:\/\/serviziconsolari.esteri.it\/ScoFE\/index.sco\" target=\"_blank\" rel=\"noopener\"><strong>portale Fast-It<\/strong><\/a>:<\/p>\n<ol>\n<li><strong><span style=\"text-decoration: underline;\"><a href=\"https:\/\/conslaplata.esteri.it\/wp-content\/uploads\/2025\/10\/21.-RICHIESTA-DI-ACQUISTO-DELLA-CITTADINANZA-PER-BENEFICIO-DI-LEGGE-DEL-MINORE-v.-01.10.2025.pdf\" target=\"_blank\" rel=\"noopener\">modulo di richiesta<\/a><\/span>\u00a0<\/strong>debitamente compilata e firmata (nel caso in cui non si conosca il Comune di riferimento in Italia, il relativo campo pu\u00f2 essere non completato);<\/li>\n<li>copia del DNI fronte\/retro di tutto il nucleo familiare (ove risulti lo stesso indirizzo);<\/li>\n<li>Documentazione relativa al richiedente:<\/li>\n<\/ol>\n<ul>\n<li style=\"list-style-type: none;\">\n<ul>\n<li><strong>atti di Stato Civile (nascita)\u00a0<\/strong>o \u201c<em>partidas<\/em>\u201d (non certificati):\n<ul>\n<li style=\"list-style-type: none;\">\n<ul>\n<li>emessi con sistema GEDO con traduzione integrale (sia dell\u2019atto che della firma digitale emessa dal locale ufficio del \u201cRegistro Civil\u201d) o emessi con firma olografata muniti di Apostille digitale emessa dal Ministero degli Affari Esteri o dal Colegio de Escribanos con traduzione integrale (sia dell\u2019atto che dell\u2019Apostille Digitale).<\/li>\n<li>apostillati se formati in uno Stato diverso dall\u2019Argentina;<\/li>\n<li>tradotti in italiano (la traduzione dovr\u00e0 essere effettuata nello Stato dove l\u2019atto \u00e8 formato e debitamente legalizzata se non effettuata in Argentina);<\/li>\n<\/ul>\n<\/li>\n<\/ul>\n<\/li>\n<\/ul>\n<\/li>\n<\/ul>\n<ul>\n<li style=\"list-style-type: none;\">\n<ul>\n<li><strong>eventuali sentenze<\/strong>\u00a0(ad esempio di adozione*, riconoscimento giudiziale) dovranno essere presentate:<\/li>\n<\/ul>\n<\/li>\n<\/ul>\n<ul>\n<li style=\"list-style-type: none;\">\n<ul>\n<li style=\"list-style-type: none;\">\n<ul>\n<li style=\"list-style-type: none;\">\n<ul>\n<li>in originale e in formato integrale (devono riportare\u00a0<em>AUTOS; VISTOS; CONSIDERANDO; FALLO<\/em>);<\/li>\n<li>recanti \u201cAttestazione di passaggio in giudicato\u201d (vale a dire che la sentenza \u00e8 \u201c<em>FIRME<\/em>\u201d, o \u201c<em>CONSENTIDA<\/em>\u201d, o \u201c<em>EJECUTORIADA<\/em>\u201d o che riveste il carattere di \u201c<em>COSA JUZGADA<\/em>\u201d, con indicazione della data a partire dalla quale la sentenza \u00e8 definitiva);<\/li>\n<li>apostillate;<\/li>\n<li>tradotte in lingua italiana (la traduzione dovr\u00e0 essere effettuata nello Stato dove l\u2019atto \u00e8 formato e debitamente legalizzata se non effettuata in Argentina);<\/li>\n<li>corredate da \u201cIstanza di trascrizione\u201d debitamente firmata dall\u2019istante;<\/li>\n<\/ul>\n<\/li>\n<\/ul>\n<\/li>\n<\/ul>\n<\/li>\n<\/ul>\n<p>*SENTENZA DI ADOZIONE:<\/p>\n<ul>\n<li>deve specificare lo stato di abbandono del minore o l\u2019autorizzazione del genitore o dei genitori biologici ai fini dell\u2019adozione;<\/li>\n<li>documentazione comprovante la residenza da almeno due anni in Argentina previa all\u2019adozione del minore da parte dei genitori adottanti (\u00e8 necessario il \u201ccertificato dei movimenti migratori\u201d che \u00e8 possibile richiedere alla locale Direzione \u201cMigraciones\u201d).<\/li>\n<\/ul>\n<p>&nbsp;<\/p>\n<p><strong><u>FIGLI MINORI DI GENITORE O NONNO\/A ESCLUSIVAMENTE CITTADINO ITALIANO<\/u><\/strong><\/p>\n<p>Si fa presente che la procedura per la presentazione delle richieste di iscrizione di figli minorenni di genitore o nonno\/a cittadino esclusivamente italiano (artt. 1, lettera \u201ca\u201d e 3-bis, lettera \u201cc\u201d della Legge n. 91\/1992) \u00e8 disponibile al seguente\u00a0<a href=\"https:\/\/conslaplata.esteri.it\/it\/servizi-consolari-e-visti\/servizi-per-il-cittadino-italiano\/stato-civile\/atti-di-nascita\/\" target=\"_blank\" rel=\"noopener\">link<\/a><\/p>\n","protected":false},"excerpt":{"rendered":"Normativa e requisiti In due casi, previsti dal comma 1-bis dell\u2019articolo 4 della legge n. 91\/1992 e dall\u2019articolo 1, comma 1-ter del decreto legge 36\/2025, i figli minorenni nati all\u2019estero\u00a0da genitore cittadino che non trasmette automaticamente la cittadinanza possono acquistare la cittadinanza italiana per \u201cbeneficio di legge\u201d. Il\u00a0minore\u00a0che eventualmente ne benefici,\u00a0non\u00a0sar\u00e0\u00a0cittadino per nascita\u00a0o\u00a0iure sanguinis. Egli, [&hellip;]","protected":false},"author":8,"featured_media":0,"parent":96,"menu_order":1,"comment_status":"closed","ping_status":"closed","template":"","meta":{"footnotes":""},"class_list":["post-5182","page","type-page","status-publish","hentry"],"_links":{"self":[{"href":"https:\/\/conslaplata.esteri.it\/it\/wp-json\/wp\/v2\/pages\/5182","targetHints":{"allow":["GET"]}}],"collection":[{"href":"https:\/\/conslaplata.esteri.it\/it\/wp-json\/wp\/v2\/pages"}],"about":[{"href":"https:\/\/conslaplata.esteri.it\/it\/wp-json\/wp\/v2\/types\/page"}],"author":[{"embeddable":true,"href":"https:\/\/conslaplata.esteri.it\/it\/wp-json\/wp\/v2\/users\/8"}],"replies":[{"embeddable":true,"href":"https:\/\/conslaplata.esteri.it\/it\/wp-json\/wp\/v2\/comments?post=5182"}],"version-history":[{"count":9,"href":"https:\/\/conslaplata.esteri.it\/it\/wp-json\/wp\/v2\/pages\/5182\/revisions"}],"predecessor-version":[{"id":6735,"href":"https:\/\/conslaplata.esteri.it\/it\/wp-json\/wp\/v2\/pages\/5182\/revisions\/6735"}],"up":[{"embeddable":true,"href":"https:\/\/conslaplata.esteri.it\/it\/wp-json\/wp\/v2\/pages\/96"}],"wp:attachment":[{"href":"https:\/\/conslaplata.esteri.it\/it\/wp-json\/wp\/v2\/media?parent=5182"}],"curies":[{"name":"wp","href":"https:\/\/api.w.org\/{rel}","templated":true}]}}