{"id":67,"date":"2023-04-03T19:27:59","date_gmt":"2023-04-03T17:27:59","guid":{"rendered":"https:\/\/consolatozurigo.esteri.it\/?page_id=67"},"modified":"2026-03-31T12:31:06","modified_gmt":"2026-03-31T15:31:06","slug":"passaporti-e-carte-didentita","status":"publish","type":"page","link":"https:\/\/conslaplata.esteri.it\/it\/servizi-consolari-e-visti\/servizi-per-il-cittadino-italiano\/passaporti-e-carte-didentita\/","title":{"rendered":"Passaporti"},"content":{"rendered":"<p>Il consolato riceve <b>SOLO <\/b>su appuntamento. <strong>L&#8217;appuntamento \u00e8 <span style=\"text-decoration: underline;\">PRESENZIALE<\/span> e intrasferibile.<\/strong><\/p>\n<p>Per il rilascio del passaporto\u00a0<strong>\u00e8 necessario effettuare una prenotazione<\/strong>\u00a0tramite il portale\u00a0<a href=\"https:\/\/prenotami.esteri.it\/\"><strong>Prenot@mi<\/strong><\/a>. Al momento della prenotazione sar\u00e0 necessario allegare copia dell&#8217;ultimo DNI in corso di validit\u00e0.<\/p>\n<p><strong>IL TURNO \u00c8 PERSONALE E NON TRASFERIBILE. E\u2019 VIETATO PRENOTARE UTILIZZANDO UN COLLEGAMENTO CON VPN.<\/strong><\/p>\n<p><strong>Non \u00e8 possibile richiedere un appuntamento (o richiedere di modificarlo) per posta elettronica o personalmente.<\/strong><\/p>\n<p><strong>In caso di comprovata urgenza per motivi di salute, lavoro o studio, e\u2019 possibile richiedere l\u2019assegnazione di un appuntamento urgente inviando una richiesta via email (allegando la documentazione comprovante l\u2019urgenza) a: <a href=\"mailto:passaporti.laplata@esteri.it\">passaporti.laplata@esteri.it<\/a>. <\/strong><\/p>\n<p>Per richiedere il rilascio del passaporto presso questo Consolato Generale, \u00e8 indispensabile:<\/p>\n<div>\n<ul>\n<li><strong>essere cittadino italiano,<\/strong><\/li>\n<li><strong>risiedere nella\u00a0<a href=\"https:\/\/conslaplata.esteri.it\/it\/chi-siamo\/la-rete-consolare\/\">circoscrizione<\/a>\u00a0di questo Consolato Generale,<\/strong><\/li>\n<li><strong>essere regolarmente iscritto nell\u2019Anagrafe degli Italiani Residenti all\u2019Estero (<a href=\"https:\/\/serviziconsolari.esteri.it\/ScoFE\/services\/service-info.sco?serviceId=92&amp;sCode=AIRERR\">AIRE<\/a>)<\/strong><\/li>\n<li><strong>avere i propri dati personali completi ed\u00a0<a href=\"https:\/\/serviziconsolari.esteri.it\/ScoFE\/services\/service-info.sco;jsessionid=60486C87CA9334A7F42B75FD236DD5C8?serviceId=93\">aggiornati<\/a><\/strong> (stato civile, presenza di figli minori, indirizzo aggiornato ecc.).<\/li>\n<\/ul>\n<\/div>\n<p>Per i cittadini non residenti nella circoscrizione di questo Consolato Generale, e\u2019 possibile ugualmente, in caso di necessit\u00e0, richiedere la concessione di un appuntamento per presentare domanda di passaporto inviando una comunicazione email a: <a href=\"mailto:passaporti.laplata@esteri.it\">passaporti.laplata@esteri.it<\/a><\/p>\n<p><strong><u>Informazioni importanti<\/u><\/strong><\/p>\n<ul>\n<li>Si informano i connazionali, <strong>genitori di figli minori<\/strong>, che a partire dal 14 giugno 2023 <strong>NON<\/strong> sar\u00e0 pi\u00f9 necessario presentare <strong>l\u2019atto di assenso dell\u2019altro genitore<\/strong> ai fini del rilascio <span style=\"text-decoration: underline;\"><strong>del proprio<\/strong><\/span> passaporto, ai sensi dell\u2019art. 20 del D.L. 69\/2023.<\/li>\n<li>Ai fini del rilascio dei documenti <strong>per i minori<\/strong>, invece, <strong>resta l\u2019obbligo dell\u2019assenso firmato da entrambi i genitori<\/strong> o da chi esercita la responsabilit\u00e0 genitoriale.<\/li>\n<li><strong>\u00c9 indispensabile la presenza dei richiedenti, anche nel caso dei minorenni.<\/strong><\/li>\n<\/ul>\n<p><span style=\"text-decoration: underline;\"><strong><br \/>\nPAGAMENTO<\/strong><\/span><\/p>\n<p style=\"margin-top: 0cm; background: white;\"><strong>Il pagamento<\/strong> della tassa consolare per il rilascio\/rinnovo del passaporto deve essere effettuato con <strong>bonifico bancario<\/strong>.<br \/>\nPrima della data dell\u2019appuntamento, l\u2019Ufficio Passaporti effettuer\u00e0 un controllo sui dati anagrafici risultanti dalla prenotazione e dal registro consolare.<\/p>\n<p style=\"margin-top: 0cm; background: white;\">Laddove, in fase di controllo, emergessero dei problemi da risolvere (ad esempio necessit\u00e0 di regolarizzare l\u2019indirizzo di residenza o lo stato di famiglia), il connazionale verr\u00e0 invitato a regolarizzare la sua posizione prima dell\u2019appuntamento.<\/p>\n<p style=\"margin-top: 0cm; background: white;\">Se dall\u2019esame della domanda del connazionale non emergeranno problemi, il connazionale ricever\u00e0 <span style=\"text-decoration: underline;\">per email fra i 3 e i 5 giorni che precedono la data dell\u2019appuntamento<\/span> una comunicazione con la conferma dell\u2019appuntamento (per la data che gi\u00e0 aveva ricevuto) e con <span style=\"text-decoration: underline;\">le istruzioni per il pagamento della tassa consolare per il rilascio del passaporto. Il pagamento andr\u00e0 effettuato con bonifico bancario entro e non oltre<strong> le ore 18:00 del giorno lavorativo precedente l\u2019appuntamento.<\/strong><\/span><\/p>\n<p>&nbsp;<\/p>\n<p><span style=\"text-decoration: underline;\"><strong>CONNAZIONALI RESIDENTI ALL&#8217;INTERNO DELLA CIRCOSCRIZIONE<\/strong><\/span><\/p>\n<p>A partire dal 1 giugno 2024, i connazionali residenti a una distanza <strong>pari o superiore a 150 km da La Plata<\/strong> riceveranno il passaporto lo stesso giorno della presentazione della domanda, senza pagare diritti di urgenza.<\/p>\n<p><span style=\"text-decoration: underline;\"><strong><br \/>\nFurto o smarrimento<\/strong><\/span><\/p>\n<p><strong>\u00c8 indispensabile inviare entro i 60 giorni la denuncia di furto o smarrimento del passaporto resa presso le autorit\u00e0 locali <\/strong>alla mail: <a href=\"mailto:Passaporti.laplata@esteri.it\">passaporti.laplata@esteri.it<\/a>, anche se non si intende richiederne uno nuovo.<\/p>\n<p><strong><u><br \/>\nValidit\u00e0 del passaporto<\/u><\/strong><\/p>\n<ul>\n<li>da 0 a 3 anni non compiuti: <strong>3 anni<\/strong><\/li>\n<li>da 3 a 18 anni non compiuti: <strong>5 anni<\/strong><\/li>\n<li>maggiorenni oltre 18 anni: <strong>10 anni<\/strong><\/li>\n<\/ul>\n<p><span style=\"text-decoration: underline;\"><b style=\"text-decoration-line: underline;\">Per informazioni <\/b><b><u>dettagliate consultare<\/u><\/b><\/span><\/p>\n<p><strong><a href=\"https:\/\/conslaplata.esteri.it\/it\/servizi-consolari-e-visti\/servizi-per-il-cittadino-italiano\/passaporti-e-carte-didentita\/passaporti-per-maggiorenni\/\">PASSAPORTI PER MAGGIORENNI<\/a><\/strong><br \/>\n<strong><a href=\"https:\/\/conslaplata.esteri.it\/it\/servizi-consolari-e-visti\/servizi-per-il-cittadino-italiano\/passaporti-e-carte-didentita\/passaporti-per-minorenni\/\">PASSAPORTI PER MINORENNI<\/a><\/strong><\/p>\n<div>\n<p><span style=\"text-decoration: underline;\"><strong>TARIFFE CONSOLARI\u00a0<\/strong><\/span><\/p>\n<p>Il pagamento dovr\u00e0 essere effettuato in Pesos argentini, per l\u2019importo vigente alla data dell\u2019appuntamento di ritiro, reperibile alla pagina web di questo Consolato Generale, al seguente link:\u00a0<strong><a href=\"https:\/\/conslaplata.esteri.it\/wp-content\/uploads\/2026\/03\/Nuova-tabella-PERCEZIONI-II-Trim-2026.pdf\" target=\"_blank\" rel=\"noopener\">Tariffe Consolari<\/a><\/strong><\/p>\n<p>Su richiesta dell\u2019interessato e solo in casi di comprovata e motivata urgenza e previo il pagamento addizionale dei \u201c<strong>diritti di urgenza<\/strong>\u201d previsti dall\u2019attuale normativa consolare, potr\u00e0 essere valutato il rilascio del passaporto entro 24 ore.<\/p>\n<\/div>\n","protected":false},"excerpt":{"rendered":"Il consolato riceve SOLO su appuntamento. L&#8217;appuntamento \u00e8 PRESENZIALE e intrasferibile. Per il rilascio del passaporto\u00a0\u00e8 necessario effettuare una prenotazione\u00a0tramite il portale\u00a0Prenot@mi. Al momento della prenotazione sar\u00e0 necessario allegare copia dell&#8217;ultimo DNI in corso di validit\u00e0. IL TURNO \u00c8 PERSONALE E NON TRASFERIBILE. E\u2019 VIETATO PRENOTARE UTILIZZANDO UN COLLEGAMENTO CON VPN. Non \u00e8 possibile richiedere [&hellip;]","protected":false},"author":1,"featured_media":0,"parent":59,"menu_order":3,"comment_status":"closed","ping_status":"closed","template":"","meta":{"footnotes":""},"class_list":["post-67","page","type-page","status-publish","hentry"],"_links":{"self":[{"href":"https:\/\/conslaplata.esteri.it\/it\/wp-json\/wp\/v2\/pages\/67","targetHints":{"allow":["GET"]}}],"collection":[{"href":"https:\/\/conslaplata.esteri.it\/it\/wp-json\/wp\/v2\/pages"}],"about":[{"href":"https:\/\/conslaplata.esteri.it\/it\/wp-json\/wp\/v2\/types\/page"}],"author":[{"embeddable":true,"href":"https:\/\/conslaplata.esteri.it\/it\/wp-json\/wp\/v2\/users\/1"}],"replies":[{"embeddable":true,"href":"https:\/\/conslaplata.esteri.it\/it\/wp-json\/wp\/v2\/comments?post=67"}],"version-history":[{"count":9,"href":"https:\/\/conslaplata.esteri.it\/it\/wp-json\/wp\/v2\/pages\/67\/revisions"}],"predecessor-version":[{"id":6857,"href":"https:\/\/conslaplata.esteri.it\/it\/wp-json\/wp\/v2\/pages\/67\/revisions\/6857"}],"up":[{"embeddable":true,"href":"https:\/\/conslaplata.esteri.it\/it\/wp-json\/wp\/v2\/pages\/59"}],"wp:attachment":[{"href":"https:\/\/conslaplata.esteri.it\/it\/wp-json\/wp\/v2\/media?parent=67"}],"curies":[{"name":"wp","href":"https:\/\/api.w.org\/{rel}","templated":true}]}}