{"id":84,"date":"2023-04-03T19:28:33","date_gmt":"2023-04-03T17:28:33","guid":{"rendered":"https:\/\/consolatozurigo.esteri.it\/?page_id=84"},"modified":"2025-12-30T14:40:04","modified_gmt":"2025-12-30T17:40:04","slug":"emergency-travel-documents-etd","status":"publish","type":"page","link":"https:\/\/conslaplata.esteri.it\/it\/servizi-consolari-e-visti\/servizi-per-il-cittadino-italiano\/emergency-travel-documents-etd\/","title":{"rendered":"Emergency Travel Documents (ETD)"},"content":{"rendered":"<p>L\u2019ETD (<em>Emergency Travel Document<\/em>) \u00e8 un documento di viaggio di emergenza previsto esplicitamente dalla normativa europea (Decisione dei rappresentanti dei governi degli Stati membri del 25 giugno 1996 (96\/409\/PESC)) che viene rilasciato dalle autorit\u00e0 italiane a partire dall\u2019entrata in vigore del Decreto legislativo 71\/2011. Esso viene rilasciato, in caso di furto o smarrimento o comunque assenza di un documento di identit\u00e0 e di viaggio valido,\u00a0unicamente per il rientro in Italia oppure nel luogo di regolare residenza e solo per il tempo strettamente necessario a raggiungere la destinazione.<\/p>\n<p>L\u2019identit\u00e0 del richiedente dovr\u00e0 essere dimostrata attraverso fotocopie del documento d\u2019identit\u00e0 smarrito o rubato, o con altri documenti contenenti dati personali, foto e firma (ad es. una carta d\u2019identit\u00e0 scaduta o la patente) o, ancora, tramite dichiarazione resa da almeno 1 cittadino italiano maggiorenne munito di documento di identit\u00e0 valido. Qualora non sia possibile dimostrare l\u2019identit\u00e0 del richiedente nei modi sopra descritti, la rappresentanza consolare dovr\u00e0 richiedere conferma dei dati anagrafici al Comune italiano di residenza (cosa che pu\u00f2 allungare di molto il tempo di rilascio dell\u2019ETD).<\/p>\n<p>Nel caso di rilascio di ETD a cittadini minorenni, occorre che la richiesta venga fatta dai genitori o comunque dagli esercenti la responsabilit\u00e0 genitoriale (di persona o tramite apposita dichiarazione inviata via fax o per e-mail con copia di un documento di identit\u00e0).\u00a0 In casi specifici (ad es. minorenne in gita scolastica accompagnato da insegnanti e regolarmente iscritto sulla lista degli studenti accompagnati), la richiesta pu\u00f2 essere fatta anche da una persona diversa dai genitori (nell\u2019esempio in questione, dall\u2019insegnante).<\/p>\n<p>Per il rilascio del documento bisogna portare con s\u00e9 2 foto formato tessera e 1,55 \u20ac in contanti per il costo dello stampato a valore.<\/p>\n<p class=\"corpoPagina\">Per richiedere ETD l\u2019interessato dovr\u00e0 inviare una mail all\u2019indirizzo <a href=\"mailto:passaporti.laplata@esteri.it\"><strong><span style=\"text-decoration: underline;\">passaporti.laplata@esteri.it<\/span><\/strong><\/a>\u00a0allegando:<\/p>\n<ul>\n<li>eventuale documento di riconoscimento (o copia);<\/li>\n<li>denuncia di furto o smarrimento del passaporto resa presso le locali Autorit\u00e0 di Polizia.<\/li>\n<\/ul>\n<p>&nbsp;<\/p>\n","protected":false},"excerpt":{"rendered":"L\u2019ETD (Emergency Travel Document) \u00e8 un documento di viaggio di emergenza previsto esplicitamente dalla normativa europea (Decisione dei rappresentanti dei governi degli Stati membri del 25 giugno 1996 (96\/409\/PESC)) che viene rilasciato dalle autorit\u00e0 italiane a partire dall\u2019entrata in vigore del Decreto legislativo 71\/2011. Esso viene rilasciato, in caso di furto o smarrimento o comunque [&hellip;]","protected":false},"author":1,"featured_media":0,"parent":59,"menu_order":4,"comment_status":"closed","ping_status":"closed","template":"","meta":{"footnotes":""},"class_list":["post-84","page","type-page","status-publish","hentry"],"_links":{"self":[{"href":"https:\/\/conslaplata.esteri.it\/it\/wp-json\/wp\/v2\/pages\/84","targetHints":{"allow":["GET"]}}],"collection":[{"href":"https:\/\/conslaplata.esteri.it\/it\/wp-json\/wp\/v2\/pages"}],"about":[{"href":"https:\/\/conslaplata.esteri.it\/it\/wp-json\/wp\/v2\/types\/page"}],"author":[{"embeddable":true,"href":"https:\/\/conslaplata.esteri.it\/it\/wp-json\/wp\/v2\/users\/1"}],"replies":[{"embeddable":true,"href":"https:\/\/conslaplata.esteri.it\/it\/wp-json\/wp\/v2\/comments?post=84"}],"version-history":[{"count":3,"href":"https:\/\/conslaplata.esteri.it\/it\/wp-json\/wp\/v2\/pages\/84\/revisions"}],"predecessor-version":[{"id":6313,"href":"https:\/\/conslaplata.esteri.it\/it\/wp-json\/wp\/v2\/pages\/84\/revisions\/6313"}],"up":[{"embeddable":true,"href":"https:\/\/conslaplata.esteri.it\/it\/wp-json\/wp\/v2\/pages\/59"}],"wp:attachment":[{"href":"https:\/\/conslaplata.esteri.it\/it\/wp-json\/wp\/v2\/media?parent=84"}],"curies":[{"name":"wp","href":"https:\/\/api.w.org\/{rel}","templated":true}]}}