{"id":91,"date":"2023-04-03T19:29:59","date_gmt":"2023-04-03T17:29:59","guid":{"rendered":"https:\/\/consolatozurigo.esteri.it\/?page_id=91"},"modified":"2025-12-29T12:54:08","modified_gmt":"2025-12-29T15:54:08","slug":"autoveicoli-e-patenti-di-guida","status":"publish","type":"page","link":"https:\/\/conslaplata.esteri.it\/it\/servizi-consolari-e-visti\/servizi-per-il-cittadino-italiano\/autoveicoli-e-patenti-di-guida\/","title":{"rendered":"Patenti di guida"},"content":{"rendered":"<p><strong>Il rinnovo della patente di guida italiana<\/strong> pu\u00f2 essere richiesto\u00a0<strong>da chi risiede nella Circoscrizione Consolare di La Plata da almeno sei mesi.<\/strong><\/p>\n<p>La patente, per poter essere rinnovata in Consolato, non deve essere scaduta da oltre 5 anni.<\/p>\n<p>Il rinnovo della patente negli uffici consolari consiste nella proroga della scadenza della medesima e\u00a0<strong>non autorizza al titolare di<\/strong>\u00a0<strong>questa proroga a guidare in Italia<\/strong> fintanto non avr\u00e0 provveduto al rinnovo presso gli\u00a0<a href=\"https:\/\/ilportaledellautomobilista.it\/gms\/ricerca\/$N\/$N;jsessionid=kSc58WqKrOZuHN-tkibNOACA.81798115-e38a-3e2b-a4e3-2d1f405827f3\"><strong>Uffici della Motorizzazione Civile<\/strong><\/a>.<\/p>\n<p>L\u2019interessato dovr\u00e0 presentarsi munito del D.N.I. (passaporto e\/o carta di identit\u00e0 italiana), patente di guida in originale pi\u00f9 una fotocopia ed il\u00a0<a href=\"https:\/\/conslaplata.esteri.it\/wp-content\/uploads\/2023\/05\/certificato_medico_rinnovo_patente_guida.pdf\"><strong>certificato medico<\/strong><\/a>, rilasciato dal medico di riferimento di questo Consolato Generale,\u00a0<strong>Dott. Roberto D. Martinez.<br \/>\n<\/strong>Per appuntamento contattare il centralino del<strong> Hospital Italiano La Plata, tel: (0221) 512 9500.<br \/>\n<\/strong>Il Dott. Martinez\u00a0<strong>riceve i venerd\u00ec\u00a0<\/strong>presso il reparto di Clinica M\u00e9dica del Hospital Italiano<strong>.<br \/>\n<\/strong>Il certificato medico \u00e8 a pagamento, a carico del richiedente ed il costo va corrisposto direttamente al medico.<\/p>\n<p>&nbsp;<\/p>\n<p><span style=\"text-decoration: underline;\"><strong>Conversione della \u201cPatente Di Guida\u201d italiana in \u201cLicencia De Conducir\u201d argentina<\/strong><\/span><\/p>\n<p>Coloro che trasferiscono la residenza dall\u2019Italia in Argentina possono richiedere la conversione della patente di guida italiana in \u201cLicencia de Conducir\u201d argentina senza dover sostenere esami.<br \/>\nL\u2019utente che volesse farlo, dovr\u00e0 avere la residenza in Argentina dimostrabile mediante il possesso del D.N.I.<\/p>\n<p>Al fine di ottenere l\u2019attestazione contenente i dati della patente di cui \u00e8 titolare, dovr\u00e0 presentare, direttamente o per il tramite di un proprio delegato, l\u2019apposita istanza presso gli\u00a0<a href=\"https:\/\/ilportaledellautomobilista.it\/gms\/ricerca\/$N\/$N;jsessionid=kSc58WqKrOZuHN-tkibNOACA.81798115-e38a-3e2b-a4e3-2d1f405827f3\"><strong>Uffici della Motorizzazione Civile<\/strong><\/a>, corredata della documentazione attestante il versamento dell&#8217;imposta di bollo e dei diritti previsti da disposizioni di legge.<br \/>\nTale certificato, per avere valore legale, deve essere \u201cApostillato\u201d in Italia e dovr\u00e0 essere tradotto in Argentina da un traduttore giurato.<\/p>\n<p>Per eventuali altri requisiti l\u2019interessato dovr\u00e0 rivolgersi all\u2019Ufficio locale autorizzato al rilascio delle patenti di guida argentine\u00a0<a href=\"https:\/\/gba.gob.ar\/seguridadvial\/licencias_de_conducir\"><strong>DIRECCION GENERAL DE CONTROL URBANO<\/strong><\/a><\/p>\n<p>&nbsp;<\/p>\n<p><span style=\"text-decoration: underline;\"><strong>Richieste cancellazione dal P.R.A. (Pubblico Registro Automobilistico)<\/strong><\/span><\/p>\n<p>In caso di richiesta di radiazione per definitiva esportazione all\u2019estero l\u2019interessato\/avente titolo dovr\u00e0 presentare all\u2019ufficio consolare i seguenti documenti:<\/p>\n<p>1) Nota di presentazione della formalit\u00e0<br \/>\nSe in possesso del Certificato di Propriet\u00e0, come nota viene utilizzato il retro del Certificato;<br \/>\nin assenza del Certificato di propriet\u00e0 dovr\u00e0 utilizzare la nota NP3 C in doppio originale, scaricabile dal sito\u00a0<strong><a href=\"http:\/\/aci.it\/i-servizi\/guide-utili\/guida-pratiche-auto.html\">http:\/\/aci.it\/i-servizi\/guide-utili\/guida-pratiche-auto.html<\/a><\/strong><br \/>\nLa nota deve essere compilata e sottoscritta dall\u2019intestatario\/avente titolo.<\/p>\n<p>2) Fotocopia della carta di circolazione estera emessa dallo Stato dove il veicolo esportato \u00e8 stato reimmatricolato o attestazione di avvenuto ritiro della carta di circolazione italiana a seguito di re- immatricolazione estera rilasciato dalle competenti autorit\u00e0. Se il veicolo \u00e8 stato esportato in un Paese extra Unione Europea, occorre anche la traduzione dei suddetti documenti.<\/p>\n<p>3) Carta di circolazione italiana in originale<br \/>\nI Paesi extra UE in alcuni casi possono restituire la carta di circolazione originale italiana. In tali casi si dovr\u00e0 presentare la carta di circolazione in originale.<\/p>\n<p>4) Certificato di Propriet\u00e0 (CdP)\/ Foglio Complementare<br \/>\nSe il CdP e\u2019 stato ritirato dall\u2019autorit\u00e0 estera che ha reimmatricolato il veicolo, il titolare deve sottoscrivere una Dichiarazione sostitutiva di atto notorio in cui si dichiara che il CdP \u00e8 stato ritirato dalle autorit\u00e0 estere.<\/p>\n<p>5) Targhe<br \/>\nIn caso di radiazione effettuata dopo la re-immatricolazione all\u2019estero non \u00e8 necessario restituire le targhe originarie italiane. Qualora il titolare presentasse le targhe italiane, perch\u00e9 le Autorit\u00e0 estere le hanno restituite alla parte in fase di re immatricolazione, il Consolato provvede al ritiro ed alla distruzione inviando al PRA una dichiarazione di avvenuto ritiro e distruzione.<\/p>\n<p>6) Titolo di vendita<br \/>\nSe la radiazione \u00e8 presentata da un soggetto non intestatario al PRA dovr\u00e0 essere allegato il titolo di vendita in originale.<\/p>\n<p>7) Fotocopia documento di identit\u00e0\/riconoscimento<\/p>\n<p>8) Copia della ricevuta del vaglia internazionale o del bonifico bancario.<br \/>\nPer gli importi e le coordinate bancarie si rinvia al sito ACI al seguente indirizzo:<br \/>\n<strong><a href=\"http:\/\/aci.it\/i-servizi\/guide-utili\/guida-pratiche-auto\/esportazione.html\">http:\/\/aci.it\/i-servizi\/guide-utili\/guida-pratiche-auto\/esportazione.html<\/a><\/strong><\/p>\n<p>&nbsp;<\/p>\n<p><span style=\"text-decoration: underline;\"><strong>Conversione del &#8220;Registro de conducir\u201d argentino in \u201cPatente di guida\u201d italiana<\/strong><\/span><\/p>\n<p>Il titolare che si traferir\u00e0 in Italia dovr\u00e0 presentare presso la\u00a0<strong>Rappresentanza Consolare della Repubblica Argentina in territorio italiano<\/strong>:<\/p>\n<ul>\n<li>\u201cCertificado de legalidad\u201d emesso dalla \u201cDirecci\u00f3n de Tr\u00e1nsito\u201d che a suo tempo ha rilasciato la patente guida. Tale Certificato dovr\u00e0 essere munito di \u201cApostille de La Haya\u201d apposta dal Ministerio de Relaciones Exteriores (situato nella Calle Arenales 819 \u2013 Buenos Aires &#8211; l\u2019orario di ricevimento pu\u00f2 essere controllato sul sito www.mrecic.gov.ar).<\/li>\n<li>passaporto argentino\/italiano in corso di validit\u00e0 e\/o DNI + fotocopia;<\/li>\n<li>certificato di residenza italiano (rilasciato dal Comune competente territorialmente).<\/li>\n<\/ul>\n<p>La Rappresentanza Consolare argentina provveder\u00e0 al rilascio di apposito certificato da presentare alla competente Motorizzazione Civile.<\/p>\n<p>Si prega comunque di confermare i requisiti sopra riportati direttamente ai recapiti delle Rappresentanze Consolari Argentine in Italia competente territorialmente in base alla residenza del richiedente:<\/p>\n<p><strong>Consolato argentino a Milano<br \/>\n<\/strong>Via Agnello, 2 \u2013 20121 Milano.<br \/>\ne-mail:\u00a0<a href=\"mailto:cmil@mrecic.gov.ar\">cmil@mrecic.gov.ar<br \/>\n<\/a>web: <a href=\"https:\/\/cmila.mrecic.gov.ar\/\">https:\/\/cmila.mrecic.gov.ar<\/a><\/p>\n<p>&nbsp;<\/p>\n<p><strong>Consolato argentino a Roma<br \/>\n<\/strong>Via Vittorio Veneto, 7 &#8211; 00187 Roma<br \/>\ne-mail:\u00a0<a href=\"mailto:consolato.argentina@tiscali.it\">consolato.argentina@tiscali.it<\/a><\/p>\n","protected":false},"excerpt":{"rendered":"Il rinnovo della patente di guida italiana pu\u00f2 essere richiesto\u00a0da chi risiede nella Circoscrizione Consolare di La Plata da almeno sei mesi. La patente, per poter essere rinnovata in Consolato, non deve essere scaduta da oltre 5 anni. Il rinnovo della patente negli uffici consolari consiste nella proroga della scadenza della medesima e\u00a0non autorizza al [&hellip;]","protected":false},"author":1,"featured_media":0,"parent":59,"menu_order":9,"comment_status":"closed","ping_status":"closed","template":"","meta":{"footnotes":""},"class_list":["post-91","page","type-page","status-publish","hentry"],"_links":{"self":[{"href":"https:\/\/conslaplata.esteri.it\/it\/wp-json\/wp\/v2\/pages\/91","targetHints":{"allow":["GET"]}}],"collection":[{"href":"https:\/\/conslaplata.esteri.it\/it\/wp-json\/wp\/v2\/pages"}],"about":[{"href":"https:\/\/conslaplata.esteri.it\/it\/wp-json\/wp\/v2\/types\/page"}],"author":[{"embeddable":true,"href":"https:\/\/conslaplata.esteri.it\/it\/wp-json\/wp\/v2\/users\/1"}],"replies":[{"embeddable":true,"href":"https:\/\/conslaplata.esteri.it\/it\/wp-json\/wp\/v2\/comments?post=91"}],"version-history":[{"count":6,"href":"https:\/\/conslaplata.esteri.it\/it\/wp-json\/wp\/v2\/pages\/91\/revisions"}],"predecessor-version":[{"id":6309,"href":"https:\/\/conslaplata.esteri.it\/it\/wp-json\/wp\/v2\/pages\/91\/revisions\/6309"}],"up":[{"embeddable":true,"href":"https:\/\/conslaplata.esteri.it\/it\/wp-json\/wp\/v2\/pages\/59"}],"wp:attachment":[{"href":"https:\/\/conslaplata.esteri.it\/it\/wp-json\/wp\/v2\/media?parent=91"}],"curies":[{"name":"wp","href":"https:\/\/api.w.org\/{rel}","templated":true}]}}