{"id":93,"date":"2023-04-03T19:30:19","date_gmt":"2023-04-03T17:30:19","guid":{"rendered":"https:\/\/consolatozurigo.esteri.it\/?page_id=93"},"modified":"2023-09-12T13:53:24","modified_gmt":"2023-09-12T16:53:24","slug":"pensioni-e-sicurezza-sociale","status":"publish","type":"page","link":"https:\/\/conslaplata.esteri.it\/it\/servizi-consolari-e-visti\/servizi-per-il-cittadino-italiano\/pensioni-e-sicurezza-sociale\/","title":{"rendered":"Pensioni e sicurezza sociale"},"content":{"rendered":"<p><span style=\"text-decoration: underline;\"><strong>Informazioni generali<\/strong><\/span><\/p>\n<p>La procedura per il perfezionamento delle pratiche di pensione in Convenzione italo-argentina viene effettuata gratuitamente attraverso gli Enti di Patronato (<a href=\"https:\/\/inps.it\/\"><strong>Portale INPS<\/strong><\/a>) riconosciuti dalla Legge italiana e non \u00e8 quindi necessario l\u2019intervento di avvocati, procuratori o intermediari.<\/p>\n<p>Per visualizzare l\u2019elenco dei patronati di questa circoscrizione Consolare, cliccare <a href=\"https:\/\/conslaplata.esteri.it\/wp-content\/uploads\/2023\/05\/PATRONATI-LA-PLATA.pdf\">qui<\/a>.<\/p>\n<p>&nbsp;<\/p>\n<p><span style=\"text-decoration: underline;\"><strong>Certificazioni ed altre attribuzioni consolari in materia pensionistica<\/strong><\/span><\/p>\n<ul>\n<li><strong>Certificati di esistenza in vita richiesti da Citibank<\/strong><br \/>\nPer il rilascio dei medesimi, l\u2019interessato dovr\u00e0 presentarsi munito DNI in corso di validit\u00e0 e dal formulario ricevuto via posta da Citibank (modello giallo) oppure da un facsimile inviato via mail dalla predetta banca.<\/li>\n<li><strong>Copia conforme all\u2019originale di documenti a fini pensionistici<\/strong><br \/>\nPer il rilascio di copie conformi all\u2019originale di documenti per uso pensione (fogli matricolari, libretti di pensione, atti di stato civile, ecc.) l\u2019interessato dovr\u00e0 presentarsi con l\u2019originale e la copia del documento da autenticare.<\/li>\n<li><strong>Autentica di firma su documenti a fini pensionistici<\/strong><br \/>\nAl fine di autenticare la firma \u00e8 necessario presentarsi munito di D.N.I. argentino in corso di validit\u00e0.<\/li>\n<li><strong>Attestati pensionistici<\/strong><br \/>\nAl fine di ottenere il rilascio di un attestato di titolarit\u00e0 di pensione italiana \u00e8 necessario presentarsi munito di D.N.I. argentino in corso di validit\u00e0.<br \/>\nAl fine di ottenere il rilascio di un attestato di discordanza anagrafica \u00e8 necessario presentarsi con l\u2019originale dei documenti discordanti.<\/li>\n<li><strong>Codice fiscale (solo per pratiche pensionistiche)<\/strong><br \/>\nAl fine di ottenere il codice fiscale \u00e8 necessario presentarsi, SENZA TURNO, munito di D.N.I. argentino in corso di validit\u00e0, una fotocopia e una fotocopia dell&#8217;atto di nascita.<\/li>\n<\/ul>\n<p>&nbsp;<\/p>\n<p><span style=\"text-decoration: underline;\"><strong>Delega alla riscossione della pensione<\/strong><\/span><\/p>\n<p><span style=\"text-decoration: underline;\">Al fine di poter effettuare una delega per la riscossione di pensione italiana il titolare di pensione dovr\u00e0 presentare:<\/span><\/p>\n<p>\u2022 <strong>Per Pensione INPS<\/strong><br \/>\nOriginale del D.N.I. argentino del titolare della pensione e fotocopia di quello della persona alla quale intende conferire la delega. Non \u00e8 necessaria la presenza della persona che verr\u00e0 delegata.<\/p>\n<p>\u2022 <strong>Per Pensione del Ministero dell\u2019Economia e delle Finanze<\/strong><br \/>\nOriginale del D.N.I. argentino del titolare della pensione e fotocopia di quello della persona alla quale intende conferire la delega; ricevuta di riscossione o lettera inviata dal Ministero dell\u2019Economia e delle Finanze dove risulti il numero della pensione. E\u2019 imprescindibile la presenza della persona che verr\u00e0 delegata<\/p>\n<p><strong><br \/>\n<span style=\"text-decoration: underline;\">Sollecito pagamento pensione<\/span><\/strong><\/p>\n<ul>\n<li>Per realizzare solleciti di pagamento della pensione, l\u2019interessato deve presentarsi munito di:<br \/>\nD.N.I. argentino in corso di validit\u00e0 con foto riconoscibile;<\/li>\n<li>fotocopia della lettera dell\u2019INPS o di un documento in cui sia indicato il numero completo della pensione;<\/li>\n<li>eventuali solleciti gi\u00e0 presentati tramite un ente di patronato.<\/li>\n<\/ul>\n<p><span style=\"text-decoration: underline;\"><strong>Visita Medico-Legale<\/strong><\/span><\/p>\n<p>La visita medico-legale del pensionato o dei familiari inabili a carico viene realizzata dai medici dell\u2019ANSES che comunicheranno direttamente il risultato all\u2019INPS. La visita pu\u00f2 essere effettuata dal medico di riferimento del Consolato solo su richiesta della competente Autorit\u00e0 italiana.<\/p>\n<p><strong>\u00a0<\/strong><\/p>\n","protected":false},"excerpt":{"rendered":"Informazioni generali La procedura per il perfezionamento delle pratiche di pensione in Convenzione italo-argentina viene effettuata gratuitamente attraverso gli Enti di Patronato (Portale INPS) riconosciuti dalla Legge italiana e non \u00e8 quindi necessario l\u2019intervento di avvocati, procuratori o intermediari. Per visualizzare l\u2019elenco dei patronati di questa circoscrizione Consolare, cliccare qui. &nbsp; Certificazioni ed altre attribuzioni [&hellip;]","protected":false},"author":1,"featured_media":0,"parent":59,"menu_order":11,"comment_status":"closed","ping_status":"closed","template":"","meta":{"footnotes":""},"class_list":["post-93","page","type-page","status-publish","hentry"],"_links":{"self":[{"href":"https:\/\/conslaplata.esteri.it\/it\/wp-json\/wp\/v2\/pages\/93","targetHints":{"allow":["GET"]}}],"collection":[{"href":"https:\/\/conslaplata.esteri.it\/it\/wp-json\/wp\/v2\/pages"}],"about":[{"href":"https:\/\/conslaplata.esteri.it\/it\/wp-json\/wp\/v2\/types\/page"}],"author":[{"embeddable":true,"href":"https:\/\/conslaplata.esteri.it\/it\/wp-json\/wp\/v2\/users\/1"}],"replies":[{"embeddable":true,"href":"https:\/\/conslaplata.esteri.it\/it\/wp-json\/wp\/v2\/comments?post=93"}],"version-history":[{"count":9,"href":"https:\/\/conslaplata.esteri.it\/it\/wp-json\/wp\/v2\/pages\/93\/revisions"}],"predecessor-version":[{"id":892,"href":"https:\/\/conslaplata.esteri.it\/it\/wp-json\/wp\/v2\/pages\/93\/revisions\/892"}],"up":[{"embeddable":true,"href":"https:\/\/conslaplata.esteri.it\/it\/wp-json\/wp\/v2\/pages\/59"}],"wp:attachment":[{"href":"https:\/\/conslaplata.esteri.it\/it\/wp-json\/wp\/v2\/media?parent=93"}],"curies":[{"name":"wp","href":"https:\/\/api.w.org\/{rel}","templated":true}]}}